{"id":12297,"date":"2025-07-23T09:33:18","date_gmt":"2025-07-23T02:33:18","guid":{"rendered":"https:\/\/thietbidienlama.com\/?post_type=product&#038;p=12297"},"modified":"2025-07-23T09:33:18","modified_gmt":"2025-07-23T02:33:18","slug":"o-cam-don-panasonic-wev1081h","status":"publish","type":"product","link":"https:\/\/thietbidienlama.com\/en\/o-cam-don-panasonic-wev1081h\/","title":{"rendered":"\u1ed4 C\u1eafm \u0110\u01a1n Panasonic WEV1081H\/WEV1081-7H D\u00f2ng Wide"},"content":{"rendered":"<h2 class=\"title-product hidden-xs\" style=\"text-align: center;\"><span style=\"color: #000000;\">\u1ed4 C\u1eafm \u0110\u01a1n Panasonic WEV1081H\/WEV1081-7H D\u00f2ng Wide<\/span><\/h2>\n<h3><span style=\"color: #000000;\"><img fetchpriority=\"high\" decoding=\"async\" class=\"wp-image-12299 aligncenter\" style=\"color: #333333; font-size: 16px;\" src=\"http:\/\/thietbidienlama.com\/wp-content\/uploads\/2025\/07\/o-cam-don-panasonic-wev1081h-wev1081-7h-300x300.jpg\" alt=\"\" width=\"300\" height=\"300\" srcset=\"https:\/\/thietbidienlama.com\/wp-content\/uploads\/2025\/07\/o-cam-don-panasonic-wev1081h-wev1081-7h-300x300.jpg 300w, https:\/\/thietbidienlama.com\/wp-content\/uploads\/2025\/07\/o-cam-don-panasonic-wev1081h-wev1081-7h-150x150.jpg 150w, https:\/\/thietbidienlama.com\/wp-content\/uploads\/2025\/07\/o-cam-don-panasonic-wev1081h-wev1081-7h-12x12.jpg 12w, https:\/\/thietbidienlama.com\/wp-content\/uploads\/2025\/07\/o-cam-don-panasonic-wev1081h-wev1081-7h.jpg 500w\" sizes=\"(max-width: 300px) 100vw, 300px\" \/><\/span><\/h3>\n<h3><span style=\"color: #000000;\"><strong>Th\u00f4ng tin \u1ed4 c\u1eafm \u0111\u01a1n Panasonic\u00a0<\/strong>\u00a0<strong>WEV1081H\/WEV1081-7H<\/strong><\/span><\/h3>\n<ul>\n<li><span style=\"color: #000000;\">D\u00f2ng s\u1ea3n ph\u1ea9m: Wide<\/span><\/li>\n<li><span style=\"color: #000000;\">\u1ed4 c\u1eafm \u0111\u01a1n c\u00f3 m\u00e0n che<\/span><\/li>\n<li><span style=\"color: #000000;\">Ngu\u1ed3n \u0111i\u1ec7n: 250VAC &#8211;\u00a016A<\/span><\/li>\n<li><span style=\"color: #000000;\">\u0110\u00f3ng g\u00f3i 10 c\u00e1i\/h\u1ed9p, 100 c\u00e1i\/th\u00f9ng<\/span><\/li>\n<li><span style=\"color: #000000;\">WEV1081H : C\u1eafm nhanh<\/span><\/li>\n<li><span style=\"color: #000000;\">WEV1081-7H : B\u1eaft v\u00edt<\/span><\/li>\n<\/ul>\n<p><img decoding=\"async\" class=\"size-medium wp-image-12298 aligncenter\" src=\"http:\/\/thietbidienlama.com\/wp-content\/uploads\/2025\/07\/o-cam-don-panasonic-wev1081h-300x300.jpg\" alt=\"\" width=\"300\" height=\"300\" srcset=\"https:\/\/thietbidienlama.com\/wp-content\/uploads\/2025\/07\/o-cam-don-panasonic-wev1081h-300x300.jpg 300w, https:\/\/thietbidienlama.com\/wp-content\/uploads\/2025\/07\/o-cam-don-panasonic-wev1081h-150x150.jpg 150w, https:\/\/thietbidienlama.com\/wp-content\/uploads\/2025\/07\/o-cam-don-panasonic-wev1081h-12x12.jpg 12w, https:\/\/thietbidienlama.com\/wp-content\/uploads\/2025\/07\/o-cam-don-panasonic-wev1081h.jpg 500w\" sizes=\"(max-width: 300px) 100vw, 300px\" \/><\/p>","protected":false},"excerpt":{"rendered":"<p>\u1ed4 C\u1eafm \u0110\u01a1n Panasonic WEV1081H\/WEV1081-7H D\u00f2ng Wide Th\u00f4ng tin \u1ed4 c\u1eafm \u0111\u01a1n Panasonic\u00a0\u00a0WEV1081H\/WEV1081-7H D\u00f2ng s\u1ea3n ph\u1ea9m: Wide \u1ed4 c\u1eafm \u0111\u01a1n<\/p>","protected":false},"featured_media":12299,"comment_status":"closed","ping_status":"closed","template":"","meta":[],"product_brand":[],"product_cat":[562,860],"product_tag":[],"class_list":{"0":"post-12297","1":"product","2":"type-product","3":"status-publish","4":"has-post-thumbnail","6":"product_cat-thiet-bi-dien-panasonic","7":"product_cat-o-cam-panasonic","9":"first","10":"instock","11":"sale","12":"shipping-taxable","13":"purchasable","14":"product-type-simple"},"_links":{"self":[{"href":"https:\/\/thietbidienlama.com\/en\/wp-json\/wp\/v2\/product\/12297","targetHints":{"allow":["GET"]}}],"collection":[{"href":"https:\/\/thietbidienlama.com\/en\/wp-json\/wp\/v2\/product"}],"about":[{"href":"https:\/\/thietbidienlama.com\/en\/wp-json\/wp\/v2\/types\/product"}],"replies":[{"embeddable":true,"href":"https:\/\/thietbidienlama.com\/en\/wp-json\/wp\/v2\/comments?post=12297"}],"version-history":[{"count":1,"href":"https:\/\/thietbidienlama.com\/en\/wp-json\/wp\/v2\/product\/12297\/revisions"}],"predecessor-version":[{"id":12300,"href":"https:\/\/thietbidienlama.com\/en\/wp-json\/wp\/v2\/product\/12297\/revisions\/12300"}],"wp:featuredmedia":[{"embeddable":true,"href":"https:\/\/thietbidienlama.com\/en\/wp-json\/wp\/v2\/media\/12299"}],"wp:attachment":[{"href":"https:\/\/thietbidienlama.com\/en\/wp-json\/wp\/v2\/media?parent=12297"}],"wp:term":[{"taxonomy":"product_brand","embeddable":true,"href":"https:\/\/thietbidienlama.com\/en\/wp-json\/wp\/v2\/product_brand?post=12297"},{"taxonomy":"product_cat","embeddable":true,"href":"https:\/\/thietbidienlama.com\/en\/wp-json\/wp\/v2\/product_cat?post=12297"},{"taxonomy":"product_tag","embeddable":true,"href":"https:\/\/thietbidienlama.com\/en\/wp-json\/wp\/v2\/product_tag?post=12297"}],"curies":[{"name":"wp","href":"https:\/\/api.w.org\/{rel}","templated":true}]}}