{"id":13051,"date":"2025-09-17T14:36:57","date_gmt":"2025-09-17T07:36:57","guid":{"rendered":"https:\/\/thietbidienlama.com\/?post_type=product&#038;p=13051"},"modified":"2025-09-23T14:27:47","modified_gmt":"2025-09-23T07:27:47","slug":"den-lon-trang-tri-nanoco-nsdl12w409040b54","status":"publish","type":"product","link":"https:\/\/thietbidienlama.com\/en\/den-lon-trang-tri-nanoco-nsdl12w409040b54\/","title":{"rendered":"\u0110\u00e8n Lon Trang Tr\u00ed Nanoco NSDL12W409040B54\/NSDL12W309040B54"},"content":{"rendered":"<h2 style=\"text-align: center;\">\u0110\u00e8n Lon Trang Tr\u00ed Nanoco NSDL12W409040B54\/NSDL12W309040B54<\/h2>\n<h3><span style=\"color: #000000;\">Chi ti\u1ebft s\u1ea3n ph\u1ea9m <\/span><span style=\"color: #ff6600;\"><a style=\"color: #ff6600;\" href=\"https:\/\/thietbidienlama.com\/den-lon-trang-tri-nanoco-nsdl12w409040b54\/\">NSDL12W409040B54<\/a><\/span> <span style=\"color: #000000;\">:<\/span><\/h3>\n<p><span style=\"color: #000000;\">C\u00f4ng su\u1ea5t: 12W<\/span><\/p>\n<p><span style=\"color: #000000;\">\u0110i\u1ec7n \u00e1p: 220Vac<\/span><\/p>\n<p><span style=\"color: #000000;\">Quang th\u00f4ng: 960lm<\/span><\/p>\n<p><span style=\"color: #000000;\">Nhi\u1ec7t \u0111\u1ed9 m\u00e0u: \u00c1nh s\u00e1ng v\u00e0ng 4000K\/3000K<\/span><\/p>\n<p><span style=\"color: #000000;\">Ch\u1ec9 s\u1ed1 ho\u00e0n m\u00e0u: Ra90<\/span><\/p>\n<p><span style=\"color: #000000;\">H\u1ec7 s\u1ed1 c\u00f4ng su\u1ea5t: PF 0.9<\/span><\/p>\n<p><span style=\"color: #000000;\">G\u00f3c chi\u1ebfu: 40\u00b0<\/span><\/p>\n<p><span style=\"color: #000000;\">Tu\u1ed5i th\u1ecd: 35.000 gi\u1edd<\/span><\/p>\n<p><span style=\"color: #000000;\">K\u00edch th\u01b0\u1edbc: \u00d875*H100<\/span><\/p>\n<p><span style=\"color: #000000;\">S\u1eed d\u1ee5ng Triac Dimmer<\/span><\/p>\n<p><span style=\"color: #000000;\">M\u00e0u th\u00e2n \u0111\u00e8n \/ ch\u00f3a ph\u1ea3n quang: \u0111en\/ \u0111en<\/span><\/p>\n<p><img fetchpriority=\"high\" decoding=\"async\" class=\"aligncenter wp-image-12695 size-medium\" src=\"http:\/\/thietbidienlama.com\/wp-content\/uploads\/2025\/02\/Den-Tru-NSDL12W309040B54-12W-3000K-Vo-Den-Nanoco-300x300.jpg\" alt=\"\u0111\u00e8n lon trang tr\u00ed\" width=\"300\" height=\"300\" srcset=\"https:\/\/thietbidienlama.com\/wp-content\/uploads\/2025\/02\/Den-Tru-NSDL12W309040B54-12W-3000K-Vo-Den-Nanoco-300x300.jpg 300w, https:\/\/thietbidienlama.com\/wp-content\/uploads\/2025\/02\/Den-Tru-NSDL12W309040B54-12W-3000K-Vo-Den-Nanoco-150x150.jpg 150w, https:\/\/thietbidienlama.com\/wp-content\/uploads\/2025\/02\/Den-Tru-NSDL12W309040B54-12W-3000K-Vo-Den-Nanoco-12x12.jpg 12w, https:\/\/thietbidienlama.com\/wp-content\/uploads\/2025\/02\/Den-Tru-NSDL12W309040B54-12W-3000K-Vo-Den-Nanoco.jpg 500w\" sizes=\"(max-width: 300px) 100vw, 300px\" \/><\/p>\n<p><span style=\"color: #000000; font-size: 12pt;\"><strong>S\u1ea3n Ph\u1ea9m T\u01b0\u01a1ng T\u1ef1:<\/strong><\/span><\/p>\n<p><a href=\"https:\/\/thietbidienlama.com\/den-lon-op-tran-euroto-ln-216-chong-choi\/\"><img decoding=\"async\" class=\"alignnone wp-image-11935 size-medium\" src=\"http:\/\/thietbidienlama.com\/wp-content\/uploads\/2025\/04\/den-lon-op-tran-300x300.jpg\" alt=\"Den Lon Op Tran\" width=\"300\" height=\"300\" srcset=\"https:\/\/thietbidienlama.com\/wp-content\/uploads\/2025\/04\/den-lon-op-tran-300x300.jpg 300w, https:\/\/thietbidienlama.com\/wp-content\/uploads\/2025\/04\/den-lon-op-tran-150x150.jpg 150w, https:\/\/thietbidienlama.com\/wp-content\/uploads\/2025\/04\/den-lon-op-tran-12x12.jpg 12w, https:\/\/thietbidienlama.com\/wp-content\/uploads\/2025\/04\/den-lon-op-tran.jpg 500w\" sizes=\"(max-width: 300px) 100vw, 300px\" \/><\/a> <a href=\"https:\/\/thietbidienlama.com\/den-lon-gan-tran-euroto-ln-172\/\"><img decoding=\"async\" class=\"alignnone size-medium wp-image-11939\" src=\"http:\/\/thietbidienlama.com\/wp-content\/uploads\/2025\/04\/den-lon-gan-tran-euroto-300x300.jpg\" alt=\"\" width=\"300\" height=\"300\" srcset=\"https:\/\/thietbidienlama.com\/wp-content\/uploads\/2025\/04\/den-lon-gan-tran-euroto-300x300.jpg 300w, https:\/\/thietbidienlama.com\/wp-content\/uploads\/2025\/04\/den-lon-gan-tran-euroto-150x150.jpg 150w, https:\/\/thietbidienlama.com\/wp-content\/uploads\/2025\/04\/den-lon-gan-tran-euroto-12x12.jpg 12w, https:\/\/thietbidienlama.com\/wp-content\/uploads\/2025\/04\/den-lon-gan-tran-euroto.jpg 500w\" sizes=\"(max-width: 300px) 100vw, 300px\" \/><\/a><\/p>\n<p><a href=\"https:\/\/thietbidienlama.com\/den-lon-noi-nanoco-nsdl12w309040w54\/\"><img loading=\"lazy\" decoding=\"async\" class=\"alignnone wp-image-12696 size-medium\" src=\"http:\/\/thietbidienlama.com\/wp-content\/uploads\/2025\/02\/Den-Tru-NSDL12W309040W54-12W-3000K-Vo-Trang-Nanoco-300x300.jpg\" alt=\"\" width=\"300\" height=\"300\" srcset=\"https:\/\/thietbidienlama.com\/wp-content\/uploads\/2025\/02\/Den-Tru-NSDL12W309040W54-12W-3000K-Vo-Trang-Nanoco-300x300.jpg 300w, https:\/\/thietbidienlama.com\/wp-content\/uploads\/2025\/02\/Den-Tru-NSDL12W309040W54-12W-3000K-Vo-Trang-Nanoco-150x150.jpg 150w, https:\/\/thietbidienlama.com\/wp-content\/uploads\/2025\/02\/Den-Tru-NSDL12W309040W54-12W-3000K-Vo-Trang-Nanoco-12x12.jpg 12w, https:\/\/thietbidienlama.com\/wp-content\/uploads\/2025\/02\/Den-Tru-NSDL12W309040W54-12W-3000K-Vo-Trang-Nanoco.jpg 500w\" sizes=\"(max-width: 300px) 100vw, 300px\" \/><\/a><\/p>\n<p><span style=\"color: #000000; font-size: 12pt;\"><strong><em><i>LI\u00caN H\u1ec6 :<\/i><\/em><\/strong><\/span><\/p>\n<p><span style=\"color: #000000; font-size: 12pt;\"><strong><b>Hotline: 0935 228 204 ( Ms Lam )<\/b><\/strong><\/span><\/p>\n<p><span style=\"color: #000000; font-size: 12pt;\"><strong><b>Facebook:<\/b><\/strong>\u00a0<span style=\"color: #ff6600;\"><a style=\"color: #ff6600;\" href=\"https:\/\/www.facebook.com\/thietbidienlama\" target=\"_blank\" rel=\"noopener\"><strong><b>THI\u1ebeT\u00a0B\u1eca \u0110I\u1ec6N LAMA<\/b><\/strong><\/a><\/span><\/span><\/p>\n<p><span style=\"color: #000000; font-size: 12pt;\"><strong><b>Tiktok:<\/b><\/strong>\u00a0<span style=\"color: #ff6600;\"><a style=\"color: #ff6600;\" href=\"https:\/\/www.tiktok.com\/@thietbidienlama\" target=\"_blank\" rel=\"noopener\"><strong><b>THI\u1ebeT\u00a0B\u1eca \u0110I\u1ec6N LAMA<\/b><\/strong><\/a><\/span><\/span><\/p>","protected":false},"excerpt":{"rendered":"<p>\u0110\u00e8n Lon Trang Tr\u00ed Nanoco NSDL12W409040B54\/NSDL12W309040B54 Chi ti\u1ebft s\u1ea3n ph\u1ea9m NSDL12W409040B54 : C\u00f4ng su\u1ea5t: 12W \u0110i\u1ec7n \u00e1p: 220Vac Quang th\u00f4ng:<\/p>","protected":false},"featured_media":12695,"comment_status":"closed","ping_status":"closed","template":"","meta":[],"product_brand":[],"product_cat":[846,869,866],"product_tag":[870,871],"class_list":{"0":"post-13051","1":"product","2":"type-product","3":"status-publish","4":"has-post-thumbnail","6":"product_cat-den-lon-trang-tri","7":"product_cat-den-lon-nanoco","8":"product_cat-thiet-bi-dien-nanoco","9":"product_tag-den-lon-noi","10":"product_tag-den-lon-trang-tri","12":"first","13":"instock","14":"sale","15":"shipping-taxable","16":"purchasable","17":"product-type-simple"},"_links":{"self":[{"href":"https:\/\/thietbidienlama.com\/en\/wp-json\/wp\/v2\/product\/13051","targetHints":{"allow":["GET"]}}],"collection":[{"href":"https:\/\/thietbidienlama.com\/en\/wp-json\/wp\/v2\/product"}],"about":[{"href":"https:\/\/thietbidienlama.com\/en\/wp-json\/wp\/v2\/types\/product"}],"replies":[{"embeddable":true,"href":"https:\/\/thietbidienlama.com\/en\/wp-json\/wp\/v2\/comments?post=13051"}],"version-history":[{"count":5,"href":"https:\/\/thietbidienlama.com\/en\/wp-json\/wp\/v2\/product\/13051\/revisions"}],"predecessor-version":[{"id":13094,"href":"https:\/\/thietbidienlama.com\/en\/wp-json\/wp\/v2\/product\/13051\/revisions\/13094"}],"wp:featuredmedia":[{"embeddable":true,"href":"https:\/\/thietbidienlama.com\/en\/wp-json\/wp\/v2\/media\/12695"}],"wp:attachment":[{"href":"https:\/\/thietbidienlama.com\/en\/wp-json\/wp\/v2\/media?parent=13051"}],"wp:term":[{"taxonomy":"product_brand","embeddable":true,"href":"https:\/\/thietbidienlama.com\/en\/wp-json\/wp\/v2\/product_brand?post=13051"},{"taxonomy":"product_cat","embeddable":true,"href":"https:\/\/thietbidienlama.com\/en\/wp-json\/wp\/v2\/product_cat?post=13051"},{"taxonomy":"product_tag","embeddable":true,"href":"https:\/\/thietbidienlama.com\/en\/wp-json\/wp\/v2\/product_tag?post=13051"}],"curies":[{"name":"wp","href":"https:\/\/api.w.org\/{rel}","templated":true}]}}