{"id":13299,"date":"2025-10-20T09:36:29","date_gmt":"2025-10-20T02:36:29","guid":{"rendered":"https:\/\/thietbidienlama.com\/?post_type=product&#038;p=13299"},"modified":"2025-10-22T14:02:04","modified_gmt":"2025-10-22T07:02:04","slug":"den-led-am-tran-panasonic-6w","status":"publish","type":"product","link":"https:\/\/thietbidienlama.com\/en\/den-led-am-tran-panasonic-6w\/","title":{"rendered":"\u0110\u00e8n Led \u00c2m Tr\u1ea7n Panasonic 6W Neo Slim \u0110\u01a1n S\u1eafc NNP7127"},"content":{"rendered":"<h2 style=\"text-align: center;\"><span style=\"color: #000000;\">\u0110\u00e8n Led \u00c2m Tr\u1ea7n Panasonic 6W Neo Slim \u0110\u01a1n S\u1eafc NNP7127<\/span><\/h2>\n<p class=\"Y3BBE\" data-hveid=\"CAMQAA\" data-complete=\"true\" data-processed=\"true\"><span style=\"font-size: 12pt; color: #000000;\"><span style=\"color: #ff6600;\"><a style=\"color: #ff6600;\" href=\"https:\/\/thietbidienlama.com\/den-led-am-tran-panasonic-6w\/\"><strong>\u0110\u00e8n LED \u00e2m tr\u1ea7n Panasonic\u00a06W<\/strong><\/a><\/span> Neo Slim \u0111\u01a1n s\u1eafc c\u00f3 m\u00e3 s\u1ea3n ph\u1ea9m ch\u00ednh l\u00e0 <strong class=\"Yjhzub\" data-complete=\"true\" data-processed=\"true\">NNP7127<\/strong>, thu\u1ed9c d\u00f2ng \u0111\u00e8n Downlight si\u00eau m\u1ecfng c\u1ee7a h\u00e3ng Panasonic. \u0110\u00e8n led \u00e2m tr\u1ea7n panasonic 6w c\u00f3 thi\u1ebft k\u1ebf tinh t\u1ebf, vi\u1ec1n cong \u00f4m s\u00e1t tr\u1ea7n, ph\u00f9 h\u1ee3p l\u1eafp \u0111\u1eb7t cho nhi\u1ec1u kh\u00f4ng gian n\u1ed9i th\u1ea5t, \u0111\u1eb7c bi\u1ec7t l\u00e0 c\u00e1c tr\u1ea7n th\u1ea1ch cao c\u00f3 kho\u1ea3ng c\u00e1ch h\u1eb9p.<\/span><\/p>\n<p class=\"Fsg96\" data-complete=\"true\" data-processed=\"true\"><img fetchpriority=\"high\" decoding=\"async\" class=\"alignnone size-medium wp-image-13300 aligncenter\" src=\"http:\/\/thietbidienlama.com\/wp-content\/uploads\/2025\/10\/Den-Led-Am-Tran-Panasonic-6W-Don-Sac-NNP7127-300x300.jpg\" alt=\"\" width=\"300\" height=\"300\" srcset=\"https:\/\/thietbidienlama.com\/wp-content\/uploads\/2025\/10\/Den-Led-Am-Tran-Panasonic-6W-Don-Sac-NNP7127-300x300.jpg 300w, https:\/\/thietbidienlama.com\/wp-content\/uploads\/2025\/10\/Den-Led-Am-Tran-Panasonic-6W-Don-Sac-NNP7127-150x150.jpg 150w, https:\/\/thietbidienlama.com\/wp-content\/uploads\/2025\/10\/Den-Led-Am-Tran-Panasonic-6W-Don-Sac-NNP7127-12x12.jpg 12w, https:\/\/thietbidienlama.com\/wp-content\/uploads\/2025\/10\/Den-Led-Am-Tran-Panasonic-6W-Don-Sac-NNP7127.jpg 500w\" sizes=\"(max-width: 300px) 100vw, 300px\" \/><\/p>\n<h3 class=\"AdPoic\" role=\"heading\" aria-level=\"3\" data-processed=\"true\" data-complete=\"true\"><span style=\"font-size: 14pt; color: #000000;\">Th\u00f4ng s\u1ed1 k\u1ef9 thu\u1eadt<\/span><\/h3>\n<p class=\"Y3BBE\" data-hveid=\"CAUQAA\" data-complete=\"true\" data-processed=\"true\"><span style=\"font-size: 12pt; color: #000000;\">C\u00e1c th\u00f4ng s\u1ed1 k\u1ef9 thu\u1eadt <strong>\u0110\u00e8n Led \u00c2m Tr\u1ea7n Panasonic 6W<\/strong> d\u01b0\u1edbi \u0111\u00e2y d\u1ef1a tr\u00ean th\u00f4ng tin t\u1eeb Si\u00eau th\u1ecb \u0111i\u1ec7n 24h.<\/span><\/p>\n<ul class=\"KsbFXc U6u95\" data-complete=\"true\" data-processed=\"true\">\n<li data-hveid=\"CAYQAA\" data-complete=\"true\" data-sae=\"\"><span class=\"T286Pc\" style=\"font-size: 12pt; color: #000000;\" data-sfc-cp=\"\" data-complete=\"true\"><strong class=\"Yjhzub\" data-complete=\"true\">C\u00f4ng su\u1ea5t:<\/strong>\u00a06W<\/span><\/li>\n<li data-hveid=\"CAYQAQ\" data-complete=\"true\" data-sae=\"\"><span class=\"T286Pc\" style=\"font-size: 12pt; color: #000000;\" data-sfc-cp=\"\" data-complete=\"true\"><strong class=\"Yjhzub\" data-complete=\"true\">Quang th\u00f4ng:<\/strong>\u00a0420 lumen<\/span><\/li>\n<li data-hveid=\"CAYQAg\" data-complete=\"true\" data-sae=\"\"><span class=\"T286Pc\" style=\"font-size: 12pt; color: #000000;\" data-sfc-cp=\"\" data-complete=\"true\"><strong class=\"Yjhzub\" data-complete=\"true\">K\u00edch th\u01b0\u1edbc:<\/strong><\/span>\n<ul class=\"KsbFXc U6u95\" data-complete=\"true\">\n<li data-hveid=\"CAYQAw\" data-complete=\"true\" data-sae=\"\"><span class=\"T286Pc\" style=\"font-size: 12pt; color: #000000;\" data-sfc-cp=\"\" data-complete=\"true\"><strong class=\"Yjhzub\" data-complete=\"true\">K\u00edch th\u01b0\u1edbc \u0111\u00e8n:<\/strong>\u00a0\u03a6120 x H30 mm<\/span><\/li>\n<li data-hveid=\"CAYQBA\" data-complete=\"true\" data-sae=\"\"><span class=\"T286Pc\" style=\"font-size: 12pt; color: #000000;\" data-sfc-cp=\"\" data-complete=\"true\"><strong class=\"Yjhzub\" data-complete=\"true\">K\u00edch th\u01b0\u1edbc l\u1ed7 kho\u00e9t:<\/strong>\u00a0\u03a6100 mm<\/span><\/li>\n<\/ul>\n<\/li>\n<li data-hveid=\"CAYQBQ\" data-complete=\"true\" data-sae=\"\"><span class=\"T286Pc\" style=\"font-size: 12pt; color: #000000;\" data-sfc-cp=\"\" data-complete=\"true\"><strong class=\"Yjhzub\" data-complete=\"true\">Nhi\u1ec7t \u0111\u1ed9 m\u00e0u:<\/strong><\/span>\n<ul class=\"KsbFXc U6u95\" data-complete=\"true\">\n<li data-hveid=\"CAYQBg\" data-complete=\"true\" data-sae=\"\"><span class=\"T286Pc\" style=\"font-size: 12pt; color: #000000;\" data-sfc-cp=\"\" data-complete=\"true\"><strong class=\"Yjhzub\" data-complete=\"true\">6500K:<\/strong>\u00a0\u00c1nh s\u00e1ng tr\u1eafng<\/span><\/li>\n<li data-hveid=\"CAYQBw\" data-complete=\"true\" data-sae=\"\"><span class=\"T286Pc\" style=\"font-size: 12pt; color: #000000;\" data-sfc-cp=\"\" data-complete=\"true\"><strong class=\"Yjhzub\" data-complete=\"true\">4000K:<\/strong>\u00a0\u00c1nh s\u00e1ng trung t\u00ednh<\/span><\/li>\n<li data-hveid=\"CAYQCA\" data-complete=\"true\" data-sae=\"\"><span class=\"T286Pc\" style=\"font-size: 12pt; color: #000000;\" data-sfc-cp=\"\" data-complete=\"true\"><strong class=\"Yjhzub\" data-complete=\"true\">3000K:<\/strong>\u00a0\u00c1nh s\u00e1ng v\u00e0ng<\/span><\/li>\n<\/ul>\n<\/li>\n<li data-hveid=\"CAYQCQ\" data-complete=\"true\" data-sae=\"\"><span class=\"T286Pc\" style=\"font-size: 12pt; color: #000000;\" data-sfc-cp=\"\" data-complete=\"true\"><strong class=\"Yjhzub\" data-complete=\"true\">\u0110i\u1ec7n \u00e1p:<\/strong>\u00a0220V<\/span><\/li>\n<li data-hveid=\"CAYQCg\" data-complete=\"true\" data-sae=\"\"><span class=\"T286Pc\" style=\"font-size: 12pt; color: #000000;\" data-sfc-cp=\"\" data-complete=\"true\"><strong class=\"Yjhzub\" data-complete=\"true\">Ch\u1ec9 s\u1ed1 ho\u00e0n m\u00e0u (CRI):<\/strong>\u00a0&gt;80, gi\u00fap t\u00e1i t\u1ea1o m\u00e0u s\u1eafc ch\u00e2n th\u1ef1c<\/span><\/li>\n<li data-hveid=\"CAYQCw\" data-complete=\"true\" data-sae=\"\"><span class=\"T286Pc\" style=\"font-size: 12pt; color: #000000;\" data-sfc-cp=\"\" data-complete=\"true\"><strong class=\"Yjhzub\" data-complete=\"true\">Tu\u1ed5i th\u1ecd:<\/strong>\u00a020.000 gi\u1edd, t\u01b0\u01a1ng \u0111\u01b0\u01a1ng kho\u1ea3ng 7 n\u0103m s\u1eed d\u1ee5ng<\/span><\/li>\n<li data-hveid=\"CAYQDA\" data-complete=\"true\" data-sae=\"\"><span style=\"font-size: 12pt; color: #000000;\"><span class=\"T286Pc\" data-sfc-cp=\"\" data-complete=\"true\"><strong class=\"Yjhzub\" data-complete=\"true\">Ch\u1ea5t li\u1ec7u:<\/strong>\u00a0V\u1ecf \u0111\u00e8n l\u00e0m t\u1eeb nh\u1ef1a cao c\u1ea5p v\u00e0 nh\u00f4m.<\/span><\/span><\/li>\n<\/ul>\n<h3 class=\"AdPoic\" role=\"heading\" aria-level=\"3\" data-complete=\"true\" data-processed=\"true\"><span style=\"font-size: 14pt; color: #000000;\">\u01afu \u0111i\u1ec3m n\u1ed5i b\u1eadt<\/span><\/h3>\n<ul class=\"KsbFXc U6u95\" data-complete=\"true\" data-processed=\"true\">\n<li data-hveid=\"CAkQAA\" data-complete=\"true\" data-sae=\"\"><span class=\"T286Pc\" style=\"font-size: 12pt; color: #000000;\" data-sfc-cp=\"\" data-complete=\"true\"><strong class=\"Yjhzub\" data-complete=\"true\">Thi\u1ebft k\u1ebf m\u1ecfng nh\u1eb9:<\/strong>\u00a0V\u1edbi chi\u1ec1u cao ch\u1ec9 30mm, \u0111\u00e8n ph\u00f9 h\u1ee3p v\u1edbi c\u00e1c lo\u1ea1i tr\u1ea7n th\u1ea5p, mang l\u1ea1i v\u1ebb \u0111\u1eb9p tinh t\u1ebf v\u00e0 hi\u1ec7n \u0111\u1ea1i.<\/span><\/li>\n<li data-hveid=\"CAkQAQ\" data-complete=\"true\" data-sae=\"\"><span class=\"T286Pc\" style=\"font-size: 12pt; color: #000000;\" data-sfc-cp=\"\" data-complete=\"true\"><strong class=\"Yjhzub\" data-complete=\"true\">Ti\u1ebft ki\u1ec7m \u0111i\u1ec7n n\u0103ng:<\/strong>\u00a0C\u00f4ng su\u1ea5t 6W nh\u01b0ng hi\u1ec7u su\u1ea5t ph\u00e1t s\u00e1ng cao, gi\u00fap ti\u1ebft ki\u1ec7m chi ph\u00ed \u0111i\u1ec7n \u0111\u00e1ng k\u1ec3.<\/span><\/li>\n<li data-hveid=\"CAkQAg\" data-complete=\"true\" data-sae=\"\"><span class=\"T286Pc\" style=\"font-size: 12pt; color: #000000;\" data-sfc-cp=\"\" data-complete=\"true\"><strong class=\"Yjhzub\" data-complete=\"true\">\u00c1nh s\u00e1ng \u00eam d\u1ecbu:<\/strong>\u00a0C\u01b0\u1eddng \u0111\u1ed9 \u00e1nh s\u00e1ng cao nh\u01b0ng kh\u00f4ng g\u00e2y ch\u00f3i m\u1eaft, c\u00f9ng v\u1edbi t\u00ednh n\u0103ng ch\u1ed1ng tia UV, b\u1ea3o v\u1ec7 m\u1eaft ng\u01b0\u1eddi d\u00f9ng.<\/span><\/li>\n<li data-hveid=\"CAkQAw\" data-complete=\"true\" data-sae=\"\"><span class=\"T286Pc\" style=\"font-size: 12pt; color: #000000;\" data-sfc-cp=\"\" data-complete=\"true\"><strong class=\"Yjhzub\" data-complete=\"true\">\u0110\u1ed9 b\u1ec1n cao:<\/strong>\u00a0Tu\u1ed5i th\u1ecd l\u00ean \u0111\u1ebfn 20.000 gi\u1edd, gi\u00fap b\u1ea1n y\u00ean t\u00e2m s\u1eed d\u1ee5ng l\u00e2u d\u00e0i m\u00e0 kh\u00f4ng c\u1ea7n thay th\u1ebf th\u01b0\u1eddng xuy\u00ean.<\/span><\/li>\n<li data-hveid=\"CAkQBA\" data-complete=\"true\" data-sae=\"\"><span class=\"T286Pc\" style=\"font-size: 12pt; color: #000000;\" data-sfc-cp=\"\" data-complete=\"true\"><strong class=\"Yjhzub\" data-complete=\"true\">L\u1eafp \u0111\u1eb7t d\u1ec5 d\u00e0ng:<\/strong>\u00a0Thi\u1ebft k\u1ebf vi\u1ec1n m\u1ecfng v\u00e0 g\u1ecdn nh\u1eb9 gi\u00fap vi\u1ec7c l\u1eafp \u0111\u1eb7t tr\u1edf n\u00ean \u0111\u01a1n gi\u1ea3n v\u00e0 nhanh ch\u00f3ng.<\/span><\/li>\n<li data-hveid=\"CAkQBQ\" data-complete=\"true\" data-sae=\"\"><span class=\"T286Pc\" style=\"font-size: 12pt; color: #000000;\" data-sfc-cp=\"\" data-complete=\"true\"><strong class=\"Yjhzub\" data-complete=\"true\">Ph\u00f9 h\u1ee3p nhi\u1ec1u kh\u00f4ng gian:<\/strong>\u00a0C\u00f3 th\u1ec3 l\u1eafp \u0111\u1eb7t cho ph\u00f2ng kh\u00e1ch, ph\u00f2ng ng\u1ee7, h\u00e0nh lang, kh\u00e1ch s\u1ea1n, v\u0103n ph\u00f2ng v\u00e0 c\u00e1c c\u0103n h\u1ed9 cao c\u1ea5p.<\/span><\/li>\n<\/ul>\n<p>&nbsp;<\/p>\n<p class=\"Y3BBE\" data-hveid=\"CAEICBAA\" data-complete=\"true\" data-processed=\"true\"><span style=\"font-size: 12pt; color: #000000;\"><strong>LI\u00caN H\u1ec6 : Hotline: 0935 228 204 ( Ms Lam )<\/strong><\/span><\/p>\n<p><span style=\"font-size: 12pt; color: #000000;\"><strong>Facebook:\u00a0<span style=\"color: #ff6600;\"><a style=\"color: #ff6600;\" href=\"https:\/\/www.facebook.com\/thietbidienlama\" target=\"_blank\" rel=\"noopener\">THI\u1ebeT\u00a0B\u1eca \u0110I\u1ec6N LAMA<\/a><\/span><\/strong><\/span><\/p>\n<p><span style=\"font-size: 12pt; color: #000000;\"><strong>Tiktok:\u00a0<span style=\"color: #ff6600;\"><a style=\"color: #ff6600;\" href=\"https:\/\/www.tiktok.com\/@thietbidienlama\" target=\"_blank\" rel=\"noopener\">THI\u1ebeT\u00a0B\u1eca \u0110I\u1ec6N LAMA<\/a><\/span><\/strong><\/span><\/p>","protected":false},"excerpt":{"rendered":"<p>\u0110\u00e8n Led \u00c2m Tr\u1ea7n Panasonic 6W Neo Slim \u0110\u01a1n S\u1eafc NNP7127 \u0110\u00e8n LED \u00e2m tr\u1ea7n Panasonic\u00a06W Neo Slim \u0111\u01a1n s\u1eafc<\/p>","protected":false},"featured_media":13300,"comment_status":"closed","ping_status":"closed","template":"","meta":[],"product_brand":[],"product_cat":[502,924,861,923,731],"product_tag":[922],"class_list":{"0":"post-13299","1":"product","2":"type-product","3":"status-publish","4":"has-post-thumbnail","6":"product_cat-den-chieu-sang","7":"product_cat-den-am-tran-panasonic","8":"product_cat-den-dowlight","9":"product_cat-den-panasonic","10":"product_cat-den-led-panasonic","11":"product_tag-den-led-am-tran-panasonic-6w","13":"first","14":"instock","15":"sale","16":"shipping-taxable","17":"purchasable","18":"product-type-simple"},"_links":{"self":[{"href":"https:\/\/thietbidienlama.com\/en\/wp-json\/wp\/v2\/product\/13299","targetHints":{"allow":["GET"]}}],"collection":[{"href":"https:\/\/thietbidienlama.com\/en\/wp-json\/wp\/v2\/product"}],"about":[{"href":"https:\/\/thietbidienlama.com\/en\/wp-json\/wp\/v2\/types\/product"}],"replies":[{"embeddable":true,"href":"https:\/\/thietbidienlama.com\/en\/wp-json\/wp\/v2\/comments?post=13299"}],"version-history":[{"count":4,"href":"https:\/\/thietbidienlama.com\/en\/wp-json\/wp\/v2\/product\/13299\/revisions"}],"predecessor-version":[{"id":13331,"href":"https:\/\/thietbidienlama.com\/en\/wp-json\/wp\/v2\/product\/13299\/revisions\/13331"}],"wp:featuredmedia":[{"embeddable":true,"href":"https:\/\/thietbidienlama.com\/en\/wp-json\/wp\/v2\/media\/13300"}],"wp:attachment":[{"href":"https:\/\/thietbidienlama.com\/en\/wp-json\/wp\/v2\/media?parent=13299"}],"wp:term":[{"taxonomy":"product_brand","embeddable":true,"href":"https:\/\/thietbidienlama.com\/en\/wp-json\/wp\/v2\/product_brand?post=13299"},{"taxonomy":"product_cat","embeddable":true,"href":"https:\/\/thietbidienlama.com\/en\/wp-json\/wp\/v2\/product_cat?post=13299"},{"taxonomy":"product_tag","embeddable":true,"href":"https:\/\/thietbidienlama.com\/en\/wp-json\/wp\/v2\/product_tag?post=13299"}],"curies":[{"name":"wp","href":"https:\/\/api.w.org\/{rel}","templated":true}]}}