{"id":13543,"date":"2025-11-12T13:49:15","date_gmt":"2025-11-12T06:49:15","guid":{"rendered":"https:\/\/thietbidienlama.com\/?post_type=product&#038;p=13543"},"modified":"2025-11-12T14:27:52","modified_gmt":"2025-11-12T07:27:52","slug":"mat-1-cong-tac-panasonic","status":"publish","type":"product","link":"https:\/\/thietbidienlama.com\/en\/mat-1-cong-tac-panasonic\/","title":{"rendered":"M\u1eb7t 1 C\u00f4ng T\u1eafc Panasonic WEV68010MH D\u00f2ng Wide M\u00e0u X\u00e1m \u00c1nh Kim"},"content":{"rendered":"<h2 style=\"text-align: center;\" data-hveid=\"CAIQAA\" data-complete=\"true\" data-processed=\"true\"><span style=\"color: #000000;\">M\u1eb7t 1 C\u00f4ng T\u1eafc Panasonic WEV68010MH D\u00f2ng Wide M\u00e0u X\u00e1m \u00c1nh Kim<\/span><\/h2>\n<p data-hveid=\"CAIQAA\" data-complete=\"true\" data-processed=\"true\"><span style=\"color: #000000; font-size: 12pt;\"><strong><span style=\"color: #ff6600;\"><a style=\"color: #ff6600;\" href=\"https:\/\/thietbidienlama.com\/mat-1-cong-tac-panasonic\/\">M\u1eb7t 1 c\u00f4ng t\u1eafc Panasonic<\/a><\/span><\/strong> WEV68010MH l\u00e0 lo\u1ea1i m\u1eb7t d\u00f9ng cho 1 thi\u1ebft b\u1ecb thu\u1ed9c d\u00f2ng s\u1ea3n ph\u1ea9m Wide Series (Refina), c\u00f3 m\u00e0u x\u00e1m \u00e1nh kim.<\/span><\/p>\n<p data-complete=\"true\" data-processed=\"true\"><img fetchpriority=\"high\" decoding=\"async\" class=\"aligncenter wp-image-12462 size-medium\" src=\"http:\/\/thietbidienlama.com\/wp-content\/uploads\/2025\/02\/Mat-1-Dong-Wide-Refina-Mau-Xam-Anh-Kim-WEV68010MH-Panasonic-300x300.jpg\" alt=\"M\u1eb7t 1 C\u00f4ng T\u1eafc Panasonic WEV68010MH D\u00f2ng Wide M\u00e0u X\u00e1m \u00c1nh Kim\" width=\"300\" height=\"300\" srcset=\"https:\/\/thietbidienlama.com\/wp-content\/uploads\/2025\/02\/Mat-1-Dong-Wide-Refina-Mau-Xam-Anh-Kim-WEV68010MH-Panasonic-300x300.jpg 300w, https:\/\/thietbidienlama.com\/wp-content\/uploads\/2025\/02\/Mat-1-Dong-Wide-Refina-Mau-Xam-Anh-Kim-WEV68010MH-Panasonic-150x150.jpg 150w, https:\/\/thietbidienlama.com\/wp-content\/uploads\/2025\/02\/Mat-1-Dong-Wide-Refina-Mau-Xam-Anh-Kim-WEV68010MH-Panasonic-12x12.jpg 12w, https:\/\/thietbidienlama.com\/wp-content\/uploads\/2025\/02\/Mat-1-Dong-Wide-Refina-Mau-Xam-Anh-Kim-WEV68010MH-Panasonic.jpg 510w\" sizes=\"(max-width: 300px) 100vw, 300px\" \/><\/p>\n<h3 role=\"heading\" aria-level=\"3\" data-processed=\"true\" data-complete=\"true\"><span style=\"color: #000000; font-size: 14pt;\">\u0110\u1eb7c \u0111i\u1ec3m ch\u00ednh:<\/span><\/h3>\n<ul data-complete=\"true\" data-processed=\"true\">\n<li data-hveid=\"CAQQAA\" data-complete=\"true\" data-sae=\"\"><span style=\"color: #000000; font-size: 12pt;\">M\u00e3 s\u1ea3n ph\u1ea9m:\u00a0WEV68010MH<\/span><\/li>\n<li data-hveid=\"CAQQAQ\" data-complete=\"true\" data-sae=\"\"><span style=\"color: #000000; font-size: 12pt;\">Lo\u1ea1i:\u00a0M\u1eb7t d\u00f9ng cho 1 thi\u1ebft b\u1ecb (1 gang &#8211; 1 device plate)<\/span><\/li>\n<li data-hveid=\"CAQQAg\" data-complete=\"true\" data-sae=\"\"><span style=\"color: #000000; font-size: 12pt;\">D\u00f2ng s\u1ea3n ph\u1ea9m:\u00a0Wide Series (hay c\u00f2n g\u1ecdi l\u00e0 Refina)<\/span><\/li>\n<li data-hveid=\"CAQQAw\" data-complete=\"true\" data-sae=\"\"><span style=\"color: #000000; font-size: 12pt;\">M\u00e0u s\u1eafc:\u00a0X\u00e1m \u00e1nh kim (Metallic Gray)<\/span><\/li>\n<li data-hveid=\"CAQQBA\" data-complete=\"true\" data-sae=\"\"><span style=\"color: #000000; font-size: 12pt;\">Ch\u1ea5t li\u1ec7u:\u00a0Nh\u1ef1a Urea Resin, c\u00f3 \u0111\u1ed9 b\u1ec1n cao<\/span><\/li>\n<li data-hveid=\"CAQQBQ\" data-complete=\"true\" data-sae=\"\"><span style=\"color: #000000; font-size: 12pt;\">K\u00edch th\u01b0\u1edbc:\u00a070 x 120 mm (r\u1ed9ng x cao)<\/span><\/li>\n<li data-hveid=\"CAQQBg\" data-complete=\"true\" data-sae=\"\"><span style=\"color: #000000; font-size: 12pt;\">L\u1eafp \u0111\u1eb7t:\u00a0Th\u01b0\u1eddng d\u00f9ng \u0111\u1ec3 l\u1eafp \u00e2m t\u01b0\u1eddng v\u1edbi \u0111\u1ebf ch\u1eef nh\u1eadt ti\u00eau chu\u1ea9n<\/span><\/li>\n<li data-hveid=\"CAQQBw\" data-complete=\"true\" data-sae=\"\"><span style=\"color: #000000; font-size: 12pt;\">Ti\u00eau chu\u1ea9n:\u00a0\u0110\u1ea1t ti\u00eau chu\u1ea9n IEC 60669, IEC 60884<\/span><\/li>\n<li data-hveid=\"CAQQCA\" data-complete=\"true\" data-sae=\"\"><span style=\"color: #000000; font-size: 12pt;\">\u0110\u00f3ng g\u00f3i:\u00a010 c\u00e1i\/h\u1ed9p, 100 c\u00e1i\/th\u00f9ng\u00a0<button tabindex=\"0\" data-amic=\"true\" data-icl-uuid=\"b3972dcc-36be-4acc-830f-f23cd18d19ed\" aria-label=\"Xem c\u00e1c \u0111\u01b0\u1eddng li\u00ean k\u1ebft c\u00f3 li\u00ean quan\" data-wiz-attrbind=\"disabled=Osiquf_1l_C5gNJc;class=Osiquf_1l_UpSNec;\" data-ved=\"2ahUKEwjk6Mz8geyQAxVElFYBHYU2BRAQye0OegQIBBAJ\"><\/button><\/span><\/li>\n<\/ul>\n<p data-hveid=\"CAUQAA\" data-complete=\"true\" data-processed=\"true\"><span style=\"color: #000000; font-size: 12pt;\">S\u1ea3n ph\u1ea9m n\u00e0y ch\u1ec9 bao g\u1ed3m ph\u1ea7n m\u1eb7t che, kh\u00f4ng bao g\u1ed3m thi\u1ebft b\u1ecb (c\u00f4ng t\u1eafc ho\u1eb7c \u1ed5 c\u1eafm) b\u00ean trong. N\u00f3 \u0111\u01b0\u1ee3c thi\u1ebft k\u1ebf \u0111\u1ec3 k\u1ebft h\u1ee3p v\u1edbi c\u00e1c h\u1ea1t c\u00f4ng t\u1eafc ho\u1eb7c \u1ed5 c\u1eafm \u0111\u01a1n (lo\u1ea1i to) c\u1ee7a d\u00f2ng Wide Series, mang l\u1ea1i v\u1ebb ngo\u00e0i sang tr\u1ecdng, hi\u1ec7n \u0111\u1ea1i cho kh\u00f4ng gian l\u1eafp \u0111\u1eb7t.<\/span><\/p>\n<p class=\"Y3BBE\" data-hveid=\"CAEICBAA\" data-complete=\"true\" data-processed=\"true\"><span style=\"font-size: 12pt; color: #000000;\"><strong>LI\u00caN H\u1ec6 : Hotline: 0935 228 204 ( Ms Lam )<\/strong><\/span><\/p>\n<p><span style=\"font-size: 12pt; color: #000000;\"><strong>Facebook:\u00a0<span style=\"color: #ff6600;\"><a style=\"color: #ff6600;\" href=\"https:\/\/www.facebook.com\/thietbidienlama\" target=\"_blank\" rel=\"noopener\">THI\u1ebeT\u00a0B\u1eca \u0110I\u1ec6N LAMA<\/a><\/span><\/strong><\/span><\/p>\n<p><span style=\"font-size: 12pt; color: #000000;\"><strong>Tiktok:\u00a0<span style=\"color: #ff6600;\"><a style=\"color: #ff6600;\" href=\"https:\/\/www.tiktok.com\/@thietbidienlama\" target=\"_blank\" rel=\"noopener\">THI\u1ebeT\u00a0B\u1eca \u0110I\u1ec6N LAMA<\/a><\/span><\/strong><\/span><\/p>","protected":false},"excerpt":{"rendered":"<p>M\u1eb7t 1 C\u00f4ng T\u1eafc Panasonic WEV68010MH D\u00f2ng Wide M\u00e0u X\u00e1m \u00c1nh Kim M\u1eb7t 1 c\u00f4ng t\u1eafc Panasonic WEV68010MH l\u00e0 lo\u1ea1i<\/p>","protected":false},"featured_media":12462,"comment_status":"closed","ping_status":"closed","template":"","meta":[],"product_brand":[],"product_cat":[911,954],"product_tag":[966],"class_list":{"0":"post-13543","1":"product","2":"type-product","3":"status-publish","4":"has-post-thumbnail","6":"product_cat-mat-panasonic","7":"product_cat-mat-cong-tac-panasonic","8":"product_tag-mat-1-cong-tac-panasonic","10":"first","11":"instock","12":"sale","13":"shipping-taxable","14":"purchasable","15":"product-type-simple"},"_links":{"self":[{"href":"https:\/\/thietbidienlama.com\/en\/wp-json\/wp\/v2\/product\/13543","targetHints":{"allow":["GET"]}}],"collection":[{"href":"https:\/\/thietbidienlama.com\/en\/wp-json\/wp\/v2\/product"}],"about":[{"href":"https:\/\/thietbidienlama.com\/en\/wp-json\/wp\/v2\/types\/product"}],"replies":[{"embeddable":true,"href":"https:\/\/thietbidienlama.com\/en\/wp-json\/wp\/v2\/comments?post=13543"}],"version-history":[{"count":3,"href":"https:\/\/thietbidienlama.com\/en\/wp-json\/wp\/v2\/product\/13543\/revisions"}],"predecessor-version":[{"id":13546,"href":"https:\/\/thietbidienlama.com\/en\/wp-json\/wp\/v2\/product\/13543\/revisions\/13546"}],"wp:featuredmedia":[{"embeddable":true,"href":"https:\/\/thietbidienlama.com\/en\/wp-json\/wp\/v2\/media\/12462"}],"wp:attachment":[{"href":"https:\/\/thietbidienlama.com\/en\/wp-json\/wp\/v2\/media?parent=13543"}],"wp:term":[{"taxonomy":"product_brand","embeddable":true,"href":"https:\/\/thietbidienlama.com\/en\/wp-json\/wp\/v2\/product_brand?post=13543"},{"taxonomy":"product_cat","embeddable":true,"href":"https:\/\/thietbidienlama.com\/en\/wp-json\/wp\/v2\/product_cat?post=13543"},{"taxonomy":"product_tag","embeddable":true,"href":"https:\/\/thietbidienlama.com\/en\/wp-json\/wp\/v2\/product_tag?post=13543"}],"curies":[{"name":"wp","href":"https:\/\/api.w.org\/{rel}","templated":true}]}}