{"id":14446,"date":"2026-04-20T09:18:44","date_gmt":"2026-04-20T02:18:44","guid":{"rendered":"https:\/\/thietbidienlama.com\/?post_type=product&#038;p=14446"},"modified":"2026-04-21T12:38:08","modified_gmt":"2026-04-21T05:38:08","slug":"den-vuong-op-tran-tran-vien-15w-nanoco","status":"publish","type":"product","link":"https:\/\/thietbidienlama.com\/en\/den-vuong-op-tran-tran-vien-15w-nanoco\/","title":{"rendered":"\u0110\u00e8n Vu\u00f4ng \u1ed0p Tr\u1ea7n Tr\u00e0n Vi\u1ec1n 15W Nanoco"},"content":{"rendered":"<h1 style=\"text-align: center;\" data-sfc-root=\"c\" data-hveid=\"CAEIARAA\" data-processed=\"true\" data-complete=\"true\"><span style=\"font-family: 'times new roman', times, serif; font-size: 18pt; color: #000000;\">\u0110\u00e8n Vu\u00f4ng \u1ed0p Tr\u1ea7n Tr\u00e0n Vi\u1ec1n 15W Nanoco<\/span><\/h1>\n<div data-sfc-cp=\"\" data-sfc-root=\"c\" data-sfc-cb=\"\" data-hveid=\"CAEIARAA\" data-processed=\"true\" data-complete=\"true\"><span style=\"font-family: 'times new roman', times, serif; font-size: 14pt; color: #000000;\">D\u00f2ng s\u1ea3n ph\u1ea9m trong \u1ea3nh l\u00e0\u00a0\u0110\u00e8n Vu\u00f4ng \u1ed0p Tr\u1ea7n Tr\u00e0n Vi\u1ec1n 15W thu\u1ed9c d\u00f2ng Nancy Series <strong><span style=\"color: #ff6600;\"><a style=\"color: #ff6600;\" href=\"https:\/\/thietbidienlama.com\/den-tran-nanoco\/\">\u0110\u00e8n \u1ed0p Tr\u1ea7n<\/a><\/span><\/strong> c\u1ee7a Nanoco. So v\u1edbi m\u1eabu 22W tr\u00f2n tr\u01b0\u1edbc \u0111\u00f3, m\u1eabu n\u00e0y c\u00f3 thi\u1ebft k\u1ebf vu\u00f4ng v\u1eafn v\u00e0 c\u00f4ng su\u1ea5t nh\u1ecf h\u01a1n, ph\u00f9 h\u1ee3p cho c\u00e1c kh\u00f4ng gian di\u1ec7n t\u00edch v\u1eeba ph\u1ea3i.<\/span><\/div>\n<div data-sfc-cp=\"\" data-sfc-root=\"c\" data-sfc-cb=\"\" data-hveid=\"CAEIARAA\" data-processed=\"true\" data-complete=\"true\">\n<div id=\"attachment_14448\" style=\"width: 610px\" class=\"wp-caption aligncenter\"><img fetchpriority=\"high\" decoding=\"async\" aria-describedby=\"caption-attachment-14448\" class=\"wp-image-14448 size-full\" src=\"http:\/\/thietbidienlama.com\/wp-content\/uploads\/2026\/04\/Den-Vuong-Op-Tran-Tran-Vien-15W-Nanoco.png\" alt=\"\u0110\u00e8n Vu\u00f4ng \u1ed0p Tr\u1ea7n Tr\u00e0n Vi\u1ec1n 15W Nanoco\" width=\"600\" height=\"600\" srcset=\"https:\/\/thietbidienlama.com\/wp-content\/uploads\/2026\/04\/Den-Vuong-Op-Tran-Tran-Vien-15W-Nanoco.png 600w, https:\/\/thietbidienlama.com\/wp-content\/uploads\/2026\/04\/Den-Vuong-Op-Tran-Tran-Vien-15W-Nanoco-300x300.png 300w, https:\/\/thietbidienlama.com\/wp-content\/uploads\/2026\/04\/Den-Vuong-Op-Tran-Tran-Vien-15W-Nanoco-150x150.png 150w, https:\/\/thietbidienlama.com\/wp-content\/uploads\/2026\/04\/Den-Vuong-Op-Tran-Tran-Vien-15W-Nanoco-12x12.png 12w\" sizes=\"(max-width: 600px) 100vw, 600px\" \/><p id=\"caption-attachment-14448\" class=\"wp-caption-text\">\u00a0 \u00a0 \u00a0 \u00a0 \u00a0 \u00a0 \u00a0 \u00a0 \u00a0 \u00a0 \u00a0 \u00a0 \u00a0 \u00a0 \u00a0 \u00a0 \u00a0 \u00a0 \u00a0 \u00a0 \u0110\u00e8n Vu\u00f4ng \u1ed0p Tr\u1ea7n Tr\u00e0n Vi\u1ec1n 15W Nanoco<\/p><\/div>\n<\/div>\n<div data-sfc-cp=\"\" data-sfc-root=\"c\" data-sfc-cb=\"\" data-hveid=\"CAEIAhAA\" data-complete=\"true\" data-processed=\"true\"><span style=\"font-family: 'times new roman', times, serif; font-size: 14pt; color: #000000;\">D\u01b0\u1edbi \u0111\u00e2y l\u00e0 th\u00f4ng s\u1ed1 k\u1ef9 thu\u1eadt chi ti\u1ebft:<\/span><\/div>\n<h2 role=\"heading\" aria-level=\"3\" data-sfc-root=\"c\" data-complete=\"true\" data-processed=\"true\"><span style=\"font-family: 'times new roman', times, serif; font-size: 18pt; color: #ff6600;\">Th\u00f4ng s\u1ed1 k\u1ef9 thu\u1eadt<\/span><\/h2>\n<ul data-sfc-root=\"c\" data-sfc-cb=\"\" data-complete=\"true\" data-processed=\"true\">\n<li data-sfc-root=\"c\" data-sfc-cb=\"\" data-hveid=\"CAEIBBAA\" data-complete=\"true\" data-sae=\"\"><span style=\"font-family: 'times new roman', times, serif; font-size: 14pt; color: #000000;\">C\u00f4ng su\u1ea5t:\u00a015W &#8211; Ti\u1ebft ki\u1ec7m \u0111i\u1ec7n n\u0103ng t\u1ed1i \u01b0u.<\/span><\/li>\n<li data-sfc-root=\"c\" data-sfc-cb=\"\" data-hveid=\"CAEIBBAB\" data-complete=\"true\" data-sae=\"\"><span style=\"font-family: 'times new roman', times, serif; font-size: 14pt; color: #000000;\">K\u00edch th\u01b0\u1edbc:\u00a0170 x 170 x 38 (mm).<\/span><\/li>\n<li data-sfc-root=\"c\" data-sfc-cb=\"\" data-hveid=\"CAEIBBAC\" data-complete=\"true\" data-sae=\"\"><span style=\"font-family: 'times new roman', times, serif; font-size: 14pt; color: #000000;\">Quang th\u00f4ng:\u00a01.350 Lm (Hi\u1ec7u su\u1ea5t 90 Lm\/W, cho \u00e1nh s\u00e1ng r\u1ea5t s\u00e1ng so v\u1edbi c\u00f4ng su\u1ea5t).<\/span><\/li>\n<li data-sfc-root=\"c\" data-sfc-cb=\"\" data-hveid=\"CAEIBBAD\" data-complete=\"true\" data-sae=\"\"><span style=\"font-family: 'times new roman', times, serif; font-size: 14pt; color: #000000;\">\u0110i\u1ec7n \u00e1p:\u00a0220V\/50Hz.<\/span><\/li>\n<li data-sfc-root=\"c\" data-sfc-cb=\"\" data-hveid=\"CAEIBBAE\" data-complete=\"true\" data-sae=\"\"><span style=\"font-family: 'times new roman', times, serif; font-size: 14pt; color: #000000;\">G\u00f3c chi\u1ebfu:\u00a0120\u00b0 (thi\u1ebft k\u1ebf tr\u00e0n vi\u1ec1n gi\u00fap \u00e1nh s\u00e1ng t\u1ecfa r\u1ed9ng sang c\u1ea3 hai b\u00ean h\u00f4ng \u0111\u00e8n).<\/span><\/li>\n<li data-sfc-root=\"c\" data-sfc-cb=\"\" data-hveid=\"CAEIBBAF\" data-complete=\"true\" data-sae=\"\"><span style=\"font-family: 'times new roman', times, serif; font-size: 14pt; color: #000000;\">Ch\u1ea5t li\u1ec7u: Th\u00e2n \u0111\u00e8n b\u1eb1ng nh\u1ef1a ABS cao c\u1ea5p, m\u1eb7t \u0111\u00e8n nh\u1ef1a PS khu\u1ebfch t\u00e1n \u00e1nh s\u00e1ng \u0111\u1ec1u.<\/span><\/li>\n<\/ul>\n<h2 role=\"heading\" aria-level=\"3\" data-sfc-root=\"c\" data-complete=\"true\" data-processed=\"true\"><span style=\"font-family: 'times new roman', times, serif; font-size: 18pt; color: #ff6600;\">C\u00e1c m\u00e3 m\u00e0u \u00e1nh s\u00e1ng<\/span><\/h2>\n<ul data-sfc-root=\"c\" data-sfc-cb=\"\" data-complete=\"true\" data-processed=\"true\">\n<li data-sfc-root=\"c\" data-sfc-cb=\"\" data-hveid=\"CAEIBhAA\" data-complete=\"true\" data-sae=\"\"><span style=\"font-family: 'times new roman', times, serif; font-size: 14pt; color: #000000;\">NRP1561S:\u00a0\u00c1nh s\u00e1ng Tr\u1eafng (6500K).<\/span><\/li>\n<li data-sfc-root=\"c\" data-sfc-cb=\"\" data-hveid=\"CAEIBhAB\" data-complete=\"true\" data-sae=\"\"><span style=\"font-family: 'times new roman', times, serif; font-size: 14pt; color: #000000;\">NRP1541S:\u00a0\u00c1nh s\u00e1ng Trung t\u00ednh (4000K).<\/span><\/li>\n<li data-sfc-root=\"c\" data-sfc-cb=\"\" data-hveid=\"CAEIBhAC\" data-complete=\"true\" data-sae=\"\"><span style=\"font-family: 'times new roman', times, serif; font-size: 14pt; color: #000000;\">NRP1531S: \u00c1nh s\u00e1ng V\u00e0ng (3000K).<\/span><\/li>\n<\/ul>\n<div id=\"attachment_14449\" style=\"width: 610px\" class=\"wp-caption aligncenter\"><img decoding=\"async\" aria-describedby=\"caption-attachment-14449\" class=\"wp-image-14449 size-full\" src=\"http:\/\/thietbidienlama.com\/wp-content\/uploads\/2026\/04\/Den-Vuong-Op-Tran-Tran-Vien-3000k-4000k-6500k.png\" alt=\"\u0110\u00e8n Vu\u00f4ng \u1ed0p Tr\u1ea7n Tr\u00e0n Vi\u1ec1n 3000k 4000k 6500k\" width=\"600\" height=\"600\" srcset=\"https:\/\/thietbidienlama.com\/wp-content\/uploads\/2026\/04\/Den-Vuong-Op-Tran-Tran-Vien-3000k-4000k-6500k.png 600w, https:\/\/thietbidienlama.com\/wp-content\/uploads\/2026\/04\/Den-Vuong-Op-Tran-Tran-Vien-3000k-4000k-6500k-300x300.png 300w, https:\/\/thietbidienlama.com\/wp-content\/uploads\/2026\/04\/Den-Vuong-Op-Tran-Tran-Vien-3000k-4000k-6500k-150x150.png 150w, https:\/\/thietbidienlama.com\/wp-content\/uploads\/2026\/04\/Den-Vuong-Op-Tran-Tran-Vien-3000k-4000k-6500k-12x12.png 12w\" sizes=\"(max-width: 600px) 100vw, 600px\" \/><p id=\"caption-attachment-14449\" class=\"wp-caption-text\">\u00a0 \u00a0 \u00a0 \u00a0 \u00a0 \u00a0 \u00a0 \u00a0 \u00a0 \u00a0 \u00a0 \u00a0 \u00a0 \u00a0 \u00a0 \u00a0 \u00a0 \u0110\u00e8n Vu\u00f4ng \u1ed0p Tr\u1ea7n Tr\u00e0n Vi\u1ec1n 3000k 4000k 6500k<\/p><\/div>\n<h2 role=\"heading\" aria-level=\"3\" data-sfc-root=\"c\" data-complete=\"true\" data-processed=\"true\"><span style=\"font-family: 'times new roman', times, serif; font-size: 18pt; color: #ff6600;\">\u0110\u1eb7c \u0111i\u1ec3m n\u1ed5i b\u1eadt<\/span><\/h2>\n<ul data-sfc-root=\"c\" data-sfc-cb=\"\" data-complete=\"true\" data-processed=\"true\">\n<li data-sfc-root=\"c\" data-sfc-cb=\"\" data-hveid=\"CAEICBAA\" data-complete=\"true\" data-sae=\"\"><span style=\"font-family: 'times new roman', times, serif; font-size: 14pt; color: #000000;\">Thi\u1ebft k\u1ebf vu\u00f4ng tr\u00e0n vi\u1ec1n:\u00a0T\u1ea1o s\u1ef1 kh\u1ecfe kho\u1eafn, hi\u1ec7n \u0111\u1ea1i cho tr\u1ea7n nh\u00e0, \u0111\u1eb7c bi\u1ec7t ph\u00f9 h\u1ee3p v\u1edbi c\u00e1c kh\u00f4ng gian c\u00f3 \u0111\u01b0\u1eddng n\u00e9t ki\u1ebfn tr\u00fac vu\u00f4ng v\u1ee9c.<\/span><\/li>\n<li data-sfc-root=\"c\" data-sfc-cb=\"\" data-hveid=\"CAEICBAB\" data-complete=\"true\" data-sae=\"\"><span style=\"font-family: 'times new roman', times, serif; font-size: 14pt; color: #000000;\">Ch\u1ec9 s\u1ed1 b\u1ea3o v\u1ec7 IP54:\u00a0Ch\u1ed1ng b\u1ee5i v\u00e0 c\u00f4n tr\u00f9ng, ch\u1ed1ng \u1ea9m t\u1ed1t, l\u1eafp \u0111\u01b0\u1ee3c cho c\u1ea3 nh\u00e0 v\u1ec7 sinh ho\u1eb7c ban c\u00f4ng c\u00f3 m\u00e1i che.<\/span><\/li>\n<li data-sfc-root=\"c\" data-sfc-cb=\"\" data-hveid=\"CAEICBAC\" data-complete=\"true\" data-sae=\"\"><span style=\"font-family: 'times new roman', times, serif; font-size: 14pt; color: #000000;\">Tu\u1ed5i th\u1ecd cao: 25.000 gi\u1edd s\u1eed d\u1ee5ng b\u1ec1n b\u1ec9.<\/span><\/li>\n<\/ul>\n<div data-sfc-cp=\"\" data-sfc-root=\"c\" data-sfc-cb=\"\" data-hveid=\"CAEIChAA\" data-complete=\"true\" data-processed=\"true\" aria-owns=\"action-menu-parent-container\"><span style=\"font-family: 'times new roman', times, serif; font-size: 14pt; color: #000000;\">M\u1eabu 15W n\u00e0y r\u1ea5t l\u00fd t\u01b0\u1edfng \u0111\u1ec3 l\u1eafp cho\u00a0h\u00e0nh lang, ph\u00f2ng t\u1eafm ho\u1eb7c ban c\u00f4ng\u00a0chung c\u01b0.<\/span><\/div>\n<div data-sfc-cp=\"\" data-sfc-root=\"c\" data-sfc-cb=\"\" data-hveid=\"CAEIChAA\" data-complete=\"true\" data-processed=\"true\" aria-owns=\"action-menu-parent-container\">\n<p><span style=\"font-family: 'times new roman', times, serif; font-size: 14pt; color: #000000;\"><strong>Facebook:\u00a0<span style=\"color: #ff6600;\"><a style=\"color: #ff6600;\" href=\"https:\/\/www.facebook.com\/thietbidienlama\" target=\"_blank\" rel=\"noopener\">THI\u1ebeT\u00a0B\u1eca \u0110I\u1ec6N LAMA<\/a><\/span><\/strong><\/span><\/p>\n<p><span style=\"font-family: 'times new roman', times, serif; font-size: 14pt; color: #000000;\"><strong>Tiktok:\u00a0<span style=\"color: #ff6600;\"><a style=\"color: #ff6600;\" href=\"https:\/\/www.tiktok.com\/@thietbidienlama\" target=\"_blank\" rel=\"noopener\">THI\u1ebeT\u00a0B\u1eca \u0110I\u1ec6N LAMA<\/a><\/span><\/strong><\/span><\/p>\n<p><span style=\"font-family: 'times new roman', times, serif; font-size: 14pt; color: #000000;\"><strong>Youtube:\u00a0<span style=\"color: #ff6600;\"><a style=\"color: #ff6600;\" href=\"https:\/\/www.youtube.com\/@thietbidienlama\" target=\"_blank\" rel=\"noopener\">THI\u1ebeT\u00a0B\u1eca \u0110I\u1ec6N LAMA<\/a><\/span><\/strong><\/span><\/p>\n<\/div>","protected":false},"excerpt":{"rendered":"<p>\u0110\u00e8n Vu\u00f4ng \u1ed0p Tr\u1ea7n Tr\u00e0n Vi\u1ec1n 15W Nanoco D\u00f2ng s\u1ea3n ph\u1ea9m trong \u1ea3nh l\u00e0\u00a0\u0110\u00e8n Vu\u00f4ng \u1ed0p Tr\u1ea7n Tr\u00e0n Vi\u1ec1n 15W<\/p>","protected":false},"featured_media":14448,"comment_status":"closed","ping_status":"closed","template":"","meta":[],"product_brand":[],"product_cat":[851,1069,872],"product_tag":[890],"class_list":{"0":"post-14446","1":"product","2":"type-product","3":"status-publish","4":"has-post-thumbnail","6":"product_cat-den-tran-phong-khach","7":"product_cat-den-op-tran","8":"product_cat-den-tran-nanoco","9":"product_tag-den-vuong-op-tran","11":"first","12":"instock","13":"sale","14":"shipping-taxable","15":"purchasable","16":"product-type-simple"},"_links":{"self":[{"href":"https:\/\/thietbidienlama.com\/en\/wp-json\/wp\/v2\/product\/14446","targetHints":{"allow":["GET"]}}],"collection":[{"href":"https:\/\/thietbidienlama.com\/en\/wp-json\/wp\/v2\/product"}],"about":[{"href":"https:\/\/thietbidienlama.com\/en\/wp-json\/wp\/v2\/types\/product"}],"replies":[{"embeddable":true,"href":"https:\/\/thietbidienlama.com\/en\/wp-json\/wp\/v2\/comments?post=14446"}],"version-history":[{"count":1,"href":"https:\/\/thietbidienlama.com\/en\/wp-json\/wp\/v2\/product\/14446\/revisions"}],"predecessor-version":[{"id":14450,"href":"https:\/\/thietbidienlama.com\/en\/wp-json\/wp\/v2\/product\/14446\/revisions\/14450"}],"wp:featuredmedia":[{"embeddable":true,"href":"https:\/\/thietbidienlama.com\/en\/wp-json\/wp\/v2\/media\/14448"}],"wp:attachment":[{"href":"https:\/\/thietbidienlama.com\/en\/wp-json\/wp\/v2\/media?parent=14446"}],"wp:term":[{"taxonomy":"product_brand","embeddable":true,"href":"https:\/\/thietbidienlama.com\/en\/wp-json\/wp\/v2\/product_brand?post=14446"},{"taxonomy":"product_cat","embeddable":true,"href":"https:\/\/thietbidienlama.com\/en\/wp-json\/wp\/v2\/product_cat?post=14446"},{"taxonomy":"product_tag","embeddable":true,"href":"https:\/\/thietbidienlama.com\/en\/wp-json\/wp\/v2\/product_tag?post=14446"}],"curies":[{"name":"wp","href":"https:\/\/api.w.org\/{rel}","templated":true}]}}