{"id":14483,"date":"2026-04-20T13:18:10","date_gmt":"2026-04-20T06:18:10","guid":{"rendered":"https:\/\/thietbidienlama.com\/?post_type=product&#038;p=14483"},"modified":"2026-04-21T12:37:36","modified_gmt":"2026-04-21T05:37:36","slug":"den-op-tran-ban-cong-tron-noi-12w-nanoco","status":"publish","type":"product","link":"https:\/\/thietbidienlama.com\/en\/den-op-tran-ban-cong-tron-noi-12w-nanoco\/","title":{"rendered":"\u0110\u00e8n \u1ed0p Tr\u1ea7n Ban C\u00f4ng Tr\u00f2n N\u1ed5i 12W Nanoco"},"content":{"rendered":"<h1 style=\"text-align: center;\" data-sfc-root=\"c\" data-hveid=\"CAEIARAA\" data-complete=\"true\" data-processed=\"true\"><span style=\"font-family: 'times new roman', times, serif; font-size: 18pt; color: #000000;\">\u0110\u00e8n \u1ed0p Tr\u1ea7n Ban C\u00f4ng Tr\u00f2n N\u1ed5i 12W Nanoco<\/span><\/h1>\n<div data-sfc-cp=\"\" data-sfc-root=\"c\" data-sfc-cb=\"\" data-hveid=\"CAEIARAA\" data-complete=\"true\" data-processed=\"true\"><span style=\"font-family: 'times new roman', times, serif; font-size: 14pt; color: #000000;\"><strong><span style=\"color: #ff6600;\"><a style=\"color: #ff6600;\" href=\"https:\/\/thietbidienlama.com\/den-tran-nanoco\/\">\u0110\u00e8n \u1ed0p Tr\u1ea7n Ban C\u00f4ng<\/a><\/span><\/strong> N\u1ed5i Tr\u00f2n 12W c\u1ee7a Nanoco. \u0110\u00e2y l\u00e0 d\u00f2ng \u0111\u00e8n \u1ed1p n\u1ed5i ti\u00eau chu\u1ea9n (kh\u00f4ng ph\u1ea3i tr\u00e0n vi\u1ec1n), r\u1ea5t ph\u1ed5 bi\u1ebfn cho ban c\u00f4ng, h\u00e0nh lang nh\u1edd thi\u1ebft k\u1ebf g\u1ecdn g\u00e0ng v\u00e0 gi\u00e1 th\u00e0nh h\u1ee3p l\u00fd.<\/span><\/div>\n<div data-sfc-cp=\"\" data-sfc-root=\"c\" data-sfc-cb=\"\" data-hveid=\"CAEIARAA\" data-complete=\"true\" data-processed=\"true\">\n<div id=\"attachment_14485\" style=\"width: 610px\" class=\"wp-caption aligncenter\"><img fetchpriority=\"high\" decoding=\"async\" aria-describedby=\"caption-attachment-14485\" class=\"wp-image-14485 size-full\" src=\"http:\/\/thietbidienlama.com\/wp-content\/uploads\/2026\/04\/Den-Op-Tran-Ban-Cong-Tron-Noi-12W-Nanoco.jpg\" alt=\"\u0110\u00e8n \u1ed0p Tr\u1ea7n Ban C\u00f4ng Tr\u00f2n N\u1ed5i 12W Nanoco\" width=\"600\" height=\"600\" srcset=\"https:\/\/thietbidienlama.com\/wp-content\/uploads\/2026\/04\/Den-Op-Tran-Ban-Cong-Tron-Noi-12W-Nanoco.jpg 600w, https:\/\/thietbidienlama.com\/wp-content\/uploads\/2026\/04\/Den-Op-Tran-Ban-Cong-Tron-Noi-12W-Nanoco-300x300.jpg 300w, https:\/\/thietbidienlama.com\/wp-content\/uploads\/2026\/04\/Den-Op-Tran-Ban-Cong-Tron-Noi-12W-Nanoco-150x150.jpg 150w, https:\/\/thietbidienlama.com\/wp-content\/uploads\/2026\/04\/Den-Op-Tran-Ban-Cong-Tron-Noi-12W-Nanoco-12x12.jpg 12w\" sizes=\"(max-width: 600px) 100vw, 600px\" \/><p id=\"caption-attachment-14485\" class=\"wp-caption-text\">\u00a0 \u00a0 \u00a0 \u00a0 \u00a0 \u00a0 \u00a0 \u00a0 \u00a0 \u00a0 \u00a0 \u00a0 \u00a0 \u00a0 \u00a0 \u00a0 \u00a0 \u00a0 \u00a0\u0110\u00e8n \u1ed0p Tr\u1ea7n Ban C\u00f4ng Tr\u00f2n N\u1ed5i 12W Nanoco<\/p><\/div>\n<\/div>\n<div data-sfc-cp=\"\" data-sfc-root=\"c\" data-sfc-cb=\"\" data-hveid=\"CAEIAhAA\" data-complete=\"true\" data-processed=\"true\"><span style=\"font-family: 'times new roman', times, serif; font-size: 14pt; color: #000000;\">D\u01b0\u1edbi \u0111\u00e2y l\u00e0 chi ti\u1ebft k\u1ef9 thu\u1eadt t\u1eeb h\u00ecnh \u1ea3nh:<\/span><\/div>\n<h2 role=\"heading\" aria-level=\"3\" data-sfc-root=\"c\" data-complete=\"true\" data-processed=\"true\"><span style=\"font-family: 'times new roman', times, serif; font-size: 18pt; color: #ff6600;\">1. Th\u00f4ng s\u1ed1 \u0110\u00e8n \u1ed0p Tr\u1ea7n Ban C\u00f4ng<\/span><\/h2>\n<ul data-sfc-root=\"c\" data-sfc-cb=\"\" data-complete=\"true\" data-processed=\"true\">\n<li data-sfc-root=\"c\" data-sfc-cb=\"\" data-hveid=\"CAEIBBAA\" data-complete=\"true\" data-sae=\"\"><span style=\"font-family: 'times new roman', times, serif; font-size: 14pt; color: #000000;\">C\u00f4ng su\u1ea5t:\u00a012W.<\/span><\/li>\n<li data-sfc-root=\"c\" data-sfc-cb=\"\" data-hveid=\"CAEIBBAB\" data-complete=\"true\" data-sae=\"\"><span style=\"font-family: 'times new roman', times, serif; font-size: 14pt; color: #000000;\">\u0110i\u1ec7n \u00e1p:\u00a0220V.<\/span><\/li>\n<li data-sfc-root=\"c\" data-sfc-cb=\"\" data-hveid=\"CAEIBBAC\" data-complete=\"true\" data-sae=\"\"><span style=\"font-family: 'times new roman', times, serif; font-size: 14pt; color: #000000;\">K\u00edch th\u01b0\u1edbc:\u00a0\u0110\u01b0\u1eddng k\u00ednh \u03a6164mm, chi\u1ec1u cao H30mm (kh\u00e1 m\u1ecfng, \u00e1p s\u00e1t tr\u1ea7n).<\/span><\/li>\n<li data-sfc-root=\"c\" data-sfc-cb=\"\" data-hveid=\"CAEIBBAD\" data-complete=\"true\" data-sae=\"\"><span style=\"font-family: 'times new roman', times, serif; font-size: 14pt; color: #000000;\">Quang th\u00f4ng:\u00a0T\u1eeb 800 Lm \u0111\u1ebfn 840 Lm (t\u00f9y m\u00e0u \u00e1nh s\u00e1ng).<\/span><\/li>\n<li data-sfc-root=\"c\" data-sfc-cb=\"\" data-hveid=\"CAEIBBAE\" data-complete=\"true\" data-sae=\"\"><span style=\"font-family: 'times new roman', times, serif; font-size: 14pt; color: #000000;\">Gi\u00e1 ni\u00eam y\u1ebft: 222.000 VN\u0110 (ch\u01b0a chi\u1ebft kh\u1ea5u).<\/span><\/li>\n<\/ul>\n<h2 role=\"heading\" aria-level=\"3\" data-sfc-root=\"c\" data-complete=\"true\" data-processed=\"true\"><span style=\"font-family: 'times new roman', times, serif; font-size: 18pt; color: #ff6600;\">2. Ph\u00e2n lo\u1ea1i theo m\u00e0u v\u1ecf v\u00e0 \u00e1nh s\u00e1ng<\/span><\/h2>\n<div data-sfc-cp=\"\" data-sfc-root=\"c\" data-sfc-cb=\"\" data-hveid=\"CAEIBhAA\" data-processed=\"true\" data-complete=\"true\"><span style=\"font-family: 'times new roman', times, serif; font-size: 14pt; color: #000000;\">D\u00f2ng n\u00e0y c\u00f3 hai l\u1ef1a ch\u1ecdn m\u00e0u vi\u1ec1n \u0111\u00e8n (v\u1ecf) \u0111\u1ec3 b\u1ea1n ph\u1ed1i v\u1edbi m\u00e0u tr\u1ea7n:<\/span><\/div>\n<ul data-sfc-root=\"c\" data-sfc-cb=\"\" data-complete=\"true\" data-processed=\"true\">\n<li data-sfc-root=\"c\" data-sfc-cb=\"\" data-hveid=\"CAEIBxAA\" data-complete=\"true\" data-sae=\"\"><span style=\"font-family: 'times new roman', times, serif; font-size: 14pt; color: #000000;\">Vi\u1ec1n Tr\u1eafng:\u00a0C\u00e1c m\u00e3 NPL126R, NPL124R, NPL123R.<\/span><\/li>\n<li data-sfc-root=\"c\" data-sfc-cb=\"\" data-hveid=\"CAEIBxAB\" data-complete=\"true\" data-sae=\"\"><span style=\"font-family: 'times new roman', times, serif; font-size: 14pt; color: #000000;\">Vi\u1ec1n \u0110en (RB): C\u00e1c m\u00e3 NPL126RB, NPL124RB, NPL123RB (ph\u00f9 h\u1ee3p cho phong c\u00e1ch ki\u1ebfn tr\u00fac m\u1ea1nh m\u1ebd, hi\u1ec7n \u0111\u1ea1i).<\/span><\/li>\n<\/ul>\n<div data-sfc-cp=\"\" data-sfc-root=\"c\" data-sfc-cb=\"\" data-hveid=\"CAEICBAA\" data-processed=\"true\" data-complete=\"true\"><span style=\"font-family: 'times new roman', times, serif; font-size: 14pt; color: #000000;\">C\u00e1c l\u1ef1a ch\u1ecdn \u00e1nh s\u00e1ng:<\/span><\/div>\n<ul data-sfc-root=\"c\" data-sfc-cb=\"\" data-complete=\"true\" data-processed=\"true\">\n<li data-sfc-root=\"c\" data-sfc-cb=\"\" data-hveid=\"CAEICRAA\" data-complete=\"true\" data-sae=\"\"><span style=\"font-family: 'times new roman', times, serif; font-size: 14pt; color: #000000;\">6500K:\u00a0\u00c1nh s\u00e1ng tr\u1eafng (m\u00e3 &#8230;6R\/RB).<\/span><\/li>\n<li data-sfc-root=\"c\" data-sfc-cb=\"\" data-hveid=\"CAEICRAB\" data-complete=\"true\" data-sae=\"\"><span style=\"font-family: 'times new roman', times, serif; font-size: 14pt; color: #000000;\">4000K:\u00a0\u00c1nh s\u00e1ng trung t\u00ednh (m\u00e3 &#8230;4R\/RB).<\/span><\/li>\n<li data-sfc-root=\"c\" data-sfc-cb=\"\" data-hveid=\"CAEICRAC\" data-complete=\"true\" data-sae=\"\"><span style=\"font-family: 'times new roman', times, serif; font-size: 14pt; color: #000000;\">3000K: \u00c1nh s\u00e1ng v\u00e0ng (m\u00e3 &#8230;3R\/RB).<\/span><\/li>\n<\/ul>\n<div id=\"attachment_14484\" style=\"width: 610px\" class=\"wp-caption aligncenter\"><img decoding=\"async\" aria-describedby=\"caption-attachment-14484\" class=\"wp-image-14484 size-full\" src=\"http:\/\/thietbidienlama.com\/wp-content\/uploads\/2026\/04\/Den-Op-Tran-Ban-Cong-Tron-Noi-12W-3000k-4000k-6500k-Nanoco.jpg\" alt=\"\u0110\u00e8n \u1ed0p Tr\u1ea7n Ban C\u00f4ng Tr\u00f2n N\u1ed5i 12W 3000k 4000k 6500k Nanoco\" width=\"600\" height=\"600\" srcset=\"https:\/\/thietbidienlama.com\/wp-content\/uploads\/2026\/04\/Den-Op-Tran-Ban-Cong-Tron-Noi-12W-3000k-4000k-6500k-Nanoco.jpg 600w, https:\/\/thietbidienlama.com\/wp-content\/uploads\/2026\/04\/Den-Op-Tran-Ban-Cong-Tron-Noi-12W-3000k-4000k-6500k-Nanoco-300x300.jpg 300w, https:\/\/thietbidienlama.com\/wp-content\/uploads\/2026\/04\/Den-Op-Tran-Ban-Cong-Tron-Noi-12W-3000k-4000k-6500k-Nanoco-150x150.jpg 150w, https:\/\/thietbidienlama.com\/wp-content\/uploads\/2026\/04\/Den-Op-Tran-Ban-Cong-Tron-Noi-12W-3000k-4000k-6500k-Nanoco-12x12.jpg 12w\" sizes=\"(max-width: 600px) 100vw, 600px\" \/><p id=\"caption-attachment-14484\" class=\"wp-caption-text\">\u00a0 \u00a0 \u00a0 \u00a0 \u00a0 \u00a0 \u00a0 \u00a0 \u00a0 \u00a0 \u0110\u00e8n \u1ed0p Tr\u1ea7n Ban C\u00f4ng Tr\u00f2n N\u1ed5i 12W 3000k 4000k 6500k Nanoco<\/p><\/div>\n<h2 role=\"heading\" aria-level=\"3\" data-sfc-root=\"c\" data-complete=\"true\" data-processed=\"true\"><span style=\"font-family: 'times new roman', times, serif; font-size: 18pt; color: #ff6600;\">3. T\u1ea1i sao m\u1eabu n\u00e0y h\u1ee3p cho ban c\u00f4ng?<\/span><\/h2>\n<ul class=\"KsbFXc U6u95\" data-sfc-root=\"c\" data-sfc-cb=\"\" data-complete=\"true\" data-processed=\"true\">\n<li data-sfc-root=\"c\" data-sfc-cb=\"\" data-hveid=\"CAEICxAA\" data-complete=\"true\" data-sae=\"\"><span style=\"font-family: 'times new roman', times, serif; font-size: 14pt; color: #000000;\">Thi\u1ebft k\u1ebf k\u00edn:\u00a0H\u1ea1n ch\u1ebf b\u1ee5i b\u1ea9n v\u00e0 c\u00f4n tr\u00f9ng x\u00e2m nh\u1eadp v\u00e0o b\u00ean trong \u0111\u00e8n.<\/span><\/li>\n<li data-sfc-root=\"c\" data-sfc-cb=\"\" data-hveid=\"CAEICxAB\" data-complete=\"true\" data-sae=\"\"><span style=\"font-family: 'times new roman', times, serif; font-size: 14pt; color: #000000;\">G\u00f3c chi\u1ebfu r\u1ed9ng:\u00a0Cho \u00e1nh s\u00e1ng t\u1ecfa \u0111\u1ec1u khu v\u1ef1c ban c\u00f4ng ho\u1eb7c l\u1ed1i \u0111i.<\/span><\/li>\n<li class=\"dF3vjf\" data-sfc-root=\"c\" data-sfc-cb=\"\" data-hveid=\"CAEICxAC\" data-complete=\"true\" data-sae=\"\"><span style=\"font-family: 'times new roman', times, serif; font-size: 14pt; color: #000000;\">L\u1eafp \u0111\u1eb7t linh ho\u1ea1t: Ph\u00f9 h\u1ee3p cho c\u1ea3 tr\u1ea7n b\u00ea t\u00f4ng v\u00e0 tr\u1ea7n th\u1ea1ch cao m\u00e0 kh\u00f4ng c\u1ea7n kho\u00e9t l\u1ed7.<\/span><\/li>\n<\/ul>\n<p><span style=\"font-family: 'times new roman', times, serif; font-size: 14pt; color: #000000;\"><strong>Facebook:\u00a0<span style=\"color: #ff6600;\"><a style=\"color: #ff6600;\" href=\"https:\/\/www.facebook.com\/thietbidienlama\" target=\"_blank\" rel=\"noopener\">THI\u1ebeT\u00a0B\u1eca \u0110I\u1ec6N LAMA<\/a><\/span><\/strong><\/span><\/p>\n<p><span style=\"font-family: 'times new roman', times, serif; font-size: 14pt; color: #000000;\"><strong>Tiktok:\u00a0<span style=\"color: #ff6600;\"><a style=\"color: #ff6600;\" href=\"https:\/\/www.tiktok.com\/@thietbidienlama\" target=\"_blank\" rel=\"noopener\">THI\u1ebeT\u00a0B\u1eca \u0110I\u1ec6N LAMA<\/a><\/span><\/strong><\/span><\/p>\n<p><span style=\"font-family: 'times new roman', times, serif; font-size: 14pt; color: #000000;\"><strong>Youtube:\u00a0<span style=\"color: #ff6600;\"><a style=\"color: #ff6600;\" href=\"https:\/\/www.youtube.com\/@thietbidienlama\" target=\"_blank\" rel=\"noopener\">THI\u1ebeT\u00a0B\u1eca \u0110I\u1ec6N LAMA<\/a><\/span><\/strong><\/span><\/p>","protected":false},"excerpt":{"rendered":"<p>\u0110\u00e8n \u1ed0p Tr\u1ea7n Ban C\u00f4ng Tr\u00f2n N\u1ed5i 12W Nanoco \u0110\u00e8n \u1ed0p Tr\u1ea7n Ban C\u00f4ng N\u1ed5i Tr\u00f2n 12W c\u1ee7a Nanoco. \u0110\u00e2y<\/p>","protected":false},"featured_media":14485,"comment_status":"closed","ping_status":"closed","template":"","meta":[],"product_brand":[],"product_cat":[1069,872],"product_tag":[1074],"class_list":{"0":"post-14483","1":"product","2":"type-product","3":"status-publish","4":"has-post-thumbnail","6":"product_cat-den-op-tran","7":"product_cat-den-tran-nanoco","8":"product_tag-den-op-tran-ban-cong","10":"first","11":"instock","12":"sale","13":"shipping-taxable","14":"purchasable","15":"product-type-simple"},"_links":{"self":[{"href":"https:\/\/thietbidienlama.com\/en\/wp-json\/wp\/v2\/product\/14483","targetHints":{"allow":["GET"]}}],"collection":[{"href":"https:\/\/thietbidienlama.com\/en\/wp-json\/wp\/v2\/product"}],"about":[{"href":"https:\/\/thietbidienlama.com\/en\/wp-json\/wp\/v2\/types\/product"}],"replies":[{"embeddable":true,"href":"https:\/\/thietbidienlama.com\/en\/wp-json\/wp\/v2\/comments?post=14483"}],"version-history":[{"count":1,"href":"https:\/\/thietbidienlama.com\/en\/wp-json\/wp\/v2\/product\/14483\/revisions"}],"predecessor-version":[{"id":14486,"href":"https:\/\/thietbidienlama.com\/en\/wp-json\/wp\/v2\/product\/14483\/revisions\/14486"}],"wp:featuredmedia":[{"embeddable":true,"href":"https:\/\/thietbidienlama.com\/en\/wp-json\/wp\/v2\/media\/14485"}],"wp:attachment":[{"href":"https:\/\/thietbidienlama.com\/en\/wp-json\/wp\/v2\/media?parent=14483"}],"wp:term":[{"taxonomy":"product_brand","embeddable":true,"href":"https:\/\/thietbidienlama.com\/en\/wp-json\/wp\/v2\/product_brand?post=14483"},{"taxonomy":"product_cat","embeddable":true,"href":"https:\/\/thietbidienlama.com\/en\/wp-json\/wp\/v2\/product_cat?post=14483"},{"taxonomy":"product_tag","embeddable":true,"href":"https:\/\/thietbidienlama.com\/en\/wp-json\/wp\/v2\/product_tag?post=14483"}],"curies":[{"name":"wp","href":"https:\/\/api.w.org\/{rel}","templated":true}]}}