{"id":14487,"date":"2026-04-20T14:56:26","date_gmt":"2026-04-20T07:56:26","guid":{"rendered":"https:\/\/thietbidienlama.com\/?post_type=product&#038;p=14487"},"modified":"2026-04-21T12:37:21","modified_gmt":"2026-04-21T05:37:21","slug":"den-ban-cong-op-noi-18w-nanoco","status":"publish","type":"product","link":"https:\/\/thietbidienlama.com\/en\/den-ban-cong-op-noi-18w-nanoco\/","title":{"rendered":"\u0110\u00e8n Ban C\u00f4ng \u1ed0p N\u1ed5i 18W Nanoco"},"content":{"rendered":"<h1 style=\"text-align: center;\" data-sfc-root=\"c\" data-hveid=\"CAEIARAA\" data-complete=\"true\" data-processed=\"true\"><span style=\"font-family: 'times new roman', times, serif; font-size: 18pt; color: #000000;\">\u0110\u00e8n Ban C\u00f4ng \u1ed0p N\u1ed5i 18W Nanoco<\/span><\/h1>\n<div data-sfc-cp=\"\" data-sfc-root=\"c\" data-sfc-cb=\"\" data-hveid=\"CAEIARAA\" data-complete=\"true\" data-processed=\"true\"><span style=\"font-family: 'times new roman', times, serif; font-size: 14pt; color: #000000;\">D\u00f2ng <strong><span style=\"color: #ff6600;\"><a style=\"color: #ff6600;\" href=\"https:\/\/thietbidienlama.com\/den-tran-nanoco\/\">\u0110\u00e8n Ban C\u00f4ng<\/a><\/span><\/strong> \u1ed0p Tr\u1ea7n N\u1ed5i Tr\u00f2n 18W c\u1ee7a Nanoco. \u0110\u00e2y l\u00e0 phi\u00ean b\u1ea3n c\u00f4ng su\u1ea5t trung b\u00ecnh, r\u1ea5t \u0111\u01b0\u1ee3c \u01b0a chu\u1ed9ng cho ban c\u00f4ng di\u1ec7n t\u00edch t\u1eeb 4-6 <\/span><span style=\"font-family: 'times new roman', times, serif; font-size: 14pt; color: #000000;\">ho\u1eb7c c\u00e1c s\u1ea3nh h\u00e0nh lang.<\/span><\/div>\n<div data-sfc-cp=\"\" data-sfc-root=\"c\" data-sfc-cb=\"\" data-hveid=\"CAEIARAA\" data-complete=\"true\" data-processed=\"true\">\n<div id=\"attachment_14489\" style=\"width: 610px\" class=\"wp-caption aligncenter\"><img fetchpriority=\"high\" decoding=\"async\" aria-describedby=\"caption-attachment-14489\" class=\"wp-image-14489 size-full\" src=\"http:\/\/thietbidienlama.com\/wp-content\/uploads\/2026\/04\/Den-Op-Tran-Ban-Cong-Tron-Noi-18W-Nanoco.jpg\" alt=\"\u0110\u00e8n \u1ed0p Tr\u1ea7n Ban C\u00f4ng Tr\u00f2n N\u1ed5i 18W Nanoco\" width=\"600\" height=\"600\" srcset=\"https:\/\/thietbidienlama.com\/wp-content\/uploads\/2026\/04\/Den-Op-Tran-Ban-Cong-Tron-Noi-18W-Nanoco.jpg 600w, https:\/\/thietbidienlama.com\/wp-content\/uploads\/2026\/04\/Den-Op-Tran-Ban-Cong-Tron-Noi-18W-Nanoco-300x300.jpg 300w, https:\/\/thietbidienlama.com\/wp-content\/uploads\/2026\/04\/Den-Op-Tran-Ban-Cong-Tron-Noi-18W-Nanoco-150x150.jpg 150w, https:\/\/thietbidienlama.com\/wp-content\/uploads\/2026\/04\/Den-Op-Tran-Ban-Cong-Tron-Noi-18W-Nanoco-12x12.jpg 12w\" sizes=\"(max-width: 600px) 100vw, 600px\" \/><p id=\"caption-attachment-14489\" class=\"wp-caption-text\">\u0110\u00e8n \u1ed0p Tr\u1ea7n Ban C\u00f4ng Tr\u00f2n N\u1ed5i 18W Nanoco<\/p><\/div>\n<\/div>\n<div data-sfc-cp=\"\" data-sfc-root=\"c\" data-sfc-cb=\"\" data-hveid=\"CAEIAhAA\" data-complete=\"true\" data-processed=\"true\"><span style=\"font-family: 'times new roman', times, serif; font-size: 14pt; color: #000000;\">D\u01b0\u1edbi \u0111\u00e2y l\u00e0 chi ti\u1ebft k\u1ef9 thu\u1eadt t\u1eeb h\u00ecnh \u1ea3nh:<\/span><\/div>\n<h2 role=\"heading\" aria-level=\"3\" data-sfc-root=\"c\" data-complete=\"true\" data-processed=\"true\"><span style=\"font-family: 'times new roman', times, serif; font-size: 18pt; color: #ff6600;\">1. Th\u00f4ng s\u1ed1 k\u1ef9 thu\u1eadt \u0110\u00e8n Ban C\u00f4ng<\/span><\/h2>\n<ul data-sfc-root=\"c\" data-sfc-cb=\"\" data-complete=\"true\" data-processed=\"true\">\n<li data-sfc-root=\"c\" data-sfc-cb=\"\" data-hveid=\"CAEIBBAA\" data-complete=\"true\" data-sae=\"\"><span style=\"font-family: 'times new roman', times, serif; font-size: 14pt; color: #000000;\">C\u00f4ng su\u1ea5t:\u00a018W.<\/span><\/li>\n<li data-sfc-root=\"c\" data-sfc-cb=\"\" data-hveid=\"CAEIBBAB\" data-complete=\"true\" data-sae=\"\"><span style=\"font-family: 'times new roman', times, serif; font-size: 14pt; color: #000000;\">\u0110i\u1ec7n \u00e1p:\u00a0220V.<\/span><\/li>\n<li data-sfc-root=\"c\" data-sfc-cb=\"\" data-hveid=\"CAEIBBAC\" data-complete=\"true\" data-sae=\"\"><span style=\"font-family: 'times new roman', times, serif; font-size: 14pt; color: #000000;\">K\u00edch th\u01b0\u1edbc:\u00a0\u0110\u01b0\u1eddng k\u00ednh\u00a0\u03a6214mm, chi\u1ec1u cao\u00a0H30mm\u00a0(thi\u1ebft k\u1ebf d\u1ea1ng \u0111\u0129a m\u1ecfng \u00e1p s\u00e1t tr\u1ea7n r\u1ea5t g\u1ecdn).<\/span><\/li>\n<li data-sfc-root=\"c\" data-sfc-cb=\"\" data-hveid=\"CAEIBBAD\" data-complete=\"true\" data-sae=\"\"><span style=\"font-family: 'times new roman', times, serif; font-size: 14pt; color: #000000;\">Quang th\u00f4ng:\u00a0T\u1eeb\u00a01.170 Lm \u0111\u1ebfn 1.300 Lm\u00a0(t\u00f9y m\u00e0u \u00e1nh s\u00e1ng).<\/span><\/li>\n<li data-sfc-root=\"c\" data-sfc-cb=\"\" data-hveid=\"CAEIBBAE\" data-complete=\"true\" data-sae=\"\"><span style=\"font-family: 'times new roman', times, serif; font-size: 14pt; color: #000000;\">\u0110\u00f3ng g\u00f3i: 20 b\u1ed9\/th\u00f9ng.<\/span><\/li>\n<\/ul>\n<h2 role=\"heading\" aria-level=\"3\" data-sfc-root=\"c\" data-complete=\"true\" data-processed=\"true\"><span style=\"font-family: 'times new roman', times, serif; font-size: 18pt; color: #ff6600;\">2. Ph\u00e2n lo\u1ea1i m\u00e3 h\u00e0ng<\/span><\/h2>\n<div data-sfc-cp=\"\" data-sfc-root=\"c\" data-sfc-cb=\"\" data-hveid=\"CAEIBhAA\" data-complete=\"true\" data-processed=\"true\"><strong><span style=\"font-family: 'times new roman', times, serif; font-size: 14pt; color: #000000;\">B\u1ea1n c\u00f3 th\u1ec3 l\u1ef1a ch\u1ecdn d\u1ef1a tr\u00ean m\u00e0u v\u1ecf \u0111\u00e8n \u0111\u1ec3 ph\u00f9 h\u1ee3p v\u1edbi ki\u1ebfn tr\u00fac:<\/span><\/strong><\/div>\n<ul data-sfc-root=\"c\" data-sfc-cb=\"\" data-complete=\"true\" data-processed=\"true\">\n<li data-sfc-root=\"c\" data-sfc-cb=\"\" data-hveid=\"CAEIBxAA\" data-complete=\"true\" data-sae=\"\"><span style=\"font-family: 'times new roman', times, serif; font-size: 14pt; color: #000000;\">Vi\u1ec1n Tr\u1eafng (M\u00e3 R):\u00a0NPL186R (Tr\u1eafng), NPL184R (Trung t\u00ednh), NPL183R (V\u00e0ng).<\/span><\/li>\n<li data-sfc-root=\"c\" data-sfc-cb=\"\" data-hveid=\"CAEIBxAB\" data-complete=\"true\" data-sae=\"\"><span style=\"font-family: 'times new roman', times, serif; font-size: 14pt; color: #000000;\">Vi\u1ec1n \u0110en (M\u00e3 RB): NPL186RB, NPL184RB, NPL183RB.<\/span><\/li>\n<\/ul>\n<div data-sfc-cp=\"\" data-sfc-root=\"c\" data-sfc-cb=\"\" data-hveid=\"CAEICBAA\" data-processed=\"true\" data-complete=\"true\"><strong><span style=\"font-family: 'times new roman', times, serif; font-size: 14pt; color: #000000;\">C\u00e1c l\u1ef1a ch\u1ecdn \u00e1nh s\u00e1ng:<\/span><\/strong><\/div>\n<ul data-sfc-root=\"c\" data-sfc-cb=\"\" data-complete=\"true\" data-processed=\"true\">\n<li data-sfc-root=\"c\" data-sfc-cb=\"\" data-hveid=\"CAEICRAA\" data-complete=\"true\" data-sae=\"\"><span style=\"font-family: 'times new roman', times, serif; font-size: 14pt; color: #000000;\">6500K: \u00c1nh s\u00e1ng tr\u1eafng.<\/span><\/li>\n<li data-sfc-root=\"c\" data-sfc-cb=\"\" data-hveid=\"CAEICRAB\" data-complete=\"true\" data-sae=\"\"><span style=\"font-family: 'times new roman', times, serif; font-size: 14pt; color: #000000;\">4000K: \u00c1nh s\u00e1ng trung t\u00ednh.<\/span><\/li>\n<li data-sfc-root=\"c\" data-sfc-cb=\"\" data-hveid=\"CAEICRAC\" data-complete=\"true\" data-sae=\"\"><span style=\"font-family: 'times new roman', times, serif; font-size: 14pt; color: #000000;\">3000K: \u00c1nh s\u00e1ng v\u00e0ng.<\/span><\/li>\n<\/ul>\n<div id=\"attachment_14488\" style=\"width: 610px\" class=\"wp-caption aligncenter\"><img decoding=\"async\" aria-describedby=\"caption-attachment-14488\" class=\"wp-image-14488 size-full\" src=\"http:\/\/thietbidienlama.com\/wp-content\/uploads\/2026\/04\/Den-Op-Tran-Ban-Cong-Tron-Noi-18W-3000k-4000k-6500k-Nanoco.jpg\" alt=\"\u0110\u00e8n \u1ed0p Tr\u1ea7n Ban C\u00f4ng Tr\u00f2n N\u1ed5i 18W 3000k 4000k 6500k Nanoco\" width=\"600\" height=\"600\" srcset=\"https:\/\/thietbidienlama.com\/wp-content\/uploads\/2026\/04\/Den-Op-Tran-Ban-Cong-Tron-Noi-18W-3000k-4000k-6500k-Nanoco.jpg 600w, https:\/\/thietbidienlama.com\/wp-content\/uploads\/2026\/04\/Den-Op-Tran-Ban-Cong-Tron-Noi-18W-3000k-4000k-6500k-Nanoco-300x300.jpg 300w, https:\/\/thietbidienlama.com\/wp-content\/uploads\/2026\/04\/Den-Op-Tran-Ban-Cong-Tron-Noi-18W-3000k-4000k-6500k-Nanoco-150x150.jpg 150w, https:\/\/thietbidienlama.com\/wp-content\/uploads\/2026\/04\/Den-Op-Tran-Ban-Cong-Tron-Noi-18W-3000k-4000k-6500k-Nanoco-12x12.jpg 12w\" sizes=\"(max-width: 600px) 100vw, 600px\" \/><p id=\"caption-attachment-14488\" class=\"wp-caption-text\">\u0110\u00e8n \u1ed0p Tr\u1ea7n Ban C\u00f4ng Tr\u00f2n N\u1ed5i 18W 3000k 4000k 6500k Nanoco<\/p><\/div>\n<h2 role=\"heading\" aria-level=\"3\" data-sfc-root=\"c\" data-complete=\"true\" data-processed=\"true\"><span style=\"font-family: 'times new roman', times, serif; font-size: 18pt; color: #ff6600;\">3. \u01afu \u0111i\u1ec3m khi l\u1eafp cho ban c\u00f4ng<\/span><\/h2>\n<ul data-sfc-root=\"c\" data-sfc-cb=\"\" data-complete=\"true\" data-processed=\"true\">\n<li data-sfc-root=\"c\" data-sfc-cb=\"\" data-hveid=\"CAEICRAA\" data-complete=\"true\" data-sae=\"\"><span style=\"font-family: 'times new roman', times, serif; font-size: 14pt; color: #000000;\">\u0110\u1ed9 s\u00e1ng l\u00fd t\u01b0\u1edfng: C\u00f4ng su\u1ea5t 18W cung c\u1ea5p \u00e1nh s\u00e1ng \u0111\u1ee7 m\u1ea1nh \u0111\u1ec3 bao qu\u00e1t to\u00e0n b\u1ed9 khu v\u1ef1c ban c\u00f4ng m\u00e0 kh\u00f4ng c\u1ea7n l\u1eafp th\u00eam \u0111\u00e8n ph\u1ee5.<\/span><\/li>\n<li data-sfc-root=\"c\" data-sfc-cb=\"\" data-hveid=\"CAEICRAB\" data-complete=\"true\" data-sae=\"\"><span style=\"font-family: 'times new roman', times, serif; font-size: 14pt; color: #000000;\">Ch\u1ed1ng c\u00f4n tr\u00f9ng: Thi\u1ebft k\u1ebf kh\u00e9p k\u00edn gi\u00fap ng\u0103n ki\u1ebfn ba khoang hay mu\u1ed7i chui v\u00e0o b\u00ean trong m\u1eb7t \u0111\u00e8n.<\/span><\/li>\n<li data-sfc-root=\"c\" data-sfc-cb=\"\" data-hveid=\"CAEICRAB\" data-complete=\"true\" data-sae=\"\"><span style=\"font-family: 'times new roman', times, serif; font-size: 14pt; color: #000000;\">Ch\u1ec9 s\u1ed1 ho\u00e0n m\u00e0u Ra80: \u0110\u1ea3m b\u1ea3o \u00e1nh s\u00e1ng trung th\u1ef1c, gi\u00fap kh\u00f4ng gian th\u01b0 gi\u00e3n ngo\u00e0i ban c\u00f4ng v\u00e0o bu\u1ed5i t\u1ed1i tr\u1edf n\u00ean d\u1ec5 ch\u1ecbu h\u01a1n.<\/span><\/li>\n<\/ul>\n<div class=\"Y3BBE\" data-sfc-cp=\"\" data-sfc-root=\"c\" data-sfc-cb=\"\" data-hveid=\"CAEIChAA\" data-complete=\"true\" data-processed=\"true\"><span style=\"font-family: 'times new roman', times, serif; font-size: 14pt; color: #000000;\">M\u00e1ch nh\u1ecf:\u00a0N\u1ebfu ban c\u00f4ng nh\u00e0 b\u1ea1n c\u00f3 t\u00f4ng m\u00e0u ch\u1ee7 \u0111\u1ea1o l\u00e0\u00a0x\u00e1m xi m\u0103ng, tr\u1ea7n g\u1ed7 ho\u1eb7c s\u01a1n t\u1ed1i m\u00e0u, h\u00e3y ch\u1ecdn m\u00e3\u00a0vi\u1ec1n \u0111en (RB) \u0111\u1ec3 t\u1ea1o \u0111i\u1ec3m nh\u1ea5n hi\u1ec7n \u0111\u1ea1i v\u00e0 sang tr\u1ecdng nh\u00e9.<\/span><\/div>\n<div data-sfc-cp=\"\" data-sfc-root=\"c\" data-sfc-cb=\"\" data-hveid=\"CAEIChAA\" data-complete=\"true\" data-processed=\"true\">\n<p><span style=\"font-family: 'times new roman', times, serif; font-size: 14pt; color: #000000;\"><strong>Facebook:\u00a0<span style=\"color: #ff6600;\"><a style=\"color: #ff6600;\" href=\"https:\/\/www.facebook.com\/thietbidienlama\" target=\"_blank\" rel=\"noopener\">THI\u1ebeT\u00a0B\u1eca \u0110I\u1ec6N LAMA<\/a><\/span><\/strong><\/span><\/p>\n<p><span style=\"font-family: 'times new roman', times, serif; font-size: 14pt; color: #000000;\"><strong>Tiktok:\u00a0<span style=\"color: #ff6600;\"><a style=\"color: #ff6600;\" href=\"https:\/\/www.tiktok.com\/@thietbidienlama\" target=\"_blank\" rel=\"noopener\">THI\u1ebeT\u00a0B\u1eca \u0110I\u1ec6N LAMA<\/a><\/span><\/strong><\/span><\/p>\n<p><span style=\"font-family: 'times new roman', times, serif; font-size: 14pt; color: #000000;\"><strong>Youtube:\u00a0<span style=\"color: #ff6600;\"><a style=\"color: #ff6600;\" href=\"https:\/\/www.youtube.com\/@thietbidienlama\" target=\"_blank\" rel=\"noopener\">THI\u1ebeT\u00a0B\u1eca \u0110I\u1ec6N LAMA<\/a><\/span><\/strong><\/span><\/p>\n<\/div>","protected":false},"excerpt":{"rendered":"<p>\u0110\u00e8n Ban C\u00f4ng \u1ed0p N\u1ed5i 18W Nanoco D\u00f2ng \u0110\u00e8n Ban C\u00f4ng \u1ed0p Tr\u1ea7n N\u1ed5i Tr\u00f2n 18W c\u1ee7a Nanoco. \u0110\u00e2y l\u00e0<\/p>","protected":false},"featured_media":14489,"comment_status":"closed","ping_status":"closed","template":"","meta":[],"product_brand":[],"product_cat":[1069,872],"product_tag":[1075],"class_list":{"0":"post-14487","1":"product","2":"type-product","3":"status-publish","4":"has-post-thumbnail","6":"product_cat-den-op-tran","7":"product_cat-den-tran-nanoco","8":"product_tag-den-ban-cong","10":"first","11":"instock","12":"sale","13":"shipping-taxable","14":"purchasable","15":"product-type-simple"},"_links":{"self":[{"href":"https:\/\/thietbidienlama.com\/en\/wp-json\/wp\/v2\/product\/14487","targetHints":{"allow":["GET"]}}],"collection":[{"href":"https:\/\/thietbidienlama.com\/en\/wp-json\/wp\/v2\/product"}],"about":[{"href":"https:\/\/thietbidienlama.com\/en\/wp-json\/wp\/v2\/types\/product"}],"replies":[{"embeddable":true,"href":"https:\/\/thietbidienlama.com\/en\/wp-json\/wp\/v2\/comments?post=14487"}],"version-history":[{"count":4,"href":"https:\/\/thietbidienlama.com\/en\/wp-json\/wp\/v2\/product\/14487\/revisions"}],"predecessor-version":[{"id":14493,"href":"https:\/\/thietbidienlama.com\/en\/wp-json\/wp\/v2\/product\/14487\/revisions\/14493"}],"wp:featuredmedia":[{"embeddable":true,"href":"https:\/\/thietbidienlama.com\/en\/wp-json\/wp\/v2\/media\/14489"}],"wp:attachment":[{"href":"https:\/\/thietbidienlama.com\/en\/wp-json\/wp\/v2\/media?parent=14487"}],"wp:term":[{"taxonomy":"product_brand","embeddable":true,"href":"https:\/\/thietbidienlama.com\/en\/wp-json\/wp\/v2\/product_brand?post=14487"},{"taxonomy":"product_cat","embeddable":true,"href":"https:\/\/thietbidienlama.com\/en\/wp-json\/wp\/v2\/product_cat?post=14487"},{"taxonomy":"product_tag","embeddable":true,"href":"https:\/\/thietbidienlama.com\/en\/wp-json\/wp\/v2\/product_tag?post=14487"}],"curies":[{"name":"wp","href":"https:\/\/api.w.org\/{rel}","templated":true}]}}