{"id":14494,"date":"2026-04-21T10:57:14","date_gmt":"2026-04-21T03:57:14","guid":{"rendered":"https:\/\/thietbidienlama.com\/?post_type=product&#038;p=14494"},"modified":"2026-04-21T12:37:06","modified_gmt":"2026-04-21T05:37:06","slug":"den-led-op-tran-cam-bien-loai-tron-noi-12w","status":"publish","type":"product","link":"https:\/\/thietbidienlama.com\/en\/den-led-op-tran-cam-bien-loai-tron-noi-12w\/","title":{"rendered":"\u0110\u00e8n Led \u1ed0p Tr\u1ea7n C\u1ea3m Bi\u1ebfn Lo\u1ea1i Tr\u00f2n N\u1ed5i 12W Nanoco NPL126RS"},"content":{"rendered":"<h1 style=\"text-align: center;\"><span style=\"font-family: 'times new roman', times, serif; font-size: 18pt; color: #000000;\">\u0110\u00e8n Led \u1ed0p Tr\u1ea7n C\u1ea3m Bi\u1ebfn Lo\u1ea1i Tr\u00f2n N\u1ed5i 12W Nanoco NPL126RS<\/span><\/h1>\n<div data-sfc-cp=\"\" data-sfc-root=\"c\" data-sfc-cb=\"\" data-hveid=\"CAEIAhAA\" data-complete=\"true\" data-processed=\"true\"><span style=\"font-family: 'times new roman', times, serif; font-size: 14pt; color: #000000;\"><strong><a href=\"https:\/\/thietbidienlama.com\/den-tran-nanoco\/\"><span style=\"color: #ff6600;\">\u0110\u00e8n LED \u1ed1p tr\u1ea7n<\/span><\/a><\/strong> c\u1ea3m bi\u1ebfn Nanoco NPL126RS (12W) l\u00e0 d\u00f2ng \u0111\u00e8n l\u1eafp n\u1ed5i d\u1ea1ng tr\u00f2n, t\u00edch h\u1ee3p c\u1ea3m bi\u1ebfn chuy\u1ec3n \u0111\u1ed9ng th\u00f4ng minh gi\u00fap t\u1ef1 \u0111\u1ed9ng b\u1eadt\/t\u1eaft khi c\u00f3 ng\u01b0\u1eddi. \u0110\u00e2y l\u00e0 gi\u1ea3i ph\u00e1p chi\u1ebfu s\u00e1ng hi\u1ec7n \u0111\u1ea1i, ti\u1ebft ki\u1ec7m \u0111i\u1ec7n cho c\u00e1c khu v\u1ef1c nh\u01b0 h\u00e0nh lang, l\u1ed1i \u0111i ho\u1eb7c ban c\u00f4ng.<\/span><\/div>\n<div data-sfc-cp=\"\" data-sfc-root=\"c\" data-sfc-cb=\"\" data-hveid=\"CAEIAhAA\" data-complete=\"true\" data-processed=\"true\">\n<div id=\"attachment_14497\" style=\"width: 610px\" class=\"wp-caption aligncenter\"><img fetchpriority=\"high\" decoding=\"async\" aria-describedby=\"caption-attachment-14497\" class=\"wp-image-14497 size-full\" src=\"http:\/\/thietbidienlama.com\/wp-content\/uploads\/2026\/04\/Den-Led-Op-Tran-Cam-Bien-Loai-Trong-Noi-12W-Nanoco-NPL126RS.jpg\" alt=\"\u0110\u00e8n Led \u1ed0p Tr\u1ea7n C\u1ea3m Bi\u1ebfn Lo\u1ea1i Trong N\u1ed5i 12W Nanoco NPL126RS\" width=\"600\" height=\"600\" srcset=\"https:\/\/thietbidienlama.com\/wp-content\/uploads\/2026\/04\/Den-Led-Op-Tran-Cam-Bien-Loai-Trong-Noi-12W-Nanoco-NPL126RS.jpg 600w, https:\/\/thietbidienlama.com\/wp-content\/uploads\/2026\/04\/Den-Led-Op-Tran-Cam-Bien-Loai-Trong-Noi-12W-Nanoco-NPL126RS-300x300.jpg 300w, https:\/\/thietbidienlama.com\/wp-content\/uploads\/2026\/04\/Den-Led-Op-Tran-Cam-Bien-Loai-Trong-Noi-12W-Nanoco-NPL126RS-150x150.jpg 150w, https:\/\/thietbidienlama.com\/wp-content\/uploads\/2026\/04\/Den-Led-Op-Tran-Cam-Bien-Loai-Trong-Noi-12W-Nanoco-NPL126RS-12x12.jpg 12w\" sizes=\"(max-width: 600px) 100vw, 600px\" \/><p id=\"caption-attachment-14497\" class=\"wp-caption-text\">\u0110\u00e8n Led \u1ed0p Tr\u1ea7n C\u1ea3m Bi\u1ebfn Lo\u1ea1i tr\u00f2n N\u1ed5i 12W Nanoco NPL126RS<\/p><\/div>\n<\/div>\n<h2 role=\"heading\" aria-level=\"3\" data-sfc-root=\"c\" data-complete=\"true\" data-processed=\"true\"><span style=\"font-family: 'times new roman', times, serif; font-size: 18pt; color: #ff6600;\">Th\u00f4ng s\u1ed1 k\u1ef9 thu\u1eadt chi ti\u1ebft<\/span><\/h2>\n<ul data-sfc-root=\"c\" data-sfc-cb=\"\" data-complete=\"true\" data-processed=\"true\">\n<li data-sfc-cp=\"\" data-sfc-root=\"c\" data-sfc-cb=\"\" data-hveid=\"CAEIBBAA\" data-complete=\"true\" data-sae=\"\"><span style=\"font-family: 'times new roman', times, serif; font-size: 14pt; color: #000000;\">C\u00f4ng su\u1ea5t:\u00a012W.<\/span><\/li>\n<li data-sfc-cp=\"\" data-sfc-root=\"c\" data-sfc-cb=\"\" data-hveid=\"CAEIBBAB\" data-complete=\"true\" data-sae=\"\"><span style=\"font-family: 'times new roman', times, serif; font-size: 14pt; color: #000000;\">\u0110i\u1ec7n \u00e1p:\u00a0220V\/50Hz.<\/span><\/li>\n<li data-sfc-cp=\"\" data-sfc-root=\"c\" data-sfc-cb=\"\" data-hveid=\"CAEIBBAC\" data-complete=\"true\" data-sae=\"\"><span style=\"font-family: 'times new roman', times, serif; font-size: 14pt; color: #000000;\">\u00c1nh s\u00e1ng:\u00a0Tr\u1eafng (Nhi\u1ec7t \u0111\u1ed9 m\u00e0u 6500K).<\/span><\/li>\n<li data-sfc-cp=\"\" data-sfc-root=\"c\" data-sfc-cb=\"\" data-hveid=\"CAEIBBAD\" data-complete=\"true\" data-sae=\"\"><span style=\"font-family: 'times new roman', times, serif; font-size: 14pt; color: #000000;\">Quang th\u00f4ng:\u00a0840lm.<\/span><\/li>\n<li data-sfc-cp=\"\" data-sfc-root=\"c\" data-sfc-cb=\"\" data-hveid=\"CAEIBBAE\" data-complete=\"true\" data-sae=\"\"><span style=\"font-family: 'times new roman', times, serif; font-size: 14pt; color: #000000;\">K\u00edch th\u01b0\u1edbc:\u00a0\u0110\u01b0\u1eddng k\u00ednh \u00d8171mm x Chi\u1ec1u cao 38mm (M\u1ed9t s\u1ed1 ngu\u1ed3n ghi \u00d8145mm x 40mm).<\/span><\/li>\n<li data-sfc-cp=\"\" data-sfc-root=\"c\" data-sfc-cb=\"\" data-hveid=\"CAEIBBAF\" data-complete=\"true\" data-sae=\"\"><span style=\"font-family: 'times new roman', times, serif; font-size: 14pt; color: #000000;\">Ch\u1ec9 s\u1ed1 ho\u00e0n m\u00e0u (CRI):\u00a0Ra80.<\/span><\/li>\n<li data-sfc-cp=\"\" data-sfc-root=\"c\" data-sfc-cb=\"\" data-hveid=\"CAEIBBAG\" data-complete=\"true\" data-sae=\"\"><span style=\"font-family: 'times new roman', times, serif; font-size: 14pt; color: #000000;\">G\u00f3c chi\u1ebfu:\u00a0120\u00b0.<\/span><\/li>\n<li data-sfc-cp=\"\" data-sfc-root=\"c\" data-sfc-cb=\"\" data-hveid=\"CAEIBBAH\" data-complete=\"true\" data-sae=\"\"><span style=\"font-family: 'times new roman', times, serif; font-size: 14pt; color: #000000;\">Tu\u1ed5i th\u1ecd: 25.000 gi\u1edd.<\/span><\/li>\n<\/ul>\n<div id=\"attachment_14495\" style=\"width: 610px\" class=\"wp-caption aligncenter\"><img decoding=\"async\" aria-describedby=\"caption-attachment-14495\" class=\"wp-image-14495 size-full\" src=\"http:\/\/thietbidienlama.com\/wp-content\/uploads\/2026\/04\/Den-Led-Op-Tran-Cam-Bien-Chuyen-dong.jpg\" alt=\"\u0110\u00e8n Led \u1ed0p Tr\u1ea7n C\u1ea3m Bi\u1ebfn Chuy\u1ec3n \u0111\u1ed9ng\" width=\"600\" height=\"223\" srcset=\"https:\/\/thietbidienlama.com\/wp-content\/uploads\/2026\/04\/Den-Led-Op-Tran-Cam-Bien-Chuyen-dong.jpg 600w, https:\/\/thietbidienlama.com\/wp-content\/uploads\/2026\/04\/Den-Led-Op-Tran-Cam-Bien-Chuyen-dong-300x112.jpg 300w, https:\/\/thietbidienlama.com\/wp-content\/uploads\/2026\/04\/Den-Led-Op-Tran-Cam-Bien-Chuyen-dong-18x7.jpg 18w, https:\/\/thietbidienlama.com\/wp-content\/uploads\/2026\/04\/Den-Led-Op-Tran-Cam-Bien-Chuyen-dong-150x56.jpg 150w\" sizes=\"(max-width: 600px) 100vw, 600px\" \/><p id=\"caption-attachment-14495\" class=\"wp-caption-text\">\u0110\u00e8n Led \u1ed0p Tr\u1ea7n C\u1ea3m Bi\u1ebfn Chuy\u1ec3n \u0111\u1ed9ng<\/p><\/div>\n<h2 role=\"heading\" aria-level=\"3\" data-sfc-root=\"c\" data-complete=\"true\" data-processed=\"true\"><span style=\"font-family: 'times new roman', times, serif; font-size: 18pt; color: #ff6600;\">\u0110\u1eb7c \u0111i\u1ec3m n\u1ed5i b\u1eadt<\/span><\/h2>\n<ul data-sfc-root=\"c\" data-sfc-cb=\"\" data-complete=\"true\" data-processed=\"true\">\n<li data-sfc-cp=\"\" data-sfc-root=\"c\" data-sfc-cb=\"\" data-hveid=\"CAEIBhAA\" data-complete=\"true\" data-sae=\"\"><span style=\"font-family: 'times new roman', times, serif; font-size: 14pt; color: #000000;\">C\u1ea3m bi\u1ebfn chuy\u1ec3n \u0111\u1ed9ng:\u00a0\u0110\u00e8n t\u1ef1 \u0111\u1ed9ng s\u00e1ng khi ph\u00e1t hi\u1ec7n chuy\u1ec3n \u0111\u1ed9ng trong v\u00f9ng c\u1ea3m bi\u1ebfn v\u00e0 t\u1ef1 \u0111\u1ed9ng t\u1eaft sau kho\u1ea3ng\u00a030 &#8211; 60 gi\u00e2y\u00a0n\u1ebfu kh\u00f4ng c\u00f2n chuy\u1ec3n \u0111\u1ed9ng.<\/span><\/li>\n<li data-sfc-cp=\"\" data-sfc-root=\"c\" data-sfc-cb=\"\" data-hveid=\"CAEIBhAB\" data-complete=\"true\" data-sae=\"\"><span style=\"font-family: 'times new roman', times, serif; font-size: 14pt; color: #000000;\">Ch\u1ea5t li\u1ec7u b\u1ec1n b\u1ec9:\u00a0Khung \u0111\u00e8n l\u00e0m t\u1eeb kim lo\u1ea1i ch\u1eafc ch\u1eafn, ch\u00f3a \u0111\u00e8n b\u1eb1ng nh\u1ef1a cao c\u1ea5p gi\u00fap t\u1ea3n nhi\u1ec7t t\u1ed1t v\u00e0 t\u00e1n quang \u0111\u1ed3ng \u0111\u1ec1u.<\/span><\/li>\n<li data-sfc-cp=\"\" data-sfc-root=\"c\" data-sfc-cb=\"\" data-hveid=\"CAEIBhAC\" data-complete=\"true\" data-sae=\"\"><span style=\"font-family: 'times new roman', times, serif; font-size: 14pt; color: #000000;\">D\u1ec5 d\u00e0ng l\u1eafp \u0111\u1eb7t:\u00a0Thi\u1ebft k\u1ebf \u1ed1p n\u1ed5i ph\u00f9 h\u1ee3p cho nhi\u1ec1u lo\u1ea1i tr\u1ea7n, \u0111\u1eb7c bi\u1ec7t l\u00e0 c\u00e1c khu v\u1ef1c kh\u00f4ng \u0111\u00f3ng tr\u1ea7n th\u1ea1ch cao.<\/span><\/li>\n<li data-sfc-cp=\"\" data-sfc-root=\"c\" data-sfc-cb=\"\" data-hveid=\"CAEIBhAD\" data-complete=\"true\" data-sae=\"\"><span style=\"font-family: 'times new roman', times, serif; font-size: 14pt; color: #000000;\" data-sfc-cp=\"\" data-sfc-root=\"c\" data-sfc-cb=\"\" data-complete=\"true\" aria-owns=\"action-menu-parent-container\">Ti\u1ebft ki\u1ec7m \u0111i\u1ec7n:\u00a0T\u1ef1 \u0111\u1ed9ng t\u1eaft khi kh\u00f4ng c\u1ea7n thi\u1ebft, gi\u00fap gi\u1ea3m thi\u1ec3u l\u00e3ng ph\u00ed \u0111i\u1ec7n n\u0103ng \u0111\u00e1ng k\u1ec3 so v\u1edbi \u0111\u00e8n th\u00f4ng th\u01b0\u1eddng.<\/span><\/li>\n<\/ul>\n<div id=\"attachment_14496\" style=\"width: 610px\" class=\"wp-caption aligncenter\"><img decoding=\"async\" aria-describedby=\"caption-attachment-14496\" class=\"wp-image-14496 size-full\" src=\"http:\/\/thietbidienlama.com\/wp-content\/uploads\/2026\/04\/Den-Led-Op-Tran-Cam-Bien-bat-den-khi-co-chuyen-dong.jpg\" alt=\"\u0110\u00e8n Led \u1ed0p Tr\u1ea7n C\u1ea3m Bi\u1ebfn B\u1eadt \u0111\u00e8n Khi C\u00f3 Chuy\u1ec3n \u0111\u1ed9ng\" width=\"600\" height=\"600\" srcset=\"https:\/\/thietbidienlama.com\/wp-content\/uploads\/2026\/04\/Den-Led-Op-Tran-Cam-Bien-bat-den-khi-co-chuyen-dong.jpg 600w, https:\/\/thietbidienlama.com\/wp-content\/uploads\/2026\/04\/Den-Led-Op-Tran-Cam-Bien-bat-den-khi-co-chuyen-dong-300x300.jpg 300w, https:\/\/thietbidienlama.com\/wp-content\/uploads\/2026\/04\/Den-Led-Op-Tran-Cam-Bien-bat-den-khi-co-chuyen-dong-150x150.jpg 150w, https:\/\/thietbidienlama.com\/wp-content\/uploads\/2026\/04\/Den-Led-Op-Tran-Cam-Bien-bat-den-khi-co-chuyen-dong-12x12.jpg 12w\" sizes=\"(max-width: 600px) 100vw, 600px\" \/><p id=\"caption-attachment-14496\" class=\"wp-caption-text\">\u0110\u00e8n Led \u1ed0p Tr\u1ea7n C\u1ea3m Bi\u1ebfn B\u1eadt \u0111\u00e8n Khi C\u00f3 Chuy\u1ec3n \u0111\u1ed9ng<\/p><\/div>\n<p><span style=\"font-family: 'times new roman', times, serif; font-size: 14pt; color: #000000;\"><strong>Facebook:\u00a0<span style=\"color: #ff6600;\"><a style=\"color: #ff6600;\" href=\"https:\/\/www.facebook.com\/thietbidienlama\" target=\"_blank\" rel=\"noopener\">THI\u1ebeT\u00a0B\u1eca \u0110I\u1ec6N LAMA<\/a><\/span><\/strong><\/span><\/p>\n<p><span style=\"font-family: 'times new roman', times, serif; font-size: 14pt; color: #000000;\"><strong>Tiktok:\u00a0<span style=\"color: #ff6600;\"><a style=\"color: #ff6600;\" href=\"https:\/\/www.tiktok.com\/@thietbidienlama\" target=\"_blank\" rel=\"noopener\">THI\u1ebeT\u00a0B\u1eca \u0110I\u1ec6N LAMA<\/a><\/span><\/strong><\/span><\/p>\n<p><span style=\"font-family: 'times new roman', times, serif; font-size: 14pt; color: #000000;\"><strong>Youtube:\u00a0<span style=\"color: #ff6600;\"><a style=\"color: #ff6600;\" href=\"https:\/\/www.youtube.com\/@thietbidienlama\" target=\"_blank\" rel=\"noopener\">THI\u1ebeT\u00a0B\u1eca \u0110I\u1ec6N LAMA<\/a><\/span><\/strong><\/span><\/p>","protected":false},"excerpt":{"rendered":"<p>\u0110\u00e8n Led \u1ed0p Tr\u1ea7n C\u1ea3m Bi\u1ebfn Lo\u1ea1i Tr\u00f2n N\u1ed5i 12W Nanoco NPL126RS \u0110\u00e8n LED \u1ed1p tr\u1ea7n c\u1ea3m bi\u1ebfn Nanoco NPL126RS<\/p>","protected":false},"featured_media":14497,"comment_status":"closed","ping_status":"closed","template":"","meta":[],"product_brand":[],"product_cat":[1069,872,866,505],"product_tag":[1076],"class_list":{"0":"post-14494","1":"product","2":"type-product","3":"status-publish","4":"has-post-thumbnail","6":"product_cat-den-op-tran","7":"product_cat-den-tran-nanoco","8":"product_cat-thiet-bi-dien-nanoco","9":"product_cat-den-trang-tri","10":"product_tag-den-led-op-tran-cam-bien","12":"first","13":"instock","14":"sale","15":"shipping-taxable","16":"purchasable","17":"product-type-simple"},"_links":{"self":[{"href":"https:\/\/thietbidienlama.com\/en\/wp-json\/wp\/v2\/product\/14494","targetHints":{"allow":["GET"]}}],"collection":[{"href":"https:\/\/thietbidienlama.com\/en\/wp-json\/wp\/v2\/product"}],"about":[{"href":"https:\/\/thietbidienlama.com\/en\/wp-json\/wp\/v2\/types\/product"}],"replies":[{"embeddable":true,"href":"https:\/\/thietbidienlama.com\/en\/wp-json\/wp\/v2\/comments?post=14494"}],"version-history":[{"count":4,"href":"https:\/\/thietbidienlama.com\/en\/wp-json\/wp\/v2\/product\/14494\/revisions"}],"predecessor-version":[{"id":14501,"href":"https:\/\/thietbidienlama.com\/en\/wp-json\/wp\/v2\/product\/14494\/revisions\/14501"}],"wp:featuredmedia":[{"embeddable":true,"href":"https:\/\/thietbidienlama.com\/en\/wp-json\/wp\/v2\/media\/14497"}],"wp:attachment":[{"href":"https:\/\/thietbidienlama.com\/en\/wp-json\/wp\/v2\/media?parent=14494"}],"wp:term":[{"taxonomy":"product_brand","embeddable":true,"href":"https:\/\/thietbidienlama.com\/en\/wp-json\/wp\/v2\/product_brand?post=14494"},{"taxonomy":"product_cat","embeddable":true,"href":"https:\/\/thietbidienlama.com\/en\/wp-json\/wp\/v2\/product_cat?post=14494"},{"taxonomy":"product_tag","embeddable":true,"href":"https:\/\/thietbidienlama.com\/en\/wp-json\/wp\/v2\/product_tag?post=14494"}],"curies":[{"name":"wp","href":"https:\/\/api.w.org\/{rel}","templated":true}]}}