{"id":14512,"date":"2026-04-21T13:05:55","date_gmt":"2026-04-21T06:05:55","guid":{"rendered":"https:\/\/thietbidienlama.com\/?post_type=product&#038;p=14512"},"modified":"2026-04-21T13:05:56","modified_gmt":"2026-04-21T06:05:56","slug":"den-op-tran-cam-bien-loai-vuong-noi-18w-nanoco","status":"publish","type":"product","link":"https:\/\/thietbidienlama.com\/en\/den-op-tran-cam-bien-loai-vuong-noi-18w-nanoco\/","title":{"rendered":"\u0110\u00e8n \u1ed0p Tr\u1ea7n C\u1ea3m Bi\u1ebfn Lo\u1ea1i Vu\u00f4ng N\u1ed5i 18W Nanoco NPL186SS"},"content":{"rendered":"<h1 style=\"text-align: center;\"><span style=\"font-family: 'times new roman', times, serif; font-size: 18pt; color: #000000;\">\u0110\u00e8n \u1ed0p Tr\u1ea7n C\u1ea3m Bi\u1ebfn Lo\u1ea1i Vu\u00f4ng N\u1ed5i 18W Nanoco NPL186SS<\/span><\/h1>\n<div data-sfc-cp=\"\" data-sfc-root=\"c\" data-sfc-cb=\"\" data-hveid=\"CAEIAhAA\" data-complete=\"true\" data-processed=\"true\"><span style=\"font-family: 'times new roman', times, serif; font-size: 14pt; color: #000000;\"><strong><span style=\"color: #ff6600;\"><a style=\"color: #ff6600;\" href=\"https:\/\/thietbidienlama.com\/den-tran-nanoco\/\">\u0110\u00e8n \u1ed1p tr\u1ea7n<\/a><\/span><\/strong> c\u1ea3m bi\u1ebfn Nanoco NPL186SS (18W)\u00a0l\u00e0 phi\u00ean b\u1ea3n d\u1ea1ng vu\u00f4ng c\u00f4ng su\u1ea5t cao, thi\u1ebft k\u1ebf l\u1eafp n\u1ed5i hi\u1ec7n \u0111\u1ea1i. \u0110\u00e2y l\u00e0 gi\u1ea3i ph\u00e1p t\u1ed1i \u01b0u cho c\u00e1c khu v\u1ef1c c\u1ea7n \u0111\u1ed9 s\u00e1ng m\u1ea1nh v\u00e0 t\u1ef1 \u0111\u1ed9ng h\u00f3a nh\u01b0 s\u1ea3nh l\u1edbn, h\u00e0nh lang r\u1ed9ng, ho\u1eb7c gara.<\/span><\/div>\n<div data-sfc-cp=\"\" data-sfc-root=\"c\" data-sfc-cb=\"\" data-hveid=\"CAEIAhAA\" data-complete=\"true\" data-processed=\"true\">\n<div id=\"attachment_14513\" style=\"width: 610px\" class=\"wp-caption aligncenter\"><img fetchpriority=\"high\" decoding=\"async\" aria-describedby=\"caption-attachment-14513\" class=\"wp-image-14513 size-full\" src=\"http:\/\/thietbidienlama.com\/wp-content\/uploads\/2026\/04\/Den-Op-Tran-Cam-Bien-Loai-Vuong-Noi-18W-Nanoco-NPL186SS.jpg\" alt=\"\u0110\u00e8n \u1ed0p Tr\u1ea7n C\u1ea3m Bi\u1ebfn Lo\u1ea1i Vu\u00f4ng N\u1ed5i 18W Nanoco NPL186SS\" width=\"600\" height=\"600\" srcset=\"https:\/\/thietbidienlama.com\/wp-content\/uploads\/2026\/04\/Den-Op-Tran-Cam-Bien-Loai-Vuong-Noi-18W-Nanoco-NPL186SS.jpg 600w, https:\/\/thietbidienlama.com\/wp-content\/uploads\/2026\/04\/Den-Op-Tran-Cam-Bien-Loai-Vuong-Noi-18W-Nanoco-NPL186SS-300x300.jpg 300w, https:\/\/thietbidienlama.com\/wp-content\/uploads\/2026\/04\/Den-Op-Tran-Cam-Bien-Loai-Vuong-Noi-18W-Nanoco-NPL186SS-150x150.jpg 150w, https:\/\/thietbidienlama.com\/wp-content\/uploads\/2026\/04\/Den-Op-Tran-Cam-Bien-Loai-Vuong-Noi-18W-Nanoco-NPL186SS-12x12.jpg 12w\" sizes=\"(max-width: 600px) 100vw, 600px\" \/><p id=\"caption-attachment-14513\" class=\"wp-caption-text\">\u00a0 \u00a0 \u00a0 \u00a0 \u00a0 \u00a0 \u00a0 \u00a0 \u00a0 \u00a0 \u00a0 \u00a0 \u00a0 \u0110\u00e8n \u1ed0p Tr\u1ea7n C\u1ea3m Bi\u1ebfn Lo\u1ea1i Vu\u00f4ng N\u1ed5i 18W Nanoco NPL186SS<\/p><\/div>\n<\/div>\n<h2 role=\"heading\" aria-level=\"3\" data-sfc-root=\"c\" data-complete=\"true\" data-processed=\"true\"><span style=\"font-family: 'times new roman', times, serif; font-size: 18pt; color: #ff6600;\">Th\u00f4ng s\u1ed1 \u0110\u00e8n \u1ed0p Tr\u1ea7n C\u1ea3m Bi\u1ebfn<\/span><\/h2>\n<ul data-sfc-root=\"c\" data-sfc-cb=\"\" data-complete=\"true\" data-processed=\"true\">\n<li data-sfc-root=\"c\" data-sfc-cb=\"\" data-hveid=\"CAEIBBAA\" data-complete=\"true\" data-sae=\"\"><span style=\"font-family: 'times new roman', times, serif; font-size: 14pt; color: #000000;\">C\u00f4ng su\u1ea5t:\u00a018W.<\/span><\/li>\n<li data-sfc-root=\"c\" data-sfc-cb=\"\" data-hveid=\"CAEIBBAB\" data-complete=\"true\" data-sae=\"\"><span style=\"font-family: 'times new roman', times, serif; font-size: 14pt; color: #000000;\">Quang th\u00f4ng:\u00a01300 lm (Cho \u00e1nh s\u00e1ng m\u1ea1nh, ph\u1ee7 r\u1ed9ng).<\/span><\/li>\n<li data-sfc-root=\"c\" data-sfc-cb=\"\" data-hveid=\"CAEIBBAC\" data-complete=\"true\" data-sae=\"\"><span style=\"font-family: 'times new roman', times, serif; font-size: 14pt; color: #000000;\">\u00c1nh s\u00e1ng:\u00a0Tr\u1eafng (Nhi\u1ec7t \u0111\u1ed9 m\u00e0u 6500K).<\/span><\/li>\n<li data-sfc-root=\"c\" data-sfc-cb=\"\" data-hveid=\"CAEIBBAD\" data-complete=\"true\" data-sae=\"\"><span style=\"font-family: 'times new roman', times, serif; font-size: 14pt; color: #000000;\">K\u00edch th\u01b0\u1edbc:\u00a0225 x 225 x 38 mm.<\/span><\/li>\n<li data-sfc-root=\"c\" data-sfc-cb=\"\" data-hveid=\"CAEIBBAE\" data-complete=\"true\" data-sae=\"\"><span style=\"font-family: 'times new roman', times, serif; font-size: 14pt; color: #000000;\">Ch\u1ec9 s\u1ed1 ho\u00e0n m\u00e0u (CRI):\u00a0Ra80 (M\u00e0u s\u1eafc v\u1eadt th\u1ec3 trung th\u1ef1c).<\/span><\/li>\n<li data-sfc-root=\"c\" data-sfc-cb=\"\" data-hveid=\"CAEIBBAF\" data-complete=\"true\" data-sae=\"\"><span style=\"font-family: 'times new roman', times, serif; font-size: 14pt; color: #000000;\">G\u00f3c chi\u1ebfu:\u00a0120\u00b0.<\/span><\/li>\n<li data-sfc-root=\"c\" data-sfc-cb=\"\" data-hveid=\"CAEIBBAG\" data-complete=\"true\" data-sae=\"\"><span style=\"font-family: 'times new roman', times, serif; font-size: 14pt; color: #000000;\">Tu\u1ed5i th\u1ecd:\u00a025.000 gi\u1edd.<\/span><\/li>\n<li data-sfc-root=\"c\" data-sfc-cb=\"\" data-hveid=\"CAEIBBAH\" data-complete=\"true\" data-sae=\"\"><span style=\"font-family: 'times new roman', times, serif; font-size: 14pt; color: #000000;\">C\u1ea3m bi\u1ebfn:\u00a0T\u1ef1 \u0111\u1ed9ng t\u1eaft sau\u00a030 &#8211; 45 gi\u00e2y khi k\u1ebft th\u00fac chuy\u1ec3n \u0111\u1ed9ng.<\/span><\/li>\n<\/ul>\n<div id=\"attachment_14508\" style=\"width: 610px\" class=\"wp-caption aligncenter\"><img decoding=\"async\" aria-describedby=\"caption-attachment-14508\" class=\"wp-image-14508 size-full\" src=\"http:\/\/thietbidienlama.com\/wp-content\/uploads\/2026\/04\/Den-Led-Op-Tran-Cam-Bien-Loai-Vuong-bat-den-khi-co-chuyen-dong.jpg\" alt=\"\u0110\u00e8n Led \u1ed0p Tr\u1ea7n C\u1ea3m Bi\u1ebfn Lo\u1ea1i Vu\u00f4ng B\u1eadt \u0111\u00e8n Khi C\u00f3 Chuy\u1ec3n \u0111\u1ed9ng\" width=\"600\" height=\"600\" srcset=\"https:\/\/thietbidienlama.com\/wp-content\/uploads\/2026\/04\/Den-Led-Op-Tran-Cam-Bien-Loai-Vuong-bat-den-khi-co-chuyen-dong.jpg 600w, https:\/\/thietbidienlama.com\/wp-content\/uploads\/2026\/04\/Den-Led-Op-Tran-Cam-Bien-Loai-Vuong-bat-den-khi-co-chuyen-dong-300x300.jpg 300w, https:\/\/thietbidienlama.com\/wp-content\/uploads\/2026\/04\/Den-Led-Op-Tran-Cam-Bien-Loai-Vuong-bat-den-khi-co-chuyen-dong-150x150.jpg 150w, https:\/\/thietbidienlama.com\/wp-content\/uploads\/2026\/04\/Den-Led-Op-Tran-Cam-Bien-Loai-Vuong-bat-den-khi-co-chuyen-dong-12x12.jpg 12w\" sizes=\"(max-width: 600px) 100vw, 600px\" \/><p id=\"caption-attachment-14508\" class=\"wp-caption-text\">\u00a0 \u00a0 \u00a0 \u00a0 \u00a0 \u00a0 \u00a0 \u00a0 \u00a0 \u00a0 \u00a0\u0110\u00e8n Led \u1ed0p Tr\u1ea7n C\u1ea3m Bi\u1ebfn Lo\u1ea1i Vu\u00f4ng B\u1eadt \u0111\u00e8n Khi C\u00f3 Chuy\u1ec3n \u0111\u1ed9ng<\/p><\/div>\n<h2 role=\"heading\" aria-level=\"3\" data-sfc-root=\"c\" data-complete=\"true\" data-processed=\"true\"><span style=\"font-family: 'times new roman', times, serif; font-size: 18pt; color: #ff6600;\">\u0110\u1eb7c \u0111i\u1ec3m n\u1ed5i b\u1eadt<\/span><\/h2>\n<ul data-sfc-root=\"c\" data-sfc-cb=\"\" data-complete=\"true\" data-processed=\"true\">\n<li data-sfc-root=\"c\" data-sfc-cb=\"\" data-hveid=\"CAEIBhAA\" data-complete=\"true\" data-sae=\"\"><span style=\"font-family: 'times new roman', times, serif; font-size: 14pt; color: #000000;\">Thi\u1ebft k\u1ebf vu\u00f4ng l\u1eafp n\u1ed5i:\u00a0Khung kim lo\u1ea1i ch\u1eafc ch\u1eafn k\u1ebft h\u1ee3p ch\u00f3a nh\u1ef1a t\u00e1n quang, ph\u00f9 h\u1ee3p cho c\u1ea3 tr\u1ea7n b\u00ea t\u00f4ng v\u00e0 tr\u1ea7n th\u1ea1ch cao m\u00e0 kh\u00f4ng c\u1ea7n kho\u00e9t l\u1ed7.<\/span><\/li>\n<li data-sfc-root=\"c\" data-sfc-cb=\"\" data-hveid=\"CAEIBhAB\" data-complete=\"true\" data-sae=\"\"><span style=\"font-family: 'times new roman', times, serif; font-size: 14pt; color: #000000;\">Ti\u1ebft ki\u1ec7m \u0111i\u1ec7n v\u01b0\u1ee3t tr\u1ed9i:\u00a0Nh\u1edd c\u00f4ng su\u1ea5t 18W hi\u1ec7u su\u1ea5t cao k\u1ebft h\u1ee3p c\u1ea3m bi\u1ebfn th\u00f4ng minh, gi\u00fap gi\u1ea3m thi\u1ec3u t\u1ed1i \u0111a \u0111i\u1ec7n n\u0103ng l\u00e3ng ph\u00ed khi kh\u00f4ng c\u00f3 ng\u01b0\u1eddi.<\/span><\/li>\n<li data-sfc-root=\"c\" data-sfc-cb=\"\" data-hveid=\"CAEIBhAC\" data-complete=\"true\" data-sae=\"\"><span style=\"font-family: 'times new roman', times, serif; font-size: 14pt; color: #000000;\" data-sfc-cp=\"\" data-sfc-root=\"c\" data-sfc-cb=\"\" data-complete=\"true\" aria-owns=\"action-menu-parent-container\">\u0110\u1ed9 b\u1ec1n cao: C\u1ea5p b\u1ea3o v\u1ec7 IP20, ch\u1ed1ng b\u1ee5i t\u1ed1t cho m\u00f4i tr\u01b0\u1eddng trong nh\u00e0.<\/span><\/li>\n<\/ul>\n<p><span style=\"font-family: 'times new roman', times, serif; font-size: 14pt; color: #000000;\"><strong>Facebook:\u00a0<span style=\"color: #ff6600;\"><a style=\"color: #ff6600;\" href=\"https:\/\/www.facebook.com\/thietbidienlama\" target=\"_blank\" rel=\"noopener\">THI\u1ebeT\u00a0B\u1eca \u0110I\u1ec6N LAMA<\/a><\/span><\/strong><\/span><\/p>\n<p><span style=\"font-family: 'times new roman', times, serif; font-size: 14pt; color: #000000;\"><strong>Tiktok:\u00a0<span style=\"color: #ff6600;\"><a style=\"color: #ff6600;\" href=\"https:\/\/www.tiktok.com\/@thietbidienlama\" target=\"_blank\" rel=\"noopener\">THI\u1ebeT\u00a0B\u1eca \u0110I\u1ec6N LAMA<\/a><\/span><\/strong><\/span><\/p>\n<p><span style=\"font-family: 'times new roman', times, serif; font-size: 14pt; color: #000000;\"><strong>Youtube:\u00a0<span style=\"color: #ff6600;\"><a style=\"color: #ff6600;\" href=\"https:\/\/www.youtube.com\/@thietbidienlama\" target=\"_blank\" rel=\"noopener\">THI\u1ebeT\u00a0B\u1eca \u0110I\u1ec6N LAMA<\/a><\/span><\/strong><\/span><\/p>","protected":false},"excerpt":{"rendered":"<p>\u0110\u00e8n \u1ed0p Tr\u1ea7n C\u1ea3m Bi\u1ebfn Lo\u1ea1i Vu\u00f4ng N\u1ed5i 18W Nanoco NPL186SS \u0110\u00e8n \u1ed1p tr\u1ea7n c\u1ea3m bi\u1ebfn Nanoco NPL186SS (18W)\u00a0l\u00e0 phi\u00ean<\/p>","protected":false},"featured_media":14513,"comment_status":"closed","ping_status":"closed","template":"","meta":[],"product_brand":[],"product_cat":[1069,872],"product_tag":[1077],"class_list":{"0":"post-14512","1":"product","2":"type-product","3":"status-publish","4":"has-post-thumbnail","6":"product_cat-den-op-tran","7":"product_cat-den-tran-nanoco","8":"product_tag-den-op-tran-cam-bien","10":"first","11":"instock","12":"sale","13":"shipping-taxable","14":"purchasable","15":"product-type-simple"},"_links":{"self":[{"href":"https:\/\/thietbidienlama.com\/en\/wp-json\/wp\/v2\/product\/14512","targetHints":{"allow":["GET"]}}],"collection":[{"href":"https:\/\/thietbidienlama.com\/en\/wp-json\/wp\/v2\/product"}],"about":[{"href":"https:\/\/thietbidienlama.com\/en\/wp-json\/wp\/v2\/types\/product"}],"replies":[{"embeddable":true,"href":"https:\/\/thietbidienlama.com\/en\/wp-json\/wp\/v2\/comments?post=14512"}],"version-history":[{"count":2,"href":"https:\/\/thietbidienlama.com\/en\/wp-json\/wp\/v2\/product\/14512\/revisions"}],"predecessor-version":[{"id":14515,"href":"https:\/\/thietbidienlama.com\/en\/wp-json\/wp\/v2\/product\/14512\/revisions\/14515"}],"wp:featuredmedia":[{"embeddable":true,"href":"https:\/\/thietbidienlama.com\/en\/wp-json\/wp\/v2\/media\/14513"}],"wp:attachment":[{"href":"https:\/\/thietbidienlama.com\/en\/wp-json\/wp\/v2\/media?parent=14512"}],"wp:term":[{"taxonomy":"product_brand","embeddable":true,"href":"https:\/\/thietbidienlama.com\/en\/wp-json\/wp\/v2\/product_brand?post=14512"},{"taxonomy":"product_cat","embeddable":true,"href":"https:\/\/thietbidienlama.com\/en\/wp-json\/wp\/v2\/product_cat?post=14512"},{"taxonomy":"product_tag","embeddable":true,"href":"https:\/\/thietbidienlama.com\/en\/wp-json\/wp\/v2\/product_tag?post=14512"}],"curies":[{"name":"wp","href":"https:\/\/api.w.org\/{rel}","templated":true}]}}