{"id":14516,"date":"2026-04-21T15:34:58","date_gmt":"2026-04-21T08:34:58","guid":{"rendered":"https:\/\/thietbidienlama.com\/?post_type=product&#038;p=14516"},"modified":"2026-04-21T15:35:21","modified_gmt":"2026-04-21T08:35:21","slug":"mat-cong-tac-vuong-panasonic-dung-1-thiet-bi","status":"publish","type":"product","link":"https:\/\/thietbidienlama.com\/en\/mat-cong-tac-vuong-panasonic-dung-1-thiet-bi\/","title":{"rendered":"M\u1eb7t C\u00f4ng T\u1eafc Vu\u00f4ng Panasonic D\u00f9ng 1 Thi\u1ebft B\u1ecb Wide Tr\u1eafng Panasonic"},"content":{"rendered":"<h1 style=\"text-align: center;\" data-sfc-root=\"c\" data-hveid=\"CAEIAhAA\" data-complete=\"true\" data-processed=\"true\"><span style=\"font-family: 'times new roman', times, serif; font-size: 18pt; color: #000000;\">M\u1eb7t C\u00f4ng T\u1eafc Vu\u00f4ng Panasonic D\u00f9ng 1 Thi\u1ebft B\u1ecb Wide Tr\u1eafng Panasonic<\/span><\/h1>\n<div data-sfc-cp=\"\" data-sfc-root=\"c\" data-sfc-cb=\"\" data-hveid=\"CAEIAhAA\" data-complete=\"true\" data-processed=\"true\"><span style=\"font-family: 'times new roman', times, serif; font-size: 14pt; color: #000000;\"><strong><span style=\"color: #ff6600;\"><a style=\"color: #ff6600;\" href=\"https:\/\/thietbidienlama.com\/mat-vuong-panasonic\/\">M\u1eb7t c\u00f4ng t\u1eafc vu\u00f4ng Panasonic<\/a><\/span><\/strong> Wide (m\u00e3 WEB7811SW)\u00a0l\u00e0 d\u00f2ng m\u1eb7t n\u1ea1 thi\u1ebft k\u1ebf d\u1ea1ng vu\u00f4ng hi\u1ec7n \u0111\u1ea1i, d\u00f9ng \u0111\u1ec3 l\u1eafp \u0111\u1eb7t cho 1 thi\u1ebft b\u1ecb (h\u1ea1t c\u00f4ng t\u1eafc ho\u1eb7c \u1ed5 c\u1eafm). S\u1ea3n ph\u1ea9m thu\u1ed9c ph\u00e2n kh\u00fac cao c\u1ea5p c\u1ee7a d\u00f2ng Wide Series, mang l\u1ea1i v\u1ebb sang tr\u1ecdng v\u00e0 tinh t\u1ebf cho kh\u00f4ng gian n\u1ed9i th\u1ea5t.<\/span><\/div>\n<div data-sfc-cp=\"\" data-sfc-root=\"c\" data-sfc-cb=\"\" data-hveid=\"CAEIAhAA\" data-complete=\"true\" data-processed=\"true\">\n<div id=\"attachment_14517\" style=\"width: 610px\" class=\"wp-caption aligncenter\"><img fetchpriority=\"high\" decoding=\"async\" aria-describedby=\"caption-attachment-14517\" class=\"wp-image-14517 size-full\" src=\"http:\/\/thietbidienlama.com\/wp-content\/uploads\/2026\/04\/Mat-Cong-Tac-Vuong-Panasonic-Dung-1-Thiet-Bi-Wide-Trang-Panasonic.jpg\" alt=\"M\u1eb7t C\u00f4ng T\u1eafc Vu\u00f4ng Panasonic D\u00f9ng 1 Thi\u1ebft B\u1ecb Wide Tr\u1eafng Panasonic\" width=\"600\" height=\"600\" srcset=\"https:\/\/thietbidienlama.com\/wp-content\/uploads\/2026\/04\/Mat-Cong-Tac-Vuong-Panasonic-Dung-1-Thiet-Bi-Wide-Trang-Panasonic.jpg 600w, https:\/\/thietbidienlama.com\/wp-content\/uploads\/2026\/04\/Mat-Cong-Tac-Vuong-Panasonic-Dung-1-Thiet-Bi-Wide-Trang-Panasonic-300x300.jpg 300w, https:\/\/thietbidienlama.com\/wp-content\/uploads\/2026\/04\/Mat-Cong-Tac-Vuong-Panasonic-Dung-1-Thiet-Bi-Wide-Trang-Panasonic-150x150.jpg 150w, https:\/\/thietbidienlama.com\/wp-content\/uploads\/2026\/04\/Mat-Cong-Tac-Vuong-Panasonic-Dung-1-Thiet-Bi-Wide-Trang-Panasonic-12x12.jpg 12w\" sizes=\"(max-width: 600px) 100vw, 600px\" \/><p id=\"caption-attachment-14517\" class=\"wp-caption-text\">M\u1eb7t C\u00f4ng T\u1eafc Vu\u00f4ng Panasonic D\u00f9ng 1 Thi\u1ebft B\u1ecb Wide Tr\u1eafng Panasonic<\/p><\/div>\n<\/div>\n<h2 role=\"heading\" aria-level=\"3\" data-sfc-root=\"c\" data-complete=\"true\" data-processed=\"true\"><span style=\"font-family: 'times new roman', times, serif; font-size: 18pt; color: #ff6600;\">Th\u00f4ng s\u1ed1 k\u1ef9 thu\u1eadt<\/span><\/h2>\n<ul data-sfc-root=\"c\" data-sfc-cb=\"\" data-complete=\"true\" data-processed=\"true\">\n<li data-sfc-cp=\"\" data-sfc-root=\"c\" data-sfc-cb=\"\" data-hveid=\"CAEIBBAA\" data-complete=\"true\" data-sae=\"\"><span style=\"font-family: 'times new roman', times, serif; font-size: 14pt; color: #000000;\">M\u00e3 s\u1ea3n ph\u1ea9m:\u00a0WEB7811SW (lo\u1ea1i vu\u00f4ng).<\/span><\/li>\n<li data-sfc-cp=\"\" data-sfc-root=\"c\" data-sfc-cb=\"\" data-hveid=\"CAEIBBAB\" data-complete=\"true\" data-sae=\"\"><span style=\"font-family: 'times new roman', times, serif; font-size: 14pt; color: #000000;\">D\u00f2ng s\u1ea3n ph\u1ea9m:\u00a0Wide Series.<\/span><\/li>\n<li data-sfc-cp=\"\" data-sfc-root=\"c\" data-sfc-cb=\"\" data-hveid=\"CAEIBBAC\" data-complete=\"true\" data-sae=\"\"><span style=\"font-family: 'times new roman', times, serif; font-size: 14pt; color: #000000;\">S\u1ed1 thi\u1ebft b\u1ecb:\u00a0D\u00f9ng cho 1 thi\u1ebft b\u1ecb (1 gang 1 device).<\/span><\/li>\n<li data-sfc-cp=\"\" data-sfc-root=\"c\" data-sfc-cb=\"\" data-hveid=\"CAEIBBAD\" data-complete=\"true\" data-sae=\"\"><span style=\"font-family: 'times new roman', times, serif; font-size: 14pt; color: #000000;\">M\u00e0u s\u1eafc:\u00a0Tr\u1eafng tuy\u1ebft (Snow White).<\/span><\/li>\n<li data-sfc-cp=\"\" data-sfc-root=\"c\" data-sfc-cb=\"\" data-hveid=\"CAEIBBAE\" data-complete=\"true\" data-sae=\"\"><span style=\"font-family: 'times new roman', times, serif; font-size: 14pt; color: #000000;\">Ch\u1ea5t li\u1ec7u:\u00a0Nh\u1ef1a cao c\u1ea5p ch\u1ed1ng ch\u00e1y, c\u00e1ch \u0111i\u1ec7n an to\u00e0n, kh\u00f4ng b\u1ecb \u1ed1 v\u00e0ng.<\/span><\/li>\n<li data-sfc-cp=\"\" data-sfc-root=\"c\" data-sfc-cb=\"\" data-hveid=\"CAEIBBAF\" data-complete=\"true\" data-sae=\"\"><span style=\"font-family: 'times new roman', times, serif; font-size: 14pt; color: #000000;\">Ki\u1ec3u l\u1eafp \u0111\u1eb7t:\u00a0L\u1eafp \u00e2m t\u01b0\u1eddng ho\u1eb7c l\u1eafp n\u1ed5i v\u1edbi \u0111\u1ebf vu\u00f4ng ti\u00eau chu\u1ea9n.<\/span><\/li>\n<\/ul>\n<h2 role=\"heading\" aria-level=\"3\" data-sfc-root=\"c\" data-complete=\"true\" data-processed=\"true\"><span style=\"font-family: 'times new roman', times, serif; font-size: 18pt; color: #ff6600;\">\u0110\u1eb7c \u0111i\u1ec3m n\u1ed5i b\u1eadt<\/span><\/h2>\n<ul data-sfc-root=\"c\" data-sfc-cb=\"\" data-complete=\"true\" data-processed=\"true\">\n<li data-sfc-cp=\"\" data-sfc-root=\"c\" data-sfc-cb=\"\" data-hveid=\"CAEIBhAA\" data-complete=\"true\" data-sae=\"\"><span style=\"font-family: 'times new roman', times, serif; font-size: 14pt; color: #000000;\">Thi\u1ebft k\u1ebf vu\u00f4ng hi\u1ec7n \u0111\u1ea1i:\u00a0Kh\u00e1c v\u1edbi d\u00f2ng ch\u1eef nh\u1eadt truy\u1ec1n th\u1ed1ng, m\u1eb7t vu\u00f4ng t\u1ea1o \u0111i\u1ec3m nh\u1ea5n th\u1ea9m m\u1ef9 m\u1edbi l\u1ea1, ph\u00f9 h\u1ee3p v\u1edbi c\u00e1c c\u00f4ng tr\u00ecnh ki\u1ebfn tr\u00fac hi\u1ec7n \u0111\u1ea1i ho\u1eb7c kh\u00e1ch s\u1ea1n.<\/span><\/li>\n<li data-sfc-cp=\"\" data-sfc-root=\"c\" data-sfc-cb=\"\" data-hveid=\"CAEIBhAB\" data-complete=\"true\" data-sae=\"\"><span style=\"font-family: 'times new roman', times, serif; font-size: 14pt; color: #000000;\">\u0110\u1ed9 b\u1ec1n cao:\u00a0S\u1ea3n xu\u1ea5t theo c\u00f4ng ngh\u1ec7 Nh\u1eadt B\u1ea3n, ch\u1ecbu va \u0111\u1eadp t\u1ed1t v\u00e0 gi\u1eef \u0111\u01b0\u1ee3c \u0111\u1ed9 s\u00e1ng b\u00f3ng l\u00e2u d\u00e0i.<\/span><\/li>\n<li data-sfc-cp=\"\" data-sfc-root=\"c\" data-sfc-cb=\"\" data-hveid=\"CAEIBhAC\" data-complete=\"true\" data-sae=\"\"><span style=\"font-family: 'times new roman', times, serif; font-size: 14pt; color: #000000;\" data-sfc-cp=\"\" data-sfc-root=\"c\" data-sfc-cb=\"\" data-complete=\"true\" aria-owns=\"action-menu-parent-container\">D\u1ec5 d\u00e0ng l\u1eafp \u0111\u1eb7t:\u00a0C\u01a1 ch\u1ebf module r\u1eddi gi\u00fap linh ho\u1ea1t trong vi\u1ec7c k\u1ebft h\u1ee3p c\u00e1c lo\u1ea1i h\u1ea1t thi\u1ebft b\u1ecb kh\u00e1c nhau (c\u00f4ng t\u1eafc, \u1ed5 c\u1eafm, c\u1ed5ng m\u1ea1ng&#8230;)<\/span><\/li>\n<\/ul>\n<p>\u0110\u00e8n Led \u1ed0p Tr\u1ea7n C\u1ea3m Bi\u1ebfn B\u1eadt \u0111\u00e8n Khi C\u00f3 Chuy\u1ec3n \u0111\u1ed9ng 18W<\/p>\n<p><span style=\"font-family: 'times new roman', times, serif; font-size: 14pt; color: #000000;\"><strong>Facebook:\u00a0<span style=\"color: #ff6600;\"><a style=\"color: #ff6600;\" href=\"https:\/\/www.facebook.com\/thietbidienlama\" target=\"_blank\" rel=\"noopener\">THI\u1ebeT\u00a0B\u1eca \u0110I\u1ec6N LAMA<\/a><\/span><\/strong><\/span><\/p>\n<p><span style=\"font-family: 'times new roman', times, serif; font-size: 14pt; color: #000000;\"><strong>Tiktok:\u00a0<span style=\"color: #ff6600;\"><a style=\"color: #ff6600;\" href=\"https:\/\/www.tiktok.com\/@thietbidienlama\" target=\"_blank\" rel=\"noopener\">THI\u1ebeT\u00a0B\u1eca \u0110I\u1ec6N LAMA<\/a><\/span><\/strong><\/span><\/p>\n<p><span style=\"font-family: 'times new roman', times, serif; font-size: 14pt; color: #000000;\"><strong>Youtube:\u00a0<span style=\"color: #ff6600;\"><a style=\"color: #ff6600;\" href=\"https:\/\/www.youtube.com\/@thietbidienlama\" target=\"_blank\" rel=\"noopener\">THI\u1ebeT\u00a0B\u1eca \u0110I\u1ec6N LAMA<\/a><\/span><\/strong><\/span><\/p>","protected":false},"excerpt":{"rendered":"<p>M\u1eb7t C\u00f4ng T\u1eafc Vu\u00f4ng Panasonic D\u00f9ng 1 Thi\u1ebft B\u1ecb Wide Tr\u1eafng Panasonic M\u1eb7t c\u00f4ng t\u1eafc vu\u00f4ng Panasonic Wide (m\u00e3 WEB7811SW)\u00a0l\u00e0<\/p>","protected":false},"featured_media":14517,"comment_status":"closed","ping_status":"closed","template":"","meta":[],"product_brand":[],"product_cat":[955,911],"product_tag":[1078],"class_list":{"0":"post-14516","1":"product","2":"type-product","3":"status-publish","4":"has-post-thumbnail","6":"product_cat-mat-vuong-panasonic","7":"product_cat-mat-panasonic","8":"product_tag-mat-cong-tac-vuong-panasonic","10":"first","11":"instock","12":"sale","13":"shipping-taxable","14":"purchasable","15":"product-type-simple"},"_links":{"self":[{"href":"https:\/\/thietbidienlama.com\/en\/wp-json\/wp\/v2\/product\/14516","targetHints":{"allow":["GET"]}}],"collection":[{"href":"https:\/\/thietbidienlama.com\/en\/wp-json\/wp\/v2\/product"}],"about":[{"href":"https:\/\/thietbidienlama.com\/en\/wp-json\/wp\/v2\/types\/product"}],"replies":[{"embeddable":true,"href":"https:\/\/thietbidienlama.com\/en\/wp-json\/wp\/v2\/comments?post=14516"}],"version-history":[{"count":3,"href":"https:\/\/thietbidienlama.com\/en\/wp-json\/wp\/v2\/product\/14516\/revisions"}],"predecessor-version":[{"id":14520,"href":"https:\/\/thietbidienlama.com\/en\/wp-json\/wp\/v2\/product\/14516\/revisions\/14520"}],"wp:featuredmedia":[{"embeddable":true,"href":"https:\/\/thietbidienlama.com\/en\/wp-json\/wp\/v2\/media\/14517"}],"wp:attachment":[{"href":"https:\/\/thietbidienlama.com\/en\/wp-json\/wp\/v2\/media?parent=14516"}],"wp:term":[{"taxonomy":"product_brand","embeddable":true,"href":"https:\/\/thietbidienlama.com\/en\/wp-json\/wp\/v2\/product_brand?post=14516"},{"taxonomy":"product_cat","embeddable":true,"href":"https:\/\/thietbidienlama.com\/en\/wp-json\/wp\/v2\/product_cat?post=14516"},{"taxonomy":"product_tag","embeddable":true,"href":"https:\/\/thietbidienlama.com\/en\/wp-json\/wp\/v2\/product_tag?post=14516"}],"curies":[{"name":"wp","href":"https:\/\/api.w.org\/{rel}","templated":true}]}}