{"id":14526,"date":"2026-04-22T10:26:31","date_gmt":"2026-04-22T03:26:31","guid":{"rendered":"https:\/\/thietbidienlama.com\/?post_type=product&#038;p=14526"},"modified":"2026-04-22T14:30:31","modified_gmt":"2026-04-22T07:30:31","slug":"mat-cong-tac-vuong-panasonic-dung-3-thiet-bi","status":"publish","type":"product","link":"https:\/\/thietbidienlama.com\/en\/mat-cong-tac-vuong-panasonic-dung-3-thiet-bi\/","title":{"rendered":"M\u1eb7t C\u00f4ng T\u1eafc Vu\u00f4ng Panasonic D\u00f9ng 3 Thi\u1ebft B\u1ecb Wide Tr\u1eafng Panasonic"},"content":{"rendered":"<h1 style=\"text-align: center;\" data-sfc-root=\"c\" data-hveid=\"CAEIAhAA\" data-complete=\"true\" data-processed=\"true\"><span style=\"font-family: 'times new roman', times, serif; font-size: 18pt; color: #000000;\">M\u1eb7t C\u00f4ng T\u1eafc Vu\u00f4ng Panasonic D\u00f9ng 3 Thi\u1ebft B\u1ecb Wide Tr\u1eafng Panasonic<\/span><\/h1>\n<div data-sfc-cp=\"\" data-sfc-root=\"c\" data-sfc-cb=\"\" data-hveid=\"CAEIAhAA\" data-complete=\"true\" data-processed=\"true\"><span style=\"font-family: 'times new roman', times, serif; font-size: 14pt; color: #000000;\"><strong><span style=\"color: #ff6600;\"><a style=\"color: #ff6600;\" href=\"https:\/\/thietbidienlama.com\/mat-vuong-panasonic\/\">M\u1eb7t c\u00f4ng t\u1eafc vu\u00f4ng<\/a><\/span><\/strong> Panasonic d\u00f9ng 3 thi\u1ebft b\u1ecb d\u00f2ng Wide m\u00e0u tr\u1eafng\u00a0l\u00e0\u00a0WEB7813SW\u00a0(ho\u1eb7c \u0111\u00f4i khi l\u00e0 m\u00e3 WEV68030SW t\u00f9y theo khu v\u1ef1c ph\u00e2n ph\u1ed1i). S\u1ea3n ph\u1ea9m n\u00e0y \u0111\u01b0\u1ee3c thi\u1ebft k\u1ebf \u0111\u1ec3 l\u1eafp v\u1eeba 3 module (c\u00f4ng t\u1eafc ho\u1eb7c \u1ed5 c\u1eafm \u0111\u01a1n) d\u00f2ng Wide Series tr\u00ean c\u00f9ng m\u1ed9t m\u1eb7t.<\/span><\/div>\n<div data-sfc-cp=\"\" data-sfc-root=\"c\" data-sfc-cb=\"\" data-hveid=\"CAEIAhAA\" data-complete=\"true\" data-processed=\"true\">\n<div id=\"attachment_14529\" style=\"width: 310px\" class=\"wp-caption aligncenter\"><img fetchpriority=\"high\" decoding=\"async\" aria-describedby=\"caption-attachment-14529\" class=\"wp-image-14529 size-full\" src=\"http:\/\/thietbidienlama.com\/wp-content\/uploads\/2026\/04\/Mat-Cong-Tac-Vuong-Panasonic-Dung-3-Thiet-Bi-Wide-Trang.png\" alt=\"M\u1eb7t C\u00f4ng T\u1eafc Vu\u00f4ng Panasonic D\u00f9ng 3 Thi\u1ebft B\u1ecb Wide Tr\u1eafng\" width=\"300\" height=\"300\" srcset=\"https:\/\/thietbidienlama.com\/wp-content\/uploads\/2026\/04\/Mat-Cong-Tac-Vuong-Panasonic-Dung-3-Thiet-Bi-Wide-Trang.png 300w, https:\/\/thietbidienlama.com\/wp-content\/uploads\/2026\/04\/Mat-Cong-Tac-Vuong-Panasonic-Dung-3-Thiet-Bi-Wide-Trang-150x150.png 150w, https:\/\/thietbidienlama.com\/wp-content\/uploads\/2026\/04\/Mat-Cong-Tac-Vuong-Panasonic-Dung-3-Thiet-Bi-Wide-Trang-12x12.png 12w\" sizes=\"(max-width: 300px) 100vw, 300px\" \/><p id=\"caption-attachment-14529\" class=\"wp-caption-text\">M\u1eb7t C\u00f4ng T\u1eafc Vu\u00f4ng Panasonic D\u00f9ng 3 Thi\u1ebft B\u1ecb Wide Tr\u1eafng<\/p><\/div>\n<\/div>\n<div data-sfc-cp=\"\" data-sfc-root=\"c\" data-sfc-cb=\"\" data-hveid=\"CAEIAhAA\" data-complete=\"true\" data-processed=\"true\"><\/div>\n<div data-sfc-cp=\"\" data-sfc-root=\"c\" data-sfc-cb=\"\" data-hveid=\"CAEIAxAA\" data-processed=\"true\" data-complete=\"true\"><span style=\"font-family: 'times new roman', times, serif; font-size: 14pt; color: #000000;\">D\u01b0\u1edbi \u0111\u00e2y l\u00e0 c\u00e1c th\u00f4ng tin chi ti\u1ebft v\u1ec1 s\u1ea3n ph\u1ea9m:<\/span><\/div>\n<h2 role=\"heading\" aria-level=\"3\" data-sfc-root=\"c\" data-complete=\"true\" data-processed=\"true\"><span style=\"font-family: 'times new roman', times, serif; font-size: 18pt; color: #ff6600;\">1. Th\u00f4ng s\u1ed1 k\u1ef9 thu\u1eadt<\/span><\/h2>\n<ul data-sfc-root=\"c\" data-sfc-cb=\"\" data-complete=\"true\" data-processed=\"true\">\n<li data-sfc-cp=\"\" data-sfc-root=\"c\" data-sfc-cb=\"\" data-hveid=\"CAEIBRAA\" data-complete=\"true\" data-sae=\"\"><span style=\"font-family: 'times new roman', times, serif; font-size: 14pt; color: #000000;\"><span style=\"font-family: 'times new roman', times, serif; font-size: 14pt; color: #000000;\">K\u00edch th\u01b0\u1edbc<\/span><\/span><span style=\"color: #000000;\">:Kho\u1ea3ng 86 x 86 mm (chu\u1ea9n m\u1eb7t vu\u00f4ng \u0111\u01a1n chu\u1ea9n Anh\/BS)<\/span>.<\/li>\n<li data-sfc-cp=\"\" data-sfc-root=\"c\" data-sfc-cb=\"\" data-hveid=\"CAEIBRAC\" data-complete=\"true\" data-sae=\"\"><span style=\"font-family: 'times new roman', times, serif; font-size: 14pt; color: #000000;\">Ch\u1ea5t li\u1ec7u:\u00a0Nh\u1ef1a\u00a0Urea Resin\u00a0cao c\u1ea5p, c\u00f3 kh\u1ea3 n\u0103ng ch\u1ed1ng ch\u00e1y, ch\u1ed1ng r\u00f2 r\u1ec9 \u0111i\u1ec7n v\u00e0 b\u1ec1n m\u00e0u theo th\u1eddi gian.<\/span><\/li>\n<li data-sfc-cp=\"\" data-sfc-root=\"c\" data-sfc-cb=\"\" data-hveid=\"CAEIBRAD\" data-complete=\"true\" data-sae=\"\"><span style=\"font-family: 'times new roman', times, serif; font-size: 14pt; color: #000000;\">M\u00e0u s\u1eafc:\u00a0Tr\u1eafng tuy\u1ebft (White) tinh t\u1ebf, b\u1ec1 m\u1eb7t ph\u1ee7 b\u00f3ng c\u00f4ng ngh\u1ec7 Nh\u1eadt B\u1ea3n.<\/span><\/li>\n<li data-sfc-cp=\"\" data-sfc-root=\"c\" data-sfc-cb=\"\" data-hveid=\"CAEIBRAE\" data-complete=\"true\" data-sae=\"\"><span style=\"font-family: 'times new roman', times, serif; font-size: 14pt; color: #000000;\">Ti\u00eau chu\u1ea9n:\u00a0\u0110\u00e1p \u1ee9ng ti\u00eau chu\u1ea9n qu\u1ed1c t\u1ebf IEC v\u00e0 RoHS (kh\u00f4ng ch\u1ee9a ch\u1ea5t \u0111\u1ed9c h\u1ea1i).<\/span><\/li>\n<\/ul>\n<h2 role=\"heading\" aria-level=\"3\" data-sfc-root=\"c\" data-complete=\"true\" data-processed=\"true\"><span style=\"font-family: 'times new roman', times, serif; font-size: 18pt; color: #ff6600;\">2. \u01afu \u0111i\u1ec3m n\u1ed5i b\u1eadt<\/span><\/h2>\n<ul data-sfc-root=\"c\" data-sfc-cb=\"\" data-complete=\"true\" data-processed=\"true\">\n<li data-sfc-cp=\"\" data-sfc-root=\"c\" data-sfc-cb=\"\" data-hveid=\"CAEIBxAA\" data-complete=\"true\" data-sae=\"\"><span style=\"font-family: 'times new roman', times, serif; font-size: 14pt; color: #000000;\">Thi\u1ebft k\u1ebf t\u1ed1i \u01b0u:\u00a0Gi\u00fap t\u1eadp trung 3 thi\u1ebft b\u1ecb t\u1ea1i m\u1ed9t v\u1ecb tr\u00ed, ti\u1ebft ki\u1ec7m kh\u00f4ng gian l\u1eafp \u0111\u1eb7t v\u00e0 mang l\u1ea1i v\u1ebb th\u1ea9m m\u1ef9 \u0111\u1ed3ng b\u1ed9 cho c\u0103n ph\u00f2ng.<\/span><\/li>\n<li data-sfc-cp=\"\" data-sfc-root=\"c\" data-sfc-cb=\"\" data-hveid=\"CAEIBxAB\" data-complete=\"true\" data-sae=\"\"><span style=\"font-family: 'times new roman', times, serif; font-size: 14pt; color: #000000;\">L\u1eafp \u0111\u1eb7t linh ho\u1ea1t:\u00a0T\u01b0\u01a1ng th\u00edch ho\u00e0n to\u00e0n v\u1edbi c\u00e1c module d\u00f2ng\u00a0Wide Series\u00a0c\u1ee7a Panasonic v\u00e0 l\u1eafp v\u1eeba c\u00e1c lo\u1ea1i \u0111\u1ebf \u00e2m vu\u00f4ng ti\u00eau chu\u1ea9n.<\/span><\/li>\n<li data-sfc-cp=\"\" data-sfc-root=\"c\" data-sfc-cb=\"\" data-hveid=\"CAEIBxAC\" data-complete=\"true\" data-sae=\"\"><span style=\"font-family: 'times new roman', times, serif; font-size: 14pt; color: #000000;\" data-sfc-cp=\"\" data-sfc-root=\"c\" data-sfc-cb=\"\" data-complete=\"true\" aria-owns=\"action-menu-parent-container\">\u0110\u1ed9 b\u1ec1n cao:\u00a0Ch\u1ecbu \u0111\u01b0\u1ee3c va \u0111\u1eadp nh\u1eb9, ch\u1ed1ng \u0103n m\u00f2n v\u00e0 c\u00e1ch \u0111i\u1ec7n tuy\u1ec7t \u0111\u1ed1i, an to\u00e0n cho ng\u01b0\u1eddi s\u1eed d\u1ee5ng.<\/span><\/li>\n<\/ul>\n<p><span style=\"font-family: 'times new roman', times, serif; font-size: 14pt; color: #000000;\"><strong>Facebook:\u00a0<span style=\"color: #ff6600;\"><a style=\"color: #ff6600;\" href=\"https:\/\/www.facebook.com\/thietbidienlama\" target=\"_blank\" rel=\"noopener\">THI\u1ebeT\u00a0B\u1eca \u0110I\u1ec6N LAMA<\/a><\/span><\/strong><\/span><\/p>\n<p><span style=\"font-family: 'times new roman', times, serif; font-size: 14pt; color: #000000;\"><strong>Tiktok:\u00a0<span style=\"color: #ff6600;\"><a style=\"color: #ff6600;\" href=\"https:\/\/www.tiktok.com\/@thietbidienlama\" target=\"_blank\" rel=\"noopener\">THI\u1ebeT\u00a0B\u1eca \u0110I\u1ec6N LAMA<\/a><\/span><\/strong><\/span><\/p>\n<p><span style=\"font-family: 'times new roman', times, serif; font-size: 14pt; color: #000000;\"><strong>Youtube:\u00a0<span style=\"color: #ff6600;\"><a style=\"color: #ff6600;\" href=\"https:\/\/www.youtube.com\/@thietbidienlama\" target=\"_blank\" rel=\"noopener\">THI\u1ebeT\u00a0B\u1eca \u0110I\u1ec6N LAMA<\/a><\/span><\/strong><\/span><\/p>","protected":false},"excerpt":{"rendered":"<p>M\u1eb7t C\u00f4ng T\u1eafc Vu\u00f4ng Panasonic D\u00f9ng 3 Thi\u1ebft B\u1ecb Wide Tr\u1eafng Panasonic M\u1eb7t c\u00f4ng t\u1eafc vu\u00f4ng Panasonic d\u00f9ng 3 thi\u1ebft<\/p>","protected":false},"featured_media":14529,"comment_status":"closed","ping_status":"closed","template":"","meta":[],"product_brand":[],"product_cat":[911,955],"product_tag":[1078],"class_list":{"0":"post-14526","1":"product","2":"type-product","3":"status-publish","4":"has-post-thumbnail","6":"product_cat-mat-panasonic","7":"product_cat-mat-vuong-panasonic","8":"product_tag-mat-cong-tac-vuong-panasonic","10":"first","11":"instock","12":"sale","13":"shipping-taxable","14":"purchasable","15":"product-type-simple"},"_links":{"self":[{"href":"https:\/\/thietbidienlama.com\/en\/wp-json\/wp\/v2\/product\/14526","targetHints":{"allow":["GET"]}}],"collection":[{"href":"https:\/\/thietbidienlama.com\/en\/wp-json\/wp\/v2\/product"}],"about":[{"href":"https:\/\/thietbidienlama.com\/en\/wp-json\/wp\/v2\/types\/product"}],"replies":[{"embeddable":true,"href":"https:\/\/thietbidienlama.com\/en\/wp-json\/wp\/v2\/comments?post=14526"}],"version-history":[{"count":2,"href":"https:\/\/thietbidienlama.com\/en\/wp-json\/wp\/v2\/product\/14526\/revisions"}],"predecessor-version":[{"id":14530,"href":"https:\/\/thietbidienlama.com\/en\/wp-json\/wp\/v2\/product\/14526\/revisions\/14530"}],"wp:featuredmedia":[{"embeddable":true,"href":"https:\/\/thietbidienlama.com\/en\/wp-json\/wp\/v2\/media\/14529"}],"wp:attachment":[{"href":"https:\/\/thietbidienlama.com\/en\/wp-json\/wp\/v2\/media?parent=14526"}],"wp:term":[{"taxonomy":"product_brand","embeddable":true,"href":"https:\/\/thietbidienlama.com\/en\/wp-json\/wp\/v2\/product_brand?post=14526"},{"taxonomy":"product_cat","embeddable":true,"href":"https:\/\/thietbidienlama.com\/en\/wp-json\/wp\/v2\/product_cat?post=14526"},{"taxonomy":"product_tag","embeddable":true,"href":"https:\/\/thietbidienlama.com\/en\/wp-json\/wp\/v2\/product_tag?post=14526"}],"curies":[{"name":"wp","href":"https:\/\/api.w.org\/{rel}","templated":true}]}}