{"id":14531,"date":"2026-04-22T14:58:05","date_gmt":"2026-04-22T07:58:05","guid":{"rendered":"https:\/\/thietbidienlama.com\/?post_type=product&#038;p=14531"},"modified":"2026-04-22T15:02:06","modified_gmt":"2026-04-22T08:02:06","slug":"mat-cong-tac-vuong-panasonic-dung-1-thiet-bi-trang-anh-kim","status":"publish","type":"product","link":"https:\/\/thietbidienlama.com\/en\/mat-cong-tac-vuong-panasonic-dung-1-thiet-bi-trang-anh-kim\/","title":{"rendered":"M\u1eb7t C\u00f4ng T\u1eafc Vu\u00f4ng Panasonic D\u00f9ng 1 Thi\u1ebft B\u1ecb Wide Tr\u1eafng \u00c1nh Kim Panasonic"},"content":{"rendered":"<h1 style=\"text-align: center;\"><span style=\"font-family: 'times new roman', times, serif; font-size: 18pt; color: #000000;\">M\u1eb7t C\u00f4ng T\u1eafc Vu\u00f4ng Panasonic D\u00f9ng 1 Thi\u1ebft B\u1ecb Wide Tr\u1eafng \u00c1nh Kim Panasonic<\/span><\/h1>\n<div data-sfc-cp=\"\" data-sfc-root=\"c\" data-sfc-cb=\"\" data-hveid=\"CAEIAhAA\" data-complete=\"true\" data-processed=\"true\"><span style=\"font-family: 'times new roman', times, serif; font-size: 14pt; color: #000000;\"><strong><span style=\"color: #ff6600;\"><a style=\"color: #ff6600;\" href=\"https:\/\/thietbidienlama.com\/mat-vuong-panasonic\/\">M\u1eb7t c\u00f4ng t\u1eafc vu\u00f4ng Panasonic<\/a><\/span><\/strong> d\u00f9ng cho 1 thi\u1ebft b\u1ecb thu\u1ed9c d\u00f2ng Wide Series c\u00f3 m\u00e3 s\u1ea3n ph\u1ea9m ch\u00ednh x\u00e1c l\u00e0 WEB7811MH. \u0110\u00e2y l\u00e0 d\u00f2ng s\u1ea3n ph\u1ea9m cao c\u1ea5p v\u1edbi m\u00e0u tr\u1eafng \u00e1nh kim (Metallic White) mang l\u1ea1i v\u1ebb sang tr\u1ecdng v\u00e0 hi\u1ec7n \u0111\u1ea1i cho kh\u00f4ng gian n\u1ed9i th\u1ea5t.<\/span><\/div>\n<div data-sfc-cp=\"\" data-sfc-root=\"c\" data-sfc-cb=\"\" data-hveid=\"CAEIAhAA\" data-complete=\"true\" data-processed=\"true\">\n<div id=\"attachment_14532\" style=\"width: 610px\" class=\"wp-caption aligncenter\"><img fetchpriority=\"high\" decoding=\"async\" aria-describedby=\"caption-attachment-14532\" class=\"wp-image-14532 size-full\" src=\"http:\/\/thietbidienlama.com\/wp-content\/uploads\/2026\/04\/Mat-Cong-Tac-Vuong-Panasonic-Dung-1-Thiet-Bi-Wide-Trang-Anh-Kim-Panasonic.jpg\" alt=\"M\u1eb7t C\u00f4ng T\u1eafc Vu\u00f4ng Panasonic D\u00f9ng 1 Thi\u1ebft B\u1ecb Wide Tr\u1eafng \u00c1nh Kim Panasonic\" width=\"600\" height=\"476\" srcset=\"https:\/\/thietbidienlama.com\/wp-content\/uploads\/2026\/04\/Mat-Cong-Tac-Vuong-Panasonic-Dung-1-Thiet-Bi-Wide-Trang-Anh-Kim-Panasonic.jpg 600w, https:\/\/thietbidienlama.com\/wp-content\/uploads\/2026\/04\/Mat-Cong-Tac-Vuong-Panasonic-Dung-1-Thiet-Bi-Wide-Trang-Anh-Kim-Panasonic-300x238.jpg 300w, https:\/\/thietbidienlama.com\/wp-content\/uploads\/2026\/04\/Mat-Cong-Tac-Vuong-Panasonic-Dung-1-Thiet-Bi-Wide-Trang-Anh-Kim-Panasonic-15x12.jpg 15w, https:\/\/thietbidienlama.com\/wp-content\/uploads\/2026\/04\/Mat-Cong-Tac-Vuong-Panasonic-Dung-1-Thiet-Bi-Wide-Trang-Anh-Kim-Panasonic-150x119.jpg 150w\" sizes=\"(max-width: 600px) 100vw, 600px\" \/><p id=\"caption-attachment-14532\" class=\"wp-caption-text\">M\u1eb7t C\u00f4ng T\u1eafc Vu\u00f4ng Panasonic D\u00f9ng 1 Thi\u1ebft B\u1ecb Wide Tr\u1eafng \u00c1nh Kim Panasonic<\/p><\/div>\n<\/div>\n<div data-sfc-cp=\"\" data-sfc-root=\"c\" data-sfc-cb=\"\" data-hveid=\"CAEIAhAA\" data-complete=\"true\" data-processed=\"true\"><\/div>\n<div data-sfc-cp=\"\" data-sfc-root=\"c\" data-sfc-cb=\"\" data-hveid=\"CAEIAhAA\" data-complete=\"true\" data-processed=\"true\"><span style=\"font-family: 'times new roman', times, serif; font-size: 14pt; color: #000000;\">M\u1eb7t c\u00f4ng t\u1eafc vu\u00f4ng Panasonic m\u00e3\u00a0WEB7811MH\u00a0c\u00f3 m\u00e0u\u00a0X\u00e1m \u00e1nh kim\u00a0(Metallic Grey).<\/span><\/div>\n<div data-sfc-cp=\"\" data-sfc-root=\"c\" data-sfc-cb=\"\" data-hveid=\"CAEIAxAA\" data-complete=\"true\" data-processed=\"true\"><span style=\"font-family: 'times new roman', times, serif; font-size: 14pt; color: #000000;\">\u0110\u00e2y l\u00e0 s\u1ea3n ph\u1ea9m thu\u1ed9c d\u00f2ng\u00a0Wide Series Refina (th\u01b0\u1eddng d\u00f9ng cho kh\u00e1ch s\u1ea1n ho\u1eb7c kh\u00f4ng gian hi\u1ec7n \u0111\u1ea1i) v\u1edbi c\u00e1c \u0111\u1eb7c \u0111i\u1ec3m ch\u00ednh:<\/span><\/div>\n<ul data-sfc-root=\"c\" data-sfc-cb=\"\" data-complete=\"true\" data-processed=\"true\">\n<li data-sfc-cp=\"\" data-sfc-root=\"c\" data-sfc-cb=\"\" data-hveid=\"CAEIBBAA\" data-complete=\"true\" data-sae=\"\"><span style=\"font-family: 'times new roman', times, serif; font-size: 14pt; color: #000000;\">M\u00e0u s\u1eafc: X\u00e1m \u00e1nh kim sang tr\u1ecdng, b\u1ec1 m\u1eb7t c\u00f3 \u0111\u1ed9 b\u00f3ng nh\u1eb9 gi\u00fap t\u0103ng t\u00ednh th\u1ea9m m\u1ef9 cho c\u00f4ng tr\u00ecnh.<\/span><\/li>\n<li data-sfc-cp=\"\" data-sfc-root=\"c\" data-sfc-cb=\"\" data-hveid=\"CAEIBBAB\" data-complete=\"true\" data-sae=\"\"><span style=\"font-family: 'times new roman', times, serif; font-size: 14pt; color: #000000;\">Thi\u1ebft k\u1ebf:\u00a0D\u1ea1ng m\u1eb7t vu\u00f4ng ti\u00eau chu\u1ea9n\u00a0BS\u00a0(British Standard), d\u00f9ng \u0111\u1ec3 l\u1eafp \u0111\u1eb7t cho\u00a01 thi\u1ebft b\u1ecb\u00a0(c\u00f4ng t\u1eafc ho\u1eb7c \u1ed5 c\u1eafm).<\/span><\/li>\n<li data-sfc-cp=\"\" data-sfc-root=\"c\" data-sfc-cb=\"\" data-hveid=\"CAEIBBAC\" data-complete=\"true\" data-sae=\"\"><span style=\"font-family: 'times new roman', times, serif; font-size: 14pt; color: #000000;\">Ch\u1ea5t li\u1ec7u:\u00a0Nh\u1ef1a cao c\u1ea5p\u00a0Urea Resin\u00a0c\u00f3 kh\u1ea3 n\u0103ng ch\u1ed1ng ch\u00e1y, c\u00e1ch \u0111i\u1ec7n an to\u00e0n v\u00e0 \u0111\u1ed9 b\u1ec1n c\u01a1 h\u1ecdc cao.<\/span><\/li>\n<li data-sfc-cp=\"\" data-sfc-root=\"c\" data-sfc-cb=\"\" data-hveid=\"CAEIBBAD\" data-complete=\"true\" data-sae=\"\"><span style=\"font-family: 'times new roman', times, serif; font-size: 14pt; color: #000000;\" data-sfc-cp=\"\" data-sfc-root=\"c\" data-sfc-cb=\"\" data-complete=\"true\" aria-owns=\"action-menu-parent-container\">K\u00edch th\u01b0\u1edbc:\u00a0Th\u00f4ng d\u1ee5ng l\u00e0\u00a086 x 86 mm.<\/span><\/li>\n<\/ul>\n<h2 data-sfc-root=\"c\" data-hveid=\"CAEIAhAA\" data-complete=\"true\" data-processed=\"true\"><span style=\"font-family: 'times new roman', times, serif; font-size: 18pt; color: #ff6600;\">D\u01b0\u1edbi \u0111\u00e2y l\u00e0 nh\u1eefng \u01b0u \u0111i\u1ec3m n\u1ed5i b\u1eadt c\u1ee7a s\u1ea3n ph\u1ea9m:<span aria-hidden=\"true\">\u00a0<\/span><\/span><\/h2>\n<ul data-sfc-root=\"c\" data-sfc-cb=\"\" data-complete=\"true\" data-processed=\"true\">\n<li data-sfc-cp=\"\" data-sfc-root=\"c\" data-sfc-cb=\"\" data-hveid=\"CAEIAxAA\" data-complete=\"true\" data-sae=\"\"><span style=\"font-family: 'times new roman', times, serif; font-size: 14pt; color: #000000;\">T\u00ednh th\u1ea9m m\u1ef9 cao: M\u00e0u\u00a0Tr\u1eafng \u00c1nh Kim (Metallic White)\u00a0mang l\u1ea1i v\u1ebb sang tr\u1ecdng, tinh t\u1ebf v\u00e0 t\u1ea1o \u0111i\u1ec3m nh\u1ea5n nh\u1eb9 nh\u00e0ng cho kh\u00f4ng gian. Thi\u1ebft k\u1ebf vu\u00f4ng v\u1ee9c theo chu\u1ea9n BS (86x86mm) m\u1ecfng nh\u1eb9, \u00f4m s\u00e1t b\u1ec1 m\u1eb7t t\u01b0\u1eddng, gi\u00fap t\u1ed1i \u01b0u di\u1ec7n t\u00edch v\u00e0 t\u0103ng t\u00ednh hi\u1ec7n \u0111\u1ea1i.<\/span><\/li>\n<li data-sfc-cp=\"\" data-sfc-root=\"c\" data-sfc-cb=\"\" data-hveid=\"CAEIAxAB\" data-complete=\"true\" data-sae=\"\"><span style=\"font-family: 'times new roman', times, serif; font-size: 14pt; color: #000000;\">Ch\u1ea5t li\u1ec7u nh\u1ef1a cao c\u1ea5p: S\u1ea3n ph\u1ea9m \u0111\u01b0\u1ee3c l\u00e0m t\u1eeb nh\u1ef1a\u00a0PC\/ABS\u00a0ch\u1ea5t l\u01b0\u1ee3ng cao, c\u00f3 kh\u1ea3 n\u0103ng\u00a0c\u00e1ch \u0111i\u1ec7n ho\u00e0n to\u00e0n, ch\u1ecbu nhi\u1ec7t, ch\u1ed1ng va \u0111\u1eadp v\u00e0 ch\u1ed1ng ch\u00e1y t\u1ed1t.<\/span><\/li>\n<li data-sfc-cp=\"\" data-sfc-root=\"c\" data-sfc-cb=\"\" data-hveid=\"CAEIAxAC\" data-complete=\"true\" data-sae=\"\"><span style=\"font-family: 'times new roman', times, serif; font-size: 14pt; color: #000000;\">\u0110\u1ed9 b\u1ec1n v\u01b0\u1ee3t tr\u1ed9i: B\u1ec1 m\u1eb7t nh\u1ef1a b\u00f3ng m\u1ecbn gi\u00fap ch\u1ed1ng tr\u1ea7y x\u01b0\u1edbc v\u00e0 \u0111\u1eb7c bi\u1ec7t l\u00e0\u00a0kh\u00f4ng b\u1ecb phai m\u00e0u hay \u1ed1 v\u00e0ng\u00a0theo th\u1eddi gian s\u1eed d\u1ee5ng.<\/span><\/li>\n<li data-sfc-cp=\"\" data-sfc-root=\"c\" data-sfc-cb=\"\" data-hveid=\"CAEIAxAD\" data-complete=\"true\" data-sae=\"\"><span style=\"font-family: 'times new roman', times, serif; font-size: 14pt; color: #000000;\">V\u1eadn h\u00e0nh b\u1ec1n b\u1ec9 &amp; An to\u00e0n: \u0110\u1ea1t c\u00e1c ti\u00eau chu\u1ea9n an to\u00e0n qu\u1ed1c t\u1ebf nh\u01b0\u00a0IEC\u00a0v\u00e0\u00a0JIS\u00a0(Nh\u1eadt B\u1ea3n). Thi\u1ebft k\u1ebf m\u1eb7t ph\u1eb3ng gi\u00fap vi\u1ec7c v\u1ec7 sinh, lau ch\u00f9i b\u1ee5i b\u1ea9n tr\u1edf n\u00ean d\u1ec5 d\u00e0ng.<\/span><\/li>\n<li data-sfc-cp=\"\" data-sfc-root=\"c\" data-sfc-cb=\"\" data-hveid=\"CAEIAxAE\" data-complete=\"true\" data-sae=\"\"><span style=\"font-family: 'times new roman', times, serif; font-size: 14pt; color: #000000;\" data-sfc-cp=\"\" data-sfc-root=\"c\" data-sfc-cb=\"\" data-complete=\"true\" aria-owns=\"action-menu-parent-container\">L\u1eafp \u0111\u1eb7t linh ho\u1ea1t: D\u1ec5 d\u00e0ng k\u1ebft h\u1ee3p v\u1edbi c\u00e1c h\u1ea1t c\u00f4ng t\u1eafc, \u1ed5 c\u1eafm c\u00f9ng d\u00f2ng Wide, ph\u00f9 h\u1ee3p cho c\u1ea3 l\u1eafp \u00e2m t\u01b0\u1eddng ho\u1eb7c l\u1eafp n\u1ed5i trong nhi\u1ec1u lo\u1ea1i c\u00f4ng tr\u00ecnh t\u1eeb nh\u00e0 d\u00e2n d\u1ee5ng \u0111\u1ebfn kh\u00e1ch s\u1ea1n cao c\u1ea5p.<\/span><\/li>\n<\/ul>\n<p><strong><span style=\"font-family: 'times new roman', times, serif; font-size: 14pt; color: #000000;\">Facebook:\u00a0<span style=\"color: #ff6600;\"><a style=\"color: #ff6600;\" href=\"https:\/\/www.facebook.com\/thietbidienlama\" target=\"_blank\" rel=\"noopener\">THI\u1ebeT\u00a0B\u1eca \u0110I\u1ec6N LAMA<\/a><\/span><\/span><\/strong><\/p>\n<p><strong><span style=\"font-family: 'times new roman', times, serif; font-size: 14pt; color: #000000;\">Tiktok:\u00a0<span style=\"color: #ff6600;\"><a style=\"color: #ff6600;\" href=\"https:\/\/www.tiktok.com\/@thietbidienlama\" target=\"_blank\" rel=\"noopener\">THI\u1ebeT\u00a0B\u1eca \u0110I\u1ec6N LAMA<\/a><\/span><\/span><\/strong><\/p>\n<p><strong><span style=\"font-family: 'times new roman', times, serif; font-size: 14pt; color: #000000;\">Youtube:\u00a0<span style=\"color: #ff6600;\"><a style=\"color: #ff6600;\" href=\"https:\/\/www.youtube.com\/@thietbidienlama\" target=\"_blank\" rel=\"noopener\">THI\u1ebeT\u00a0B\u1eca \u0110I\u1ec6N LAMA<\/a><\/span><\/span><\/strong><\/p>","protected":false},"excerpt":{"rendered":"<p>M\u1eb7t C\u00f4ng T\u1eafc Vu\u00f4ng Panasonic D\u00f9ng 1 Thi\u1ebft B\u1ecb Wide Tr\u1eafng \u00c1nh Kim Panasonic M\u1eb7t c\u00f4ng t\u1eafc vu\u00f4ng Panasonic d\u00f9ng<\/p>","protected":false},"featured_media":14534,"comment_status":"closed","ping_status":"closed","template":"","meta":[],"product_brand":[],"product_cat":[911,955],"product_tag":[1078],"class_list":{"0":"post-14531","1":"product","2":"type-product","3":"status-publish","4":"has-post-thumbnail","6":"product_cat-mat-panasonic","7":"product_cat-mat-vuong-panasonic","8":"product_tag-mat-cong-tac-vuong-panasonic","10":"first","11":"instock","12":"sale","13":"shipping-taxable","14":"purchasable","15":"product-type-simple"},"_links":{"self":[{"href":"https:\/\/thietbidienlama.com\/en\/wp-json\/wp\/v2\/product\/14531","targetHints":{"allow":["GET"]}}],"collection":[{"href":"https:\/\/thietbidienlama.com\/en\/wp-json\/wp\/v2\/product"}],"about":[{"href":"https:\/\/thietbidienlama.com\/en\/wp-json\/wp\/v2\/types\/product"}],"replies":[{"embeddable":true,"href":"https:\/\/thietbidienlama.com\/en\/wp-json\/wp\/v2\/comments?post=14531"}],"version-history":[{"count":3,"href":"https:\/\/thietbidienlama.com\/en\/wp-json\/wp\/v2\/product\/14531\/revisions"}],"predecessor-version":[{"id":14536,"href":"https:\/\/thietbidienlama.com\/en\/wp-json\/wp\/v2\/product\/14531\/revisions\/14536"}],"wp:featuredmedia":[{"embeddable":true,"href":"https:\/\/thietbidienlama.com\/en\/wp-json\/wp\/v2\/media\/14534"}],"wp:attachment":[{"href":"https:\/\/thietbidienlama.com\/en\/wp-json\/wp\/v2\/media?parent=14531"}],"wp:term":[{"taxonomy":"product_brand","embeddable":true,"href":"https:\/\/thietbidienlama.com\/en\/wp-json\/wp\/v2\/product_brand?post=14531"},{"taxonomy":"product_cat","embeddable":true,"href":"https:\/\/thietbidienlama.com\/en\/wp-json\/wp\/v2\/product_cat?post=14531"},{"taxonomy":"product_tag","embeddable":true,"href":"https:\/\/thietbidienlama.com\/en\/wp-json\/wp\/v2\/product_tag?post=14531"}],"curies":[{"name":"wp","href":"https:\/\/api.w.org\/{rel}","templated":true}]}}