{"id":14537,"date":"2026-04-22T15:25:51","date_gmt":"2026-04-22T08:25:51","guid":{"rendered":"https:\/\/thietbidienlama.com\/?post_type=product&#038;p=14537"},"modified":"2026-04-22T15:25:52","modified_gmt":"2026-04-22T08:25:52","slug":"mat-cong-tac-vuong-panasonic-dung-2-thiet-bi-wide-trang-anh-kim","status":"publish","type":"product","link":"https:\/\/thietbidienlama.com\/en\/mat-cong-tac-vuong-panasonic-dung-2-thiet-bi-wide-trang-anh-kim\/","title":{"rendered":"M\u1eb7t C\u00f4ng T\u1eafc Vu\u00f4ng Panasonic D\u00f9ng 2 Thi\u1ebft B\u1ecb Wide Tr\u1eafng \u00c1nh Kim Panasonic"},"content":{"rendered":"<h1 style=\"text-align: center;\" data-sfc-root=\"c\" data-hveid=\"CAEIARAA\" data-processed=\"true\" data-complete=\"true\"><span style=\"font-family: 'times new roman', times, serif; font-size: 18pt;\">M\u1eb7t C\u00f4ng T\u1eafc Vu\u00f4ng Panasonic D\u00f9ng 2 Thi\u1ebft B\u1ecb Wide Tr\u1eafng \u00c1nh Kim Panasonic<\/span><\/h1>\n<div data-sfc-cp=\"\" data-sfc-root=\"c\" data-sfc-cb=\"\" data-hveid=\"CAEIARAA\" data-processed=\"true\" data-complete=\"true\"><span style=\"font-family: 'times new roman', times, serif; font-size: 14pt;\"><span style=\"color: #ff6600;\"><strong><a style=\"color: #ff6600;\" href=\"https:\/\/thietbidienlama.com\/mat-vuong-panasonic\/\">M<\/a><\/strong><\/span><span style=\"color: #000000;\"><span style=\"color: #ff6600;\"><strong>\u1eb7t c\u00f4ng t\u1eafc vu\u00f4ng Panasonic<\/strong><\/span> m\u00e3\u00a0WEB7812MW\u00a0l\u00e0\u00a0d\u00f2ng s\u1ea3n ph\u1ea9m d\u00f9ng cho\u00a02 thi\u1ebft b\u1ecb\u00a0v\u1edbi m\u00e0u\u00a0Tr\u1eafng \u00e1nh kim\u00a0(Metallic White).<\/span><\/span><\/div>\n<div data-sfc-cp=\"\" data-sfc-root=\"c\" data-sfc-cb=\"\" data-hveid=\"CAEIARAA\" data-processed=\"true\" data-complete=\"true\">\n<div id=\"attachment_14538\" style=\"width: 610px\" class=\"wp-caption aligncenter\"><img fetchpriority=\"high\" decoding=\"async\" aria-describedby=\"caption-attachment-14538\" class=\"wp-image-14538 size-full\" src=\"http:\/\/thietbidienlama.com\/wp-content\/uploads\/2026\/04\/Mat-Cong-Tac-Vuong-Panasonic-Dung-2-Thiet-Bi-Wide-Trang-Anh-Kim-Panasonic.jpg\" alt=\"M\u1eb7t C\u00f4ng T\u1eafc Vu\u00f4ng Panasonic D\u00f9ng 2 Thi\u1ebft B\u1ecb Wide Tr\u1eafng \u00c1nh Kim Panasonic\" width=\"600\" height=\"600\" srcset=\"https:\/\/thietbidienlama.com\/wp-content\/uploads\/2026\/04\/Mat-Cong-Tac-Vuong-Panasonic-Dung-2-Thiet-Bi-Wide-Trang-Anh-Kim-Panasonic.jpg 600w, https:\/\/thietbidienlama.com\/wp-content\/uploads\/2026\/04\/Mat-Cong-Tac-Vuong-Panasonic-Dung-2-Thiet-Bi-Wide-Trang-Anh-Kim-Panasonic-300x300.jpg 300w, https:\/\/thietbidienlama.com\/wp-content\/uploads\/2026\/04\/Mat-Cong-Tac-Vuong-Panasonic-Dung-2-Thiet-Bi-Wide-Trang-Anh-Kim-Panasonic-150x150.jpg 150w, https:\/\/thietbidienlama.com\/wp-content\/uploads\/2026\/04\/Mat-Cong-Tac-Vuong-Panasonic-Dung-2-Thiet-Bi-Wide-Trang-Anh-Kim-Panasonic-12x12.jpg 12w\" sizes=\"(max-width: 600px) 100vw, 600px\" \/><p id=\"caption-attachment-14538\" class=\"wp-caption-text\">\u00a0 \u00a0 \u00a0 \u00a0 \u00a0 \u00a0 \u00a0 M\u1eb7t C\u00f4ng T\u1eafc Vu\u00f4ng Panasonic D\u00f9ng 2 Thi\u1ebft B\u1ecb Wide Tr\u1eafng \u00c1nh Kim Panasonic<\/p><\/div>\n<\/div>\n<h2 data-sfc-root=\"c\" data-hveid=\"CAEIAhAA\" data-complete=\"true\" data-processed=\"true\"><span style=\"font-family: 'times new roman', times, serif; font-size: 18pt; color: #ff6600;\">D\u01b0\u1edbi \u0111\u00e2y l\u00e0 c\u00e1c th\u00f4ng s\u1ed1 ch\u00ednh c\u1ee7a s\u1ea3n ph\u1ea9m:<\/span><\/h2>\n<ul data-sfc-root=\"c\" data-sfc-cb=\"\" data-processed=\"true\" data-complete=\"true\">\n<li data-sfc-cp=\"\" data-sfc-root=\"c\" data-sfc-cb=\"\" data-hveid=\"CAEIAxAA\" data-complete=\"true\" data-sae=\"\"><span style=\"font-family: 'times new roman', times, serif; font-size: 14pt; color: #000000;\">M\u00e3 s\u1ea3n ph\u1ea9m:\u00a0WEB7812MW.<\/span><\/li>\n<li data-sfc-cp=\"\" data-sfc-root=\"c\" data-sfc-cb=\"\" data-hveid=\"CAEIAxAB\" data-sae=\"\" data-complete=\"true\"><span style=\"font-family: 'times new roman', times, serif; font-size: 14pt; color: #000000;\">D\u00f2ng s\u1ea3n ph\u1ea9m:\u00a0Wide Series Refina (D\u00f2ng cao c\u1ea5p v\u1edbi b\u1ec1 m\u1eb7t \u00e1nh kim).<\/span><\/li>\n<li data-sfc-cp=\"\" data-sfc-root=\"c\" data-sfc-cb=\"\" data-hveid=\"CAEIAxAC\" data-complete=\"true\" data-processed=\"true\" data-sae=\"\"><span style=\"font-family: 'times new roman', times, serif; font-size: 14pt; color: #000000;\">M\u00e0u s\u1eafc:\u00a0Tr\u1eafng \u00e1nh kim (Metallic White) &#8211; mang v\u1ebb hi\u1ec7n \u0111\u1ea1i, b\u1ec1 m\u1eb7t m\u1ecbn v\u00e0 b\u1eaft s\u00e1ng t\u1ed1t h\u01a1n so v\u1edbi m\u00e0u tr\u1eafng th\u00f4ng th\u01b0\u1eddng.<\/span><\/li>\n<li data-sfc-cp=\"\" data-sfc-root=\"c\" data-sfc-cb=\"\" data-hveid=\"CAEIAxAD\" data-complete=\"true\" data-processed=\"true\" data-sae=\"\"><span style=\"font-family: 'times new roman', times, serif; font-size: 14pt; color: #000000;\">S\u1ed1 thi\u1ebft b\u1ecb:\u00a0Thi\u1ebft k\u1ebf \u0111\u1ec3 l\u1eafp\u00a02 h\u1ea1t thi\u1ebft b\u1ecb\u00a0(c\u00f3 th\u1ec3 l\u00e0 2 c\u00f4ng t\u1eafc, ho\u1eb7c k\u1ebft h\u1ee3p 1 c\u00f4ng t\u1eafc 1 \u1ed5 c\u1eafm&#8230; mi\u1ec5n l\u00e0 c\u00f9ng d\u00f2ng Wide).<\/span><\/li>\n<li data-sfc-cp=\"\" data-sfc-root=\"c\" data-sfc-cb=\"\" data-hveid=\"CAEIAxAE\" data-complete=\"true\" data-processed=\"true\" data-sae=\"\"><span style=\"font-family: 'times new roman', times, serif; font-size: 14pt; color: #000000;\">K\u00edch th\u01b0\u1edbc:\u00a086 x 86 mm (Chu\u1ea9n vu\u00f4ng BS).<\/span><\/li>\n<li data-sfc-cp=\"\" data-sfc-root=\"c\" data-sfc-cb=\"\" data-hveid=\"CAEIAxAF\" data-complete=\"true\" data-processed=\"true\" data-sae=\"\"><span style=\"font-family: 'times new roman', times, serif; font-size: 14pt; color: #000000;\">\u0110\u1eb7c \u0111i\u1ec3m: S\u1ea3n ph\u1ea9m l\u00e0m t\u1eeb nh\u1ef1a cao c\u1ea5p ch\u1ed1ng ch\u00e1y, gi\u1eef m\u00e0u t\u1ed1t v\u00e0 kh\u00f4ng b\u1ecb \u1ed1 v\u00e0ng.<\/span><\/li>\n<\/ul>\n<div data-sfc-cp=\"\" data-sfc-root=\"c\" data-sfc-cb=\"\" data-hveid=\"CAEIBBAA\" data-complete=\"true\" data-processed=\"true\"><span style=\"font-family: 'times new roman', times, serif; font-size: 14pt; color: #000000;\">M\u00e3 n\u00e0y th\u01b0\u1eddng \u0111\u01b0\u1ee3c l\u1ef1a ch\u1ecdn cho c\u00e1c kh\u00f4ng gian n\u1ed9i th\u1ea5t sang tr\u1ecdng, t\u1ed1i gi\u1ea3n nh\u01b0ng v\u1eabn c\u1ea7n s\u1ef1 tinh t\u1ebf t\u1eeb hi\u1ec7u \u1ee9ng \u00e1nh kim.<\/span><\/div>\n<div data-sfc-cp=\"\" data-sfc-root=\"c\" data-sfc-cb=\"\" data-hveid=\"CAEIBBAA\" data-complete=\"true\" data-processed=\"true\">\n<div data-sfc-cp=\"\" data-sfc-root=\"c\" data-sfc-cb=\"\" data-hveid=\"CAEIARAA\" data-processed=\"true\" data-complete=\"true\"><span style=\"font-family: 'times new roman', times, serif; font-size: 14pt; color: #000000;\">D\u01b0\u1edbi \u0111\u00e2y l\u00e0 nh\u1eefng \u01b0u \u0111i\u1ec3m n\u1ed5i b\u1eadt khi\u1ebfn m\u00e3 s\u1ea3n ph\u1ea9m n\u00e0y r\u1ea5t \u0111\u01b0\u1ee3c \u01b0a chu\u1ed9ng:<\/span><\/div>\n<div class=\"Fsg96\" data-sfc-cp=\"\" data-sfc-root=\"c\" data-sfc-cb=\"\" data-complete=\"true\" data-processed=\"true\"><\/div>\n<div class=\"otQkpb\" role=\"heading\" aria-level=\"3\" data-animation-nesting=\"\" data-sfc-cp=\"\" data-sfc-root=\"c\" data-sfc-cb=\"\" data-complete=\"true\" data-processed=\"true\" data-sae=\"\"><span style=\"font-family: 'times new roman', times, serif; font-size: 14pt; color: #000000;\">1. Th\u1ea9m m\u1ef9 sang tr\u1ecdng &amp; Hi\u1ec7n \u0111\u1ea1i<\/span><\/div>\n<ul class=\"KsbFXc U6u95\" data-sfc-root=\"c\" data-sfc-cb=\"\" data-complete=\"true\" data-processed=\"true\">\n<li class=\"Z1qcYe\" data-sfc-cp=\"\" data-sfc-root=\"c\" data-sfc-cb=\"\" data-hveid=\"CAEIAxAA\" data-complete=\"true\" data-sae=\"\"><span class=\"T286Pc\" style=\"font-family: 'times new roman', times, serif; font-size: 14pt; color: #000000;\" data-sfc-cp=\"\" data-sfc-root=\"c\" data-sfc-cb=\"\" data-complete=\"true\"><strong class=\"Yjhzub\" data-sfc-root=\"c\" data-sfc-cb=\"\" data-complete=\"true\">M\u00e0u Tr\u1eafng \u00e1nh kim (Metallic White):<\/strong>\u00a0Kh\u00e1c v\u1edbi m\u00e0u tr\u1eafng nh\u1ef1a th\u00f4ng th\u01b0\u1eddng, l\u1edbp ho\u00e0n thi\u1ec7n \u00e1nh kim t\u1ea1o \u0111\u1ed9 b\u00f3ng nh\u1eb9 v\u00e0 chi\u1ec1u s\u00e2u cho b\u1ec1 m\u1eb7t. N\u00f3 gi\u00fap m\u1eb7t c\u00f4ng t\u1eafc tr\u00f4ng sang tr\u1ecdng h\u01a1n, b\u1eaft s\u00e1ng t\u1ed1t v\u00e0 t\u1ea1o \u0111i\u1ec3m nh\u1ea5n tinh t\u1ebf tr\u00ean b\u1ee9c t\u01b0\u1eddng.<\/span><\/li>\n<li class=\"Z1qcYe\" data-sfc-cp=\"\" data-sfc-root=\"c\" data-sfc-cb=\"\" data-hveid=\"CAEIAxAB\" data-complete=\"true\" data-sae=\"\"><span class=\"T286Pc\" style=\"font-family: 'times new roman', times, serif; font-size: 14pt; color: #000000;\" data-sfc-cp=\"\" data-sfc-root=\"c\" data-sfc-cb=\"\" data-complete=\"true\"><strong class=\"Yjhzub\" data-sfc-root=\"c\" data-sfc-cb=\"\" data-complete=\"true\">Thi\u1ebft k\u1ebf m\u1eb7t vu\u00f4ng (BS Type):<\/strong> \u0110\u00e2y l\u00e0 xu h\u01b0\u1edbng thi\u1ebft k\u1ebf n\u1ed9i th\u1ea5t hi\u1ec7n \u0111\u1ea1i, mang l\u1ea1i c\u1ea3m gi\u00e1c ch\u1eafc ch\u1eafn, g\u1ecdn g\u00e0ng v\u00e0 cao c\u1ea5p h\u01a1n so v\u1edbi d\u1ea1ng m\u1eb7t ch\u1eef nh\u1eadt truy\u1ec1n th\u1ed1ng.<\/span><\/li>\n<\/ul>\n<div class=\"otQkpb\" role=\"heading\" aria-level=\"3\" data-animation-nesting=\"\" data-sfc-cp=\"\" data-sfc-root=\"c\" data-sfc-cb=\"\" data-complete=\"true\" data-processed=\"true\" data-sae=\"\"><span style=\"font-family: 'times new roman', times, serif; font-size: 14pt; color: #000000;\">2. Ch\u1ea5t li\u1ec7u cao c\u1ea5p &amp; \u0110\u1ed9 b\u1ec1n v\u01b0\u1ee3t tr\u1ed9i<\/span><\/div>\n<ul class=\"KsbFXc U6u95\" data-sfc-root=\"c\" data-sfc-cb=\"\" data-complete=\"true\" data-processed=\"true\">\n<li class=\"Z1qcYe\" data-sfc-cp=\"\" data-sfc-root=\"c\" data-sfc-cb=\"\" data-hveid=\"CAEIBRAA\" data-complete=\"true\" data-sae=\"\"><span class=\"T286Pc\" style=\"font-family: 'times new roman', times, serif; font-size: 14pt; color: #000000;\" data-sfc-cp=\"\" data-sfc-root=\"c\" data-sfc-cb=\"\" data-complete=\"true\"><strong class=\"Yjhzub\" data-sfc-root=\"c\" data-sfc-cb=\"\" data-complete=\"true\">Nh\u1ef1a Urea Resin:<\/strong>\u00a0S\u1ea3n ph\u1ea9m \u0111\u01b0\u1ee3c l\u00e0m t\u1eeb nh\u1ef1a cao c\u1ea5p c\u00f3 kh\u1ea3 n\u0103ng\u00a0<strong class=\"Yjhzub\" data-sfc-root=\"c\" data-sfc-cb=\"\" data-complete=\"true\">ch\u1ed1ng ch\u00e1y<\/strong>, ch\u1ecbu nhi\u1ec7t t\u1ed1t v\u00e0 c\u00e1ch \u0111i\u1ec7n tuy\u1ec7t \u0111\u1ed1i, \u0111\u1ea3m b\u1ea3o an to\u00e0n cho h\u1ec7 th\u1ed1ng \u0111i\u1ec7n gia \u0111\u00ecnh.<\/span><\/li>\n<li class=\"Z1qcYe\" data-sfc-cp=\"\" data-sfc-root=\"c\" data-sfc-cb=\"\" data-hveid=\"CAEIBRAB\" data-complete=\"true\" data-sae=\"\"><span class=\"T286Pc\" style=\"font-family: 'times new roman', times, serif; font-size: 14pt; color: #000000;\" data-sfc-cp=\"\" data-sfc-root=\"c\" data-sfc-cb=\"\" data-complete=\"true\"><strong class=\"Yjhzub\" data-sfc-root=\"c\" data-sfc-cb=\"\" data-complete=\"true\">Ch\u1ed1ng \u1ed1 v\u00e0ng:<\/strong> B\u1ec1 m\u1eb7t \u0111\u01b0\u1ee3c x\u1eed l\u00fd \u0111\u1eb7c bi\u1ec7t gi\u00fap gi\u1eef m\u00e0u c\u1ef1c t\u1ed1t, kh\u00f4ng b\u1ecb x\u1ec9n m\u00e0u hay \u1ed1 v\u00e0ng sau th\u1eddi gian d\u00e0i s\u1eed d\u1ee5ng nh\u01b0 c\u00e1c d\u00f2ng nh\u1ef1a r\u1ebb ti\u1ec1n.<\/span><\/li>\n<\/ul>\n<div class=\"otQkpb\" role=\"heading\" aria-level=\"3\" data-animation-nesting=\"\" data-sfc-cp=\"\" data-sfc-root=\"c\" data-sfc-cb=\"\" data-complete=\"true\" data-processed=\"true\" data-sae=\"\"><span style=\"font-family: 'times new roman', times, serif; font-size: 14pt; color: #000000;\">3. Tr\u1ea3i nghi\u1ec7m s\u1eed d\u1ee5ng t\u1ed1t<\/span><\/div>\n<ul class=\"KsbFXc U6u95\" data-sfc-root=\"c\" data-sfc-cb=\"\" data-complete=\"true\" data-processed=\"true\">\n<li class=\"Z1qcYe\" data-sfc-cp=\"\" data-sfc-root=\"c\" data-sfc-cb=\"\" data-hveid=\"CAEIBxAA\" data-complete=\"true\" data-sae=\"\"><span class=\"T286Pc\" style=\"font-family: 'times new roman', times, serif; font-size: 14pt; color: #000000;\" data-sfc-cp=\"\" data-sfc-root=\"c\" data-sfc-cb=\"\" data-complete=\"true\"><strong class=\"Yjhzub\" data-sfc-root=\"c\" data-sfc-cb=\"\" data-complete=\"true\">V\u1eadn h\u00e0nh \u00eam \u00e1i:<\/strong>\u00a0D\u00f2ng Wide n\u1ed5i ti\u1ebfng v\u1edbi thi\u1ebft k\u1ebf ph\u00edm b\u1ea5m l\u1edbn, \u0111\u1ed9 nh\u1ea1y cao. Khi k\u1ebft h\u1ee3p v\u1edbi c\u00e1c h\u1ea1t thi\u1ebft b\u1ecb c\u00f9ng d\u00f2ng, thao t\u00e1c b\u1eadt\/t\u1eaft r\u1ea5t nh\u1eb9 nh\u00e0ng v\u00e0 kh\u00f4ng g\u00e2y ti\u1ebfng \u1ed3n l\u1edbn.<\/span><\/li>\n<li class=\"Z1qcYe\" data-sfc-cp=\"\" data-sfc-root=\"c\" data-sfc-cb=\"\" data-hveid=\"CAEIBxAB\" data-complete=\"true\" data-sae=\"\"><span class=\"T286Pc\" style=\"font-family: 'times new roman', times, serif; font-size: 14pt; color: #000000;\" data-sfc-cp=\"\" data-sfc-root=\"c\" data-sfc-cb=\"\" data-complete=\"true\"><strong class=\"Yjhzub\" data-sfc-root=\"c\" data-sfc-cb=\"\" data-complete=\"true\">D\u1ec5 d\u00e0ng v\u1ec7 sinh:<\/strong> B\u1ec1 m\u1eb7t ph\u1eb3ng, m\u1ecbn gi\u00fap vi\u1ec7c lau ch\u00f9i b\u1ee5i b\u1ea9n tr\u1edf n\u00ean nhanh ch\u00f3ng v\u00e0 d\u1ec5 d\u00e0ng.<\/span><\/li>\n<\/ul>\n<div class=\"otQkpb\" role=\"heading\" aria-level=\"3\" data-animation-nesting=\"\" data-sfc-cp=\"\" data-sfc-root=\"c\" data-sfc-cb=\"\" data-complete=\"true\" data-processed=\"true\" data-sae=\"\"><span style=\"font-family: 'times new roman', times, serif; font-size: 14pt; color: #000000;\">4. T\u00ednh linh ho\u1ea1t v\u00e0 l\u1eafp \u0111\u1eb7t<\/span><\/div>\n<ul class=\"KsbFXc U6u95\" data-sfc-root=\"c\" data-sfc-cb=\"\" data-complete=\"true\" data-processed=\"true\">\n<li class=\"Z1qcYe\" data-sfc-cp=\"\" data-sfc-root=\"c\" data-sfc-cb=\"\" data-hveid=\"CAEICRAA\" data-complete=\"true\" data-sae=\"\"><span class=\"T286Pc\" style=\"font-family: 'times new roman', times, serif; font-size: 14pt; color: #000000;\" data-sfc-cp=\"\" data-sfc-root=\"c\" data-sfc-cb=\"\" data-complete=\"true\"><strong class=\"Yjhzub\" data-sfc-root=\"c\" data-sfc-cb=\"\" data-complete=\"true\">D\u00f9ng cho 2 thi\u1ebft b\u1ecb:<\/strong>\u00a0V\u1edbi thi\u1ebft k\u1ebf 2 v\u1ecb tr\u00ed, b\u1ea1n c\u00f3 th\u1ec3 linh ho\u1ea1t l\u1eafp k\u1ebft h\u1ee3p: 2 c\u00f4ng t\u1eafc, ho\u1eb7c 1 c\u00f4ng t\u1eafc + 1 \u0111\u00e8n b\u00e1o, t\u00f9y theo nhu c\u1ea7u s\u1eed d\u1ee5ng.<\/span><\/li>\n<li class=\"Z1qcYe\" data-sfc-cp=\"\" data-sfc-root=\"c\" data-sfc-cb=\"\" data-hveid=\"CAEICRAB\" data-complete=\"true\" data-sae=\"\"><span class=\"T286Pc\" style=\"font-family: 'times new roman', times, serif; font-size: 14pt; color: #000000;\" data-sfc-cp=\"\" data-sfc-root=\"c\" data-sfc-cb=\"\" data-complete=\"true\"><strong class=\"Yjhzub\" data-sfc-root=\"c\" data-sfc-cb=\"\" data-complete=\"true\">L\u1eafp \u0111\u1eb7t d\u1ec5 d\u00e0ng:<\/strong> Thi\u1ebft k\u1ebf th\u00f4ng minh gi\u00fap vi\u1ec7c th\u00e1o l\u1eafp c\u00e1c h\u1ea1t thi\u1ebft b\u1ecb v\u00e0o m\u1eb7t nh\u1ef1a r\u1ea5t nhanh ch\u00f3ng, ch\u1eafc ch\u1eafn, kh\u00f4ng b\u1ecb r\u01a1 l\u1ecfng.<\/span><\/li>\n<\/ul>\n<div class=\"otQkpb\" role=\"heading\" aria-level=\"3\" data-animation-nesting=\"\" data-sfc-cp=\"\" data-sfc-root=\"c\" data-sfc-cb=\"\" data-complete=\"true\" data-processed=\"true\" data-sae=\"\"><span style=\"font-family: 'times new roman', times, serif; font-size: 14pt; color: #000000;\">5. Th\u01b0\u01a1ng hi\u1ec7u uy t\u00edn<\/span><\/div>\n<ul class=\"KsbFXc U6u95\" data-sfc-root=\"c\" data-sfc-cb=\"\" data-complete=\"true\" data-processed=\"true\">\n<li class=\"Z1qcYe\" data-sfc-cp=\"\" data-sfc-root=\"c\" data-sfc-cb=\"\" data-hveid=\"CAEICxAA\" data-complete=\"true\" data-sae=\"\"><span class=\"T286Pc\" style=\"font-family: 'times new roman', times, serif; font-size: 14pt; color: #000000;\" data-sfc-cp=\"\" data-sfc-root=\"c\" data-sfc-cb=\"\" data-complete=\"true\">S\u1ea3n ph\u1ea9m c\u1ee7a\u00a0<strong class=\"Yjhzub\" data-sfc-root=\"c\" data-sfc-cb=\"\" data-complete=\"true\">Panasonic<\/strong> lu\u00f4n \u0111i \u0111\u1ea7u v\u1ec1 ti\u00eau chu\u1ea9n an to\u00e0n v\u00e0 \u0111\u1ed9 b\u1ec1n k\u1ef9 thu\u1eadt, gi\u00fap ng\u01b0\u1eddi d\u00f9ng y\u00ean t\u00e2m v\u1ec1 ch\u1ea5t l\u01b0\u1ee3ng c\u00f4ng tr\u00ecnh trong h\u00e0ng ch\u1ee5c n\u0103m.<\/span><\/li>\n<\/ul>\n<\/div>\n<div data-sfc-cp=\"\" data-sfc-root=\"c\" data-sfc-cb=\"\" data-hveid=\"CAEIBBAA\" data-complete=\"true\" data-processed=\"true\">\n<p><strong><span style=\"font-family: 'times new roman', times, serif; font-size: 14pt; color: #000000;\">Facebook:\u00a0<span style=\"color: #ff6600;\"><a style=\"color: #ff6600;\" href=\"https:\/\/www.facebook.com\/thietbidienlama\" target=\"_blank\" rel=\"noopener\">THI\u1ebeT\u00a0B\u1eca \u0110I\u1ec6N LAMA<\/a><\/span><\/span><\/strong><\/p>\n<p><strong><span style=\"font-family: 'times new roman', times, serif; font-size: 14pt; color: #000000;\">Tiktok:\u00a0<span style=\"color: #ff6600;\"><a style=\"color: #ff6600;\" href=\"https:\/\/www.tiktok.com\/@thietbidienlama\" target=\"_blank\" rel=\"noopener\">THI\u1ebeT\u00a0B\u1eca \u0110I\u1ec6N LAMA<\/a><\/span><\/span><\/strong><\/p>\n<p><strong><span style=\"font-family: 'times new roman', times, serif; font-size: 14pt; color: #000000;\">Youtube:\u00a0<span style=\"color: #ff6600;\"><a style=\"color: #ff6600;\" href=\"https:\/\/www.youtube.com\/@thietbidienlama\" target=\"_blank\" rel=\"noopener\">THI\u1ebeT\u00a0B\u1eca \u0110I\u1ec6N LAMA<\/a><\/span><\/span><\/strong><\/p>\n<\/div>","protected":false},"excerpt":{"rendered":"<p>M\u1eb7t C\u00f4ng T\u1eafc Vu\u00f4ng Panasonic D\u00f9ng 2 Thi\u1ebft B\u1ecb Wide Tr\u1eafng \u00c1nh Kim Panasonic M\u1eb7t c\u00f4ng t\u1eafc vu\u00f4ng Panasonic m\u00e3\u00a0WEB7812MW\u00a0l\u00e0\u00a0d\u00f2ng<\/p>","protected":false},"featured_media":14538,"comment_status":"closed","ping_status":"closed","template":"","meta":[],"product_brand":[],"product_cat":[911,955],"product_tag":[1078],"class_list":{"0":"post-14537","1":"product","2":"type-product","3":"status-publish","4":"has-post-thumbnail","6":"product_cat-mat-panasonic","7":"product_cat-mat-vuong-panasonic","8":"product_tag-mat-cong-tac-vuong-panasonic","10":"first","11":"instock","12":"sale","13":"shipping-taxable","14":"purchasable","15":"product-type-simple"},"_links":{"self":[{"href":"https:\/\/thietbidienlama.com\/en\/wp-json\/wp\/v2\/product\/14537","targetHints":{"allow":["GET"]}}],"collection":[{"href":"https:\/\/thietbidienlama.com\/en\/wp-json\/wp\/v2\/product"}],"about":[{"href":"https:\/\/thietbidienlama.com\/en\/wp-json\/wp\/v2\/types\/product"}],"replies":[{"embeddable":true,"href":"https:\/\/thietbidienlama.com\/en\/wp-json\/wp\/v2\/comments?post=14537"}],"version-history":[{"count":2,"href":"https:\/\/thietbidienlama.com\/en\/wp-json\/wp\/v2\/product\/14537\/revisions"}],"predecessor-version":[{"id":14540,"href":"https:\/\/thietbidienlama.com\/en\/wp-json\/wp\/v2\/product\/14537\/revisions\/14540"}],"wp:featuredmedia":[{"embeddable":true,"href":"https:\/\/thietbidienlama.com\/en\/wp-json\/wp\/v2\/media\/14538"}],"wp:attachment":[{"href":"https:\/\/thietbidienlama.com\/en\/wp-json\/wp\/v2\/media?parent=14537"}],"wp:term":[{"taxonomy":"product_brand","embeddable":true,"href":"https:\/\/thietbidienlama.com\/en\/wp-json\/wp\/v2\/product_brand?post=14537"},{"taxonomy":"product_cat","embeddable":true,"href":"https:\/\/thietbidienlama.com\/en\/wp-json\/wp\/v2\/product_cat?post=14537"},{"taxonomy":"product_tag","embeddable":true,"href":"https:\/\/thietbidienlama.com\/en\/wp-json\/wp\/v2\/product_tag?post=14537"}],"curies":[{"name":"wp","href":"https:\/\/api.w.org\/{rel}","templated":true}]}}