{"id":14557,"date":"2026-04-25T14:18:06","date_gmt":"2026-04-25T07:18:06","guid":{"rendered":"https:\/\/thietbidienlama.com\/?post_type=product&#038;p=14557"},"modified":"2026-04-25T14:24:43","modified_gmt":"2026-04-25T07:24:43","slug":"hat-cong-tac-1-chieu-uten-v7-1-mau-nau","status":"publish","type":"product","link":"https:\/\/thietbidienlama.com\/en\/hat-cong-tac-1-chieu-uten-v7-1-mau-nau\/","title":{"rendered":"H\u1ea1t C\u00f4ng T\u1eafc 1 Chi\u1ec1u UTEN V7.1 M\u00e0u N\u00e2u C\u1ee1 S PGK11-SS"},"content":{"rendered":"<h1 style=\"text-align: center;\" data-sfc-root=\"c\" data-hveid=\"CAEIAhAA\" data-complete=\"true\" data-processed=\"true\"><span style=\"font-family: 'times new roman', times, serif; font-size: 18pt; color: #000000;\">H\u1ea1t C\u00f4ng T\u1eafc 1 Chi\u1ec1u UTEN V7.1 M\u00e0u N\u00e2u C\u1ee1 S PGK11-SS<\/span><\/h1>\n<div data-sfc-cp=\"\" data-sfc-root=\"c\" data-sfc-cb=\"\" data-hveid=\"CAEIAhAA\" data-complete=\"true\" data-processed=\"true\"><span style=\"font-family: 'times new roman', times, serif; font-size: 14pt; color: #000000;\">H\u1ea1t c\u00f4ng t\u1eafc 1 chi\u1ec1u UTEN V7.1 M\u00e0u N\u00e2u c\u1ee1 S thu\u1ed9c d\u00f2ng <span style=\"color: #ff6600;\"><strong><a style=\"color: #ff6600;\" href=\"https:\/\/thietbidienlama.com\/cong-tac-uten\/\">c\u00f4ng t\u1eafc Uten<\/a><\/strong><\/span> (m\u00e3 s\u1ea3n ph\u1ea9m PGK11-SS) c\u00f3 m\u00e0u n\u00e2u (th\u01b0\u1eddng \u0111\u01b0\u1ee3c g\u1ecdi l\u00e0 m\u00e0u n\u00e2u c\u00e0 ph\u00ea ho\u1eb7c n\u00e2u l\u1ea1 m\u1eaft).<span aria-hidden=\"true\">\u00a0<\/span><\/span><\/div>\n<div data-sfc-cp=\"\" data-sfc-root=\"c\" data-sfc-cb=\"\" data-hveid=\"CAEIAhAA\" data-complete=\"true\" data-processed=\"true\">\n<div id=\"attachment_14558\" style=\"width: 513px\" class=\"wp-caption aligncenter\"><img fetchpriority=\"high\" decoding=\"async\" aria-describedby=\"caption-attachment-14558\" class=\"wp-image-14558 size-full\" src=\"http:\/\/thietbidienlama.com\/wp-content\/uploads\/2026\/04\/Hat-Cong-Tac-1-Chieu-Co-S-UTEN-V7.1-PGK11-SS-Mau-Nau.jpg\" alt=\"H\u1ea1t C\u00f4ng T\u1eafc 1 Chi\u1ec1u C\u1ee1 S UTEN V7.1 PGK11-SS M\u00e0u N\u00e2u\" width=\"503\" height=\"503\" srcset=\"https:\/\/thietbidienlama.com\/wp-content\/uploads\/2026\/04\/Hat-Cong-Tac-1-Chieu-Co-S-UTEN-V7.1-PGK11-SS-Mau-Nau.jpg 503w, https:\/\/thietbidienlama.com\/wp-content\/uploads\/2026\/04\/Hat-Cong-Tac-1-Chieu-Co-S-UTEN-V7.1-PGK11-SS-Mau-Nau-300x300.jpg 300w, https:\/\/thietbidienlama.com\/wp-content\/uploads\/2026\/04\/Hat-Cong-Tac-1-Chieu-Co-S-UTEN-V7.1-PGK11-SS-Mau-Nau-150x150.jpg 150w, https:\/\/thietbidienlama.com\/wp-content\/uploads\/2026\/04\/Hat-Cong-Tac-1-Chieu-Co-S-UTEN-V7.1-PGK11-SS-Mau-Nau-12x12.jpg 12w\" sizes=\"(max-width: 503px) 100vw, 503px\" \/><p id=\"caption-attachment-14558\" class=\"wp-caption-text\">H\u1ea1t C\u00f4ng T\u1eafc 1 Chi\u1ec1u C\u1ee1 S UTEN V7.1 PGK11-SS M\u00e0u N\u00e2u<\/p><\/div>\n<\/div>\n<h2 data-sfc-root=\"c\" data-hveid=\"CAEIAxAA\" data-complete=\"true\" data-processed=\"true\"><span style=\"font-family: 'times new roman', times, serif; font-size: 18pt; color: #ff6600;\">D\u01b0\u1edbi \u0111\u00e2y l\u00e0 th\u00f4ng s\u1ed1 k\u1ef9 thu\u1eadt chi ti\u1ebft c\u1ee7a s\u1ea3n ph\u1ea9m:<\/span><\/h2>\n<ul data-sfc-root=\"c\" data-sfc-cb=\"\" data-complete=\"true\" data-processed=\"true\">\n<li data-sfc-cp=\"\" data-sfc-root=\"c\" data-sfc-cb=\"\" data-hveid=\"CAEIBBAA\" data-complete=\"true\" data-sae=\"\"><span style=\"font-family: 'times new roman', times, serif; font-size: 14pt; color: #000000;\">M\u00e3 s\u1ea3n ph\u1ea9m:\u00a0V7.1-PGK11-SS.<\/span><\/li>\n<li data-sfc-cp=\"\" data-sfc-root=\"c\" data-sfc-cb=\"\" data-hveid=\"CAEIBBAB\" data-complete=\"true\" data-sae=\"\"><span style=\"font-family: 'times new roman', times, serif; font-size: 14pt; color: #000000;\">M\u00e0u s\u1eafc:\u00a0M\u00e0u n\u00e2u \u0111\u1ed3ng b\u1ed9 t\u1eeb h\u1ea1t \u0111\u1ebfn m\u1eb7t vi\u1ec1n, t\u1ea1o v\u1ebb sang tr\u1ecdng v\u00e0 c\u1ed5 \u0111i\u1ec3n cho kh\u00f4ng gian.<\/span><\/li>\n<li data-sfc-cp=\"\" data-sfc-root=\"c\" data-sfc-cb=\"\" data-hveid=\"CAEIBBAC\" data-complete=\"true\" data-sae=\"\"><span style=\"font-family: 'times new roman', times, serif; font-size: 14pt; color: #000000;\">K\u00edch th\u01b0\u1edbc:\u00a0C\u1ee1 S (Size nh\u1ecf), cho ph\u00e9p l\u1eafp t\u1ed1i \u0111a 3 h\u1ea1t tr\u00ean m\u1ed9t m\u1eb7t ch\u1eef nh\u1eadt ti\u00eau chu\u1ea9n.<\/span><\/li>\n<li data-sfc-cp=\"\" data-sfc-root=\"c\" data-sfc-cb=\"\" data-hveid=\"CAEIBBAD\" data-complete=\"true\" data-sae=\"\"><span style=\"font-family: 'times new roman', times, serif; font-size: 14pt; color: #000000;\">Th\u00f4ng s\u1ed1 \u0111i\u1ec7n:<\/span>\n<ul data-sfc-root=\"c\" data-sfc-cb=\"\" data-complete=\"true\">\n<li data-sfc-cp=\"\" data-sfc-root=\"c\" data-sfc-cb=\"\" data-hveid=\"CAEIBBAE\" data-complete=\"true\" data-sae=\"\"><span style=\"font-family: 'times new roman', times, serif; font-size: 14pt; color: #000000;\">D\u00f2ng \u0111i\u1ec7n\/\u0110i\u1ec7n \u00e1p \u0111\u1ecbnh m\u1ee9c:\u00a016A \/ 250V ~ 50\/60Hz.<\/span><\/li>\n<li data-sfc-cp=\"\" data-sfc-root=\"c\" data-sfc-cb=\"\" data-hveid=\"CAEIBBAF\" data-complete=\"true\" data-sae=\"\"><span style=\"font-family: 'times new roman', times, serif; font-size: 14pt; color: #000000;\">C\u01a1 ch\u1ebf:\u00a0B\u1eadp b\u00eanh, ph\u00edm nh\u1ea5n to b\u1ea3n v\u00e0 nh\u1ea1y.<\/span><\/li>\n<\/ul>\n<\/li>\n<li data-sfc-cp=\"\" data-sfc-root=\"c\" data-sfc-cb=\"\" data-hveid=\"CAEIBBAG\" data-complete=\"true\" data-sae=\"\"><span style=\"font-family: 'times new roman', times, serif; font-size: 14pt; color: #000000;\">Ch\u1ea5t li\u1ec7u:<\/span>\n<ul data-sfc-root=\"c\" data-sfc-cb=\"\" data-complete=\"true\">\n<li data-sfc-cp=\"\" data-sfc-root=\"c\" data-sfc-cb=\"\" data-hveid=\"CAEIBBAH\" data-complete=\"true\" data-sae=\"\"><span style=\"font-family: 'times new roman', times, serif; font-size: 14pt; color: #000000;\">V\u1ecf:\u00a0Nh\u1ef1a PC (Polycarbonate) cao c\u1ea5p, c\u00f3 kh\u1ea3 n\u0103ng ch\u1ecbu nhi\u1ec7t v\u00e0 ch\u1ed1ng ch\u00e1y t\u1ed1t.<\/span><\/li>\n<li data-sfc-cp=\"\" data-sfc-root=\"c\" data-sfc-cb=\"\" data-hveid=\"CAEIBBAI\" data-complete=\"true\" data-sae=\"\"><span style=\"font-family: 'times new roman', times, serif; font-size: 14pt; color: #000000;\">Ti\u1ebfp \u0111i\u1ec3m:\u00a0L\u00e0m b\u1eb1ng \u0111\u1ed3ng t\u00edm m\u1ea1 b\u1ea1c d\u00e0y 0.35mm, gi\u00fap d\u1eabn \u0111i\u1ec7n \u1ed5n \u0111\u1ecbnh v\u00e0 gi\u1ea3m t\u00ecnh tr\u1ea1ng ph\u00e1t sinh tia l\u1eeda \u0111i\u1ec7n.<\/span><\/li>\n<\/ul>\n<\/li>\n<li data-sfc-cp=\"\" data-sfc-root=\"c\" data-sfc-cb=\"\" data-hveid=\"CAEIBBAJ\" data-complete=\"true\" data-sae=\"\"><span style=\"font-family: 'times new roman', times, serif; font-size: 14pt; color: #000000;\">\u0110\u1ed9 b\u1ec1n:\u00a0Tu\u1ed5i th\u1ecd \u0111\u1ea1t kho\u1ea3ng\u00a040.000 l\u1ea7n\u00a0b\u1eadt t\u1eaft.<\/span><\/li>\n<li data-sfc-cp=\"\" data-sfc-root=\"c\" data-sfc-cb=\"\" data-hveid=\"CAEIBBAK\" data-complete=\"true\" data-sae=\"\"><span style=\"font-family: 'times new roman', times, serif; font-size: 14pt; color: #000000;\" data-sfc-cp=\"\" data-sfc-root=\"c\" data-sfc-cb=\"\" data-complete=\"true\" aria-owns=\"action-menu-parent-container\">B\u1ea3o h\u00e0nh:\u00a0S\u1ea3n ph\u1ea9m ch\u00ednh h\u00e3ng \u0111\u01b0\u1ee3c b\u1ea3o h\u00e0nh l\u00ean t\u1edbi\u00a012 n\u0103m.<\/span><\/li>\n<\/ul>\n<div id=\"attachment_14559\" style=\"width: 610px\" class=\"wp-caption aligncenter\"><img decoding=\"async\" aria-describedby=\"caption-attachment-14559\" class=\"wp-image-14559 size-full\" src=\"http:\/\/thietbidienlama.com\/wp-content\/uploads\/2026\/04\/Tron-bo-1-Cong-Tac-1-Chieu-Co-S-UTEN-V7.1-PGK11-SS-Mau-Nau.jpg\" alt=\"Tr\u1ecdn B\u1ed9 1 C\u00f4ng T\u1eafc 1 Chi\u1ec1u C\u1ee1 S UTEN V7.1 PGK11 SS M\u00e0u N\u00e2u\" width=\"600\" height=\"417\" srcset=\"https:\/\/thietbidienlama.com\/wp-content\/uploads\/2026\/04\/Tron-bo-1-Cong-Tac-1-Chieu-Co-S-UTEN-V7.1-PGK11-SS-Mau-Nau.jpg 600w, https:\/\/thietbidienlama.com\/wp-content\/uploads\/2026\/04\/Tron-bo-1-Cong-Tac-1-Chieu-Co-S-UTEN-V7.1-PGK11-SS-Mau-Nau-300x209.jpg 300w, https:\/\/thietbidienlama.com\/wp-content\/uploads\/2026\/04\/Tron-bo-1-Cong-Tac-1-Chieu-Co-S-UTEN-V7.1-PGK11-SS-Mau-Nau-18x12.jpg 18w, https:\/\/thietbidienlama.com\/wp-content\/uploads\/2026\/04\/Tron-bo-1-Cong-Tac-1-Chieu-Co-S-UTEN-V7.1-PGK11-SS-Mau-Nau-150x104.jpg 150w\" sizes=\"(max-width: 600px) 100vw, 600px\" \/><p id=\"caption-attachment-14559\" class=\"wp-caption-text\">Tr\u1ecdn B\u1ed9 1 C\u00f4ng T\u1eafc 1 Chi\u1ec1u C\u1ee1 S UTEN V7.1 PGK11 SS M\u00e0u N\u00e2u<\/p><\/div>\n<p><span style=\"font-size: 12pt; color: #000000;\"><strong>Facebook:\u00a0<span style=\"color: #ff6600;\"><a style=\"color: #ff6600;\" href=\"https:\/\/www.facebook.com\/thietbidienlama\" target=\"_blank\" rel=\"noopener\">THI\u1ebeT\u00a0B\u1eca \u0110I\u1ec6N LAMA<\/a><\/span><\/strong><\/span><\/p>\n<p><span style=\"font-size: 12pt; color: #000000;\"><strong>Tiktok:\u00a0<span style=\"color: #ff6600;\"><a style=\"color: #ff6600;\" href=\"https:\/\/www.tiktok.com\/@thietbidienlama\" target=\"_blank\" rel=\"noopener\">THI\u1ebeT\u00a0B\u1eca \u0110I\u1ec6N LAMA<\/a><\/span><\/strong><\/span><\/p>\n<p><span style=\"font-size: 12pt; color: #000000;\"><strong>Youtube: <span style=\"color: #ff6600;\"><a style=\"color: #ff6600;\" href=\"https:\/\/www.youtube.com\/@thietbidienlama\" target=\"_blank\" rel=\"noopener\">THI\u1ebeT\u00a0B\u1eca \u0110I\u1ec6N LAMA<\/a><\/span><\/strong><\/span><\/p>","protected":false},"excerpt":{"rendered":"<p>H\u1ea1t C\u00f4ng T\u1eafc 1 Chi\u1ec1u UTEN V7.1 M\u00e0u N\u00e2u C\u1ee1 S PGK11-SS H\u1ea1t c\u00f4ng t\u1eafc 1 chi\u1ec1u UTEN V7.1 M\u00e0u<\/p>","protected":false},"featured_media":14561,"comment_status":"closed","ping_status":"closed","template":"","meta":[],"product_brand":[],"product_cat":[1079],"product_tag":[904,1080],"class_list":{"0":"post-14557","1":"product","2":"type-product","3":"status-publish","4":"has-post-thumbnail","6":"product_cat-cong-tac-uten-v7-1","7":"product_tag-cong-tac-1-chieu","8":"product_tag-uten-v7-1","10":"first","11":"instock","12":"sale","13":"shipping-taxable","14":"purchasable","15":"product-type-simple"},"_links":{"self":[{"href":"https:\/\/thietbidienlama.com\/en\/wp-json\/wp\/v2\/product\/14557","targetHints":{"allow":["GET"]}}],"collection":[{"href":"https:\/\/thietbidienlama.com\/en\/wp-json\/wp\/v2\/product"}],"about":[{"href":"https:\/\/thietbidienlama.com\/en\/wp-json\/wp\/v2\/types\/product"}],"replies":[{"embeddable":true,"href":"https:\/\/thietbidienlama.com\/en\/wp-json\/wp\/v2\/comments?post=14557"}],"version-history":[{"count":4,"href":"https:\/\/thietbidienlama.com\/en\/wp-json\/wp\/v2\/product\/14557\/revisions"}],"predecessor-version":[{"id":14564,"href":"https:\/\/thietbidienlama.com\/en\/wp-json\/wp\/v2\/product\/14557\/revisions\/14564"}],"wp:featuredmedia":[{"embeddable":true,"href":"https:\/\/thietbidienlama.com\/en\/wp-json\/wp\/v2\/media\/14561"}],"wp:attachment":[{"href":"https:\/\/thietbidienlama.com\/en\/wp-json\/wp\/v2\/media?parent=14557"}],"wp:term":[{"taxonomy":"product_brand","embeddable":true,"href":"https:\/\/thietbidienlama.com\/en\/wp-json\/wp\/v2\/product_brand?post=14557"},{"taxonomy":"product_cat","embeddable":true,"href":"https:\/\/thietbidienlama.com\/en\/wp-json\/wp\/v2\/product_cat?post=14557"},{"taxonomy":"product_tag","embeddable":true,"href":"https:\/\/thietbidienlama.com\/en\/wp-json\/wp\/v2\/product_tag?post=14557"}],"curies":[{"name":"wp","href":"https:\/\/api.w.org\/{rel}","templated":true}]}}