{"id":14565,"date":"2026-04-25T14:33:07","date_gmt":"2026-04-25T07:33:07","guid":{"rendered":"https:\/\/thietbidienlama.com\/?post_type=product&#038;p=14565"},"modified":"2026-04-25T14:56:29","modified_gmt":"2026-04-25T07:56:29","slug":"hat-cong-tac-2-chieu-uten-v7-1-mau-nau","status":"publish","type":"product","link":"https:\/\/thietbidienlama.com\/en\/hat-cong-tac-2-chieu-uten-v7-1-mau-nau\/","title":{"rendered":"H\u1ea1t C\u00f4ng T\u1eafc 2 Chi\u1ec1u UTEN V7.1 M\u00e0u N\u00e2u C\u1ee1 S PGK12-SS"},"content":{"rendered":"<h1 style=\"text-align: center;\"><span style=\"font-family: 'times new roman', times, serif; font-size: 18pt; color: #000000;\">H\u1ea1t C\u00f4ng T\u1eafc 2 Chi\u1ec1u UTEN V7.1 M\u00e0u N\u00e2u C\u1ee1 S PGK12-SS<\/span><\/h1>\n<div data-sfc-cp=\"\" data-sfc-root=\"c\" data-sfc-cb=\"\" data-hveid=\"CAEIARAA\" data-processed=\"true\" data-complete=\"true\"><span style=\"font-family: 'times new roman', times, serif; font-size: 14pt; color: #000000;\">H\u1ea1t C\u00f4ng T\u1eafc 2 Chi\u1ec1u <strong><span style=\"color: #ff6600;\"><a style=\"color: #ff6600;\" href=\"https:\/\/thietbidienlama.com\/cong-tac-uten-v7-1\/\">UTEN V7.1<\/a><\/span><\/strong> M\u00e0u N\u00e2u C\u1ee1 S PGK12-SS c\u0169ng s\u1edf h\u1eefu t\u00f4ng\u00a0m\u00e0u n\u00e2u\u00a0(n\u00e2u c\u00e0 ph\u00ea) \u0111\u1eb7c tr\u01b0ng c\u1ee7a b\u1ed9 s\u01b0u t\u1eadp V7.1, mang l\u1ea1i v\u1ebb sang tr\u1ecdng v\u00e0 kh\u00e1c bi\u1ec7t cho kh\u00f4ng gian n\u1ed9i th\u1ea5t.<\/span><\/div>\n<div data-sfc-cp=\"\" data-sfc-root=\"c\" data-sfc-cb=\"\" data-hveid=\"CAEIARAA\" data-processed=\"true\" data-complete=\"true\">\n<div id=\"attachment_14569\" style=\"width: 610px\" class=\"wp-caption aligncenter\"><img fetchpriority=\"high\" decoding=\"async\" aria-describedby=\"caption-attachment-14569\" class=\"wp-image-14569 size-full\" src=\"http:\/\/thietbidienlama.com\/wp-content\/uploads\/2026\/04\/Hat-Cong-Tac-2-Chieu-UTEN-V7.1-Mau-Nau-PGK12-SS.jpg\" alt=\"H\u1ea1t C\u00f4ng T\u1eafc 2 Chi\u1ec1u UTEN V7.1 M\u00e0u N\u00e2u PGK12 SS\" width=\"600\" height=\"600\" srcset=\"https:\/\/thietbidienlama.com\/wp-content\/uploads\/2026\/04\/Hat-Cong-Tac-2-Chieu-UTEN-V7.1-Mau-Nau-PGK12-SS.jpg 600w, https:\/\/thietbidienlama.com\/wp-content\/uploads\/2026\/04\/Hat-Cong-Tac-2-Chieu-UTEN-V7.1-Mau-Nau-PGK12-SS-300x300.jpg 300w, https:\/\/thietbidienlama.com\/wp-content\/uploads\/2026\/04\/Hat-Cong-Tac-2-Chieu-UTEN-V7.1-Mau-Nau-PGK12-SS-150x150.jpg 150w, https:\/\/thietbidienlama.com\/wp-content\/uploads\/2026\/04\/Hat-Cong-Tac-2-Chieu-UTEN-V7.1-Mau-Nau-PGK12-SS-12x12.jpg 12w\" sizes=\"(max-width: 600px) 100vw, 600px\" \/><p id=\"caption-attachment-14569\" class=\"wp-caption-text\">H\u1ea1t C\u00f4ng T\u1eafc 2 Chi\u1ec1u UTEN V7.1 M\u00e0u N\u00e2u PGK12 SS<\/p><\/div>\n<\/div>\n<div data-sfc-cp=\"\" data-sfc-root=\"c\" data-sfc-cb=\"\" data-hveid=\"CAEIARAA\" data-processed=\"true\" data-complete=\"true\"><\/div>\n<h2 data-sfc-root=\"c\" data-hveid=\"CAEIAhAA\" data-processed=\"true\" data-complete=\"true\"><span style=\"font-family: 'times new roman', times, serif; font-size: 18pt; color: #ff6600;\">Th\u00f4ng tin chi ti\u1ebft v\u1ec1 s\u1ea3n ph\u1ea9m:<\/span><\/h2>\n<ul data-sfc-root=\"c\" data-sfc-cb=\"\" data-complete=\"true\" data-processed=\"true\">\n<li data-sfc-cp=\"\" data-sfc-root=\"c\" data-sfc-cb=\"\" data-hveid=\"CAEIAxAA\" data-complete=\"true\" data-sae=\"\"><span style=\"font-family: 'times new roman', times, serif; font-size: 14pt; color: #000000;\">Ch\u1ee9c n\u0103ng:\u00a0C\u00f4ng t\u1eafc 2 chi\u1ec1u (th\u01b0\u1eddng d\u00f9ng \u0111\u1ec3 l\u1eafp m\u1ea1ch \u0111i\u1ec7n c\u1ea7u thang ho\u1eb7c b\u1eadt\/t\u1eaft \u0111\u00e8n \u1edf hai v\u1ecb tr\u00ed kh\u00e1c nhau nh\u01b0 \u0111\u1ea7u gi\u01b0\u1eddng v\u00e0 c\u1eeda ph\u00f2ng).<\/span><\/li>\n<li data-sfc-cp=\"\" data-sfc-root=\"c\" data-sfc-cb=\"\" data-hveid=\"CAEIAxAB\" data-complete=\"true\" data-sae=\"\"><span style=\"font-family: 'times new roman', times, serif; font-size: 14pt; color: #000000;\">M\u00e0u s\u1eafc:\u00a0M\u00e0u n\u00e2u \u0111\u1ed9c b\u1ea3n, \u0111\u1ed3ng nh\u1ea5t ho\u00e0n h\u1ea3o khi l\u1eafp c\u00f9ng m\u1eb7t che m\u00e0u n\u00e2u c\u1ee7a d\u00f2ng V7.1.<\/span><\/li>\n<li data-sfc-cp=\"\" data-sfc-root=\"c\" data-sfc-cb=\"\" data-hveid=\"CAEIAxAC\" data-complete=\"true\" data-sae=\"\"><span style=\"font-family: 'times new roman', times, serif; font-size: 14pt; color: #000000;\">K\u00edch th\u01b0\u1edbc:\u00a0C\u1ee1 S (Size nh\u1ecf), cho ph\u00e9p t\u00f9y bi\u1ebfn l\u1eafp 1, 2 ho\u1eb7c 3 h\u1ea1t tr\u00ean c\u00f9ng m\u1ed9t m\u1eb7t thi\u1ebft b\u1ecb.<\/span><\/li>\n<\/ul>\n<h2><span style=\"font-family: 'times new roman', times, serif; font-size: 18pt; color: #ff6600;\">Th\u00f4ng s\u1ed1 k\u1ef9 thu\u1eadt:<\/span><\/h2>\n<ul data-sfc-root=\"c\" data-sfc-cb=\"\" data-complete=\"true\" data-processed=\"true\">\n<li style=\"list-style-type: none;\">\n<ul data-sfc-root=\"c\" data-sfc-cb=\"\" data-complete=\"true\">\n<li data-sfc-cp=\"\" data-sfc-root=\"c\" data-sfc-cb=\"\" data-hveid=\"CAEIAxAE\" data-complete=\"true\" data-sae=\"\"><span style=\"font-family: 'times new roman', times, serif; font-size: 14pt; color: #000000;\">M\u00e3 s\u1ea3n ph\u1ea9m:\u00a0V7.1-PGK12-SS.<\/span><\/li>\n<li data-sfc-cp=\"\" data-sfc-root=\"c\" data-sfc-cb=\"\" data-hveid=\"CAEIAxAF\" data-complete=\"true\" data-sae=\"\"><span style=\"font-family: 'times new roman', times, serif; font-size: 14pt; color: #000000;\">D\u00f2ng \u0111i\u1ec7n\/\u0110i\u1ec7n \u00e1p:\u00a016A \/ 250V.<\/span><\/li>\n<li data-sfc-cp=\"\" data-sfc-root=\"c\" data-sfc-cb=\"\" data-hveid=\"CAEIAxAG\" data-complete=\"true\" data-sae=\"\"><span style=\"font-family: 'times new roman', times, serif; font-size: 14pt; color: #000000;\">Ch\u1ea5t li\u1ec7u:\u00a0V\u1ecf nh\u1ef1a PC ch\u1ed1ng ch\u00e1y, ch\u1ecbu nhi\u1ec7t; ti\u1ebfp \u0111i\u1ec3m \u0111\u1ed3ng t\u00edm m\u1ea1 b\u1ea1c gi\u00fap ti\u1ebfp x\u00fac t\u1ed1t, kh\u00f4ng b\u1ecb oxy h\u00f3a.<\/span><\/li>\n<\/ul>\n<\/li>\n<li data-sfc-cp=\"\" data-sfc-root=\"c\" data-sfc-cb=\"\" data-hveid=\"CAEIAxAH\" data-complete=\"true\" data-sae=\"\"><span style=\"font-family: 'times new roman', times, serif; font-size: 14pt; color: #000000;\">\u0110\u1ed9 b\u1ec1n &amp; B\u1ea3o h\u00e0nh:<\/span>\n<ul data-sfc-root=\"c\" data-sfc-cb=\"\" data-complete=\"true\">\n<li data-sfc-cp=\"\" data-sfc-root=\"c\" data-sfc-cb=\"\" data-hveid=\"CAEIAxAI\" data-complete=\"true\" data-sae=\"\"><span style=\"font-family: 'times new roman', times, serif; font-size: 14pt; color: #000000;\">\u0110\u1ed9 b\u1ec1n c\u01a1 h\u1ecdc l\u00ean \u0111\u1ebfn h\u01a1n 40.000 l\u1ea7n b\u1eadt t\u1eaft.<\/span><\/li>\n<li data-sfc-cp=\"\" data-sfc-root=\"c\" data-sfc-cb=\"\" data-hveid=\"CAEIAxAJ\" data-complete=\"true\" data-sae=\"\"><span style=\"font-family: 'times new roman', times, serif; font-size: 14pt; color: #000000;\">Ch\u00ednh s\u00e1ch b\u1ea3o h\u00e0nh ch\u00ednh h\u00e3ng t\u1eeb Uten l\u00ean t\u1edbi\u00a012 n\u0103m.<\/span><\/li>\n<\/ul>\n<\/li>\n<\/ul>\n<div id=\"attachment_14571\" style=\"width: 610px\" class=\"wp-caption aligncenter\"><img decoding=\"async\" aria-describedby=\"caption-attachment-14571\" class=\"wp-image-14571 size-full\" src=\"http:\/\/thietbidienlama.com\/wp-content\/uploads\/2026\/04\/Tron-bo-1-Cong-Tac-2-Chieu-Co-S-UTEN-V7.1-PGK12-SS-Mau-Nau.jpg\" alt=\"Tr\u1ecdn B\u1ed9 1 C\u00f4ng T\u1eafc 2 Chi\u1ec1u C\u1ee1 S UTEN V7.1 PGK12 SS M\u00e0u N\u00e2u\" width=\"600\" height=\"417\" srcset=\"https:\/\/thietbidienlama.com\/wp-content\/uploads\/2026\/04\/Tron-bo-1-Cong-Tac-2-Chieu-Co-S-UTEN-V7.1-PGK12-SS-Mau-Nau.jpg 600w, https:\/\/thietbidienlama.com\/wp-content\/uploads\/2026\/04\/Tron-bo-1-Cong-Tac-2-Chieu-Co-S-UTEN-V7.1-PGK12-SS-Mau-Nau-300x209.jpg 300w, https:\/\/thietbidienlama.com\/wp-content\/uploads\/2026\/04\/Tron-bo-1-Cong-Tac-2-Chieu-Co-S-UTEN-V7.1-PGK12-SS-Mau-Nau-18x12.jpg 18w, https:\/\/thietbidienlama.com\/wp-content\/uploads\/2026\/04\/Tron-bo-1-Cong-Tac-2-Chieu-Co-S-UTEN-V7.1-PGK12-SS-Mau-Nau-150x104.jpg 150w\" sizes=\"(max-width: 600px) 100vw, 600px\" \/><p id=\"caption-attachment-14571\" class=\"wp-caption-text\">\u00a0 \u00a0 \u00a0 \u00a0 \u00a0 \u00a0 \u00a0 \u00a0 \u00a0 \u00a0 \u00a0 \u00a0 Tr\u1ecdn B\u1ed9 1 C\u00f4ng T\u1eafc 2 Chi\u1ec1u C\u1ee1 S UTEN V7.1 PGK12 SS M\u00e0u N\u00e2u<\/p><\/div>\n<div data-sfc-cp=\"\" data-sfc-root=\"c\" data-sfc-cb=\"\" data-hveid=\"CAEIBBAA\" data-complete=\"true\" data-processed=\"true\" aria-owns=\"action-menu-parent-container\"><span style=\"font-family: 'times new roman', times, serif; font-size: 14pt; color: #000000;\">D\u00f2ng V7.1 m\u00e0u n\u00e2u n\u00e0y c\u1ef1c k\u1ef3 ph\u00f9 h\u1ee3p v\u1edbi c\u00e1c kh\u00f4ng gian c\u00f3 thi\u1ebft k\u1ebf t\u00e2n c\u1ed5 \u0111i\u1ec3n ho\u1eb7c s\u1eed d\u1ee5ng nhi\u1ec1u n\u1ed9i th\u1ea5t g\u1ed7.<\/span><\/div>\n<div data-sfc-cp=\"\" data-sfc-root=\"c\" data-sfc-cb=\"\" data-hveid=\"CAEIBBAA\" data-complete=\"true\" data-processed=\"true\" aria-owns=\"action-menu-parent-container\">\n<p><span style=\"font-size: 12pt; color: #000000;\"><strong>Facebook:\u00a0<span style=\"color: #ff6600;\"><a style=\"color: #ff6600;\" href=\"https:\/\/www.facebook.com\/thietbidienlama\" target=\"_blank\" rel=\"noopener\">THI\u1ebeT\u00a0B\u1eca \u0110I\u1ec6N LAMA<\/a><\/span><\/strong><\/span><\/p>\n<p><span style=\"font-size: 12pt; color: #000000;\"><strong>Tiktok:\u00a0<span style=\"color: #ff6600;\"><a style=\"color: #ff6600;\" href=\"https:\/\/www.tiktok.com\/@thietbidienlama\" target=\"_blank\" rel=\"noopener\">THI\u1ebeT\u00a0B\u1eca \u0110I\u1ec6N LAMA<\/a><\/span><\/strong><\/span><\/p>\n<p><span style=\"font-size: 12pt; color: #000000;\"><strong>Youtube: <span style=\"color: #ff6600;\"><a style=\"color: #ff6600;\" href=\"https:\/\/www.youtube.com\/@thietbidienlama\" target=\"_blank\" rel=\"noopener\">THI\u1ebeT\u00a0B\u1eca \u0110I\u1ec6N LAMA<\/a><\/span><\/strong><\/span><\/p>\n<\/div>","protected":false},"excerpt":{"rendered":"<p>H\u1ea1t C\u00f4ng T\u1eafc 2 Chi\u1ec1u UTEN V7.1 M\u00e0u N\u00e2u C\u1ee1 S PGK12-SS H\u1ea1t C\u00f4ng T\u1eafc 2 Chi\u1ec1u UTEN V7.1 M\u00e0u<\/p>","protected":false},"featured_media":14569,"comment_status":"closed","ping_status":"closed","template":"","meta":[],"product_brand":[],"product_cat":[1079,979],"product_tag":[1081,1080],"class_list":{"0":"post-14565","1":"product","2":"type-product","3":"status-publish","4":"has-post-thumbnail","6":"product_cat-cong-tac-uten-v7-1","7":"product_cat-cong-tac-uten","8":"product_tag-cong-tac-2-chieu-uten","9":"product_tag-uten-v7-1","11":"first","12":"instock","13":"sale","14":"shipping-taxable","15":"purchasable","16":"product-type-simple"},"_links":{"self":[{"href":"https:\/\/thietbidienlama.com\/en\/wp-json\/wp\/v2\/product\/14565","targetHints":{"allow":["GET"]}}],"collection":[{"href":"https:\/\/thietbidienlama.com\/en\/wp-json\/wp\/v2\/product"}],"about":[{"href":"https:\/\/thietbidienlama.com\/en\/wp-json\/wp\/v2\/types\/product"}],"replies":[{"embeddable":true,"href":"https:\/\/thietbidienlama.com\/en\/wp-json\/wp\/v2\/comments?post=14565"}],"version-history":[{"count":4,"href":"https:\/\/thietbidienlama.com\/en\/wp-json\/wp\/v2\/product\/14565\/revisions"}],"predecessor-version":[{"id":14572,"href":"https:\/\/thietbidienlama.com\/en\/wp-json\/wp\/v2\/product\/14565\/revisions\/14572"}],"wp:featuredmedia":[{"embeddable":true,"href":"https:\/\/thietbidienlama.com\/en\/wp-json\/wp\/v2\/media\/14569"}],"wp:attachment":[{"href":"https:\/\/thietbidienlama.com\/en\/wp-json\/wp\/v2\/media?parent=14565"}],"wp:term":[{"taxonomy":"product_brand","embeddable":true,"href":"https:\/\/thietbidienlama.com\/en\/wp-json\/wp\/v2\/product_brand?post=14565"},{"taxonomy":"product_cat","embeddable":true,"href":"https:\/\/thietbidienlama.com\/en\/wp-json\/wp\/v2\/product_cat?post=14565"},{"taxonomy":"product_tag","embeddable":true,"href":"https:\/\/thietbidienlama.com\/en\/wp-json\/wp\/v2\/product_tag?post=14565"}],"curies":[{"name":"wp","href":"https:\/\/api.w.org\/{rel}","templated":true}]}}