{"id":14580,"date":"2026-04-25T15:53:57","date_gmt":"2026-04-25T08:53:57","guid":{"rendered":"https:\/\/thietbidienlama.com\/?post_type=product&#038;p=14580"},"modified":"2026-04-25T15:56:04","modified_gmt":"2026-04-25T08:56:04","slug":"hat-cong-tac-1-chieu-uten-v9-1-mau-vang-co-s","status":"publish","type":"product","link":"https:\/\/thietbidienlama.com\/en\/hat-cong-tac-1-chieu-uten-v9-1-mau-vang-co-s\/","title":{"rendered":"H\u1ea1t C\u00f4ng T\u1eafc 1 Chi\u1ec1u UTEN V9.1 M\u00e0u V\u00e0ng C\u1ee1 S PGK11-SS"},"content":{"rendered":"<h1 style=\"text-align: center;\"><span style=\"font-family: 'times new roman', times, serif; font-size: 18pt; color: #000000;\">H\u1ea1t C\u00f4ng T\u1eafc 1 Chi\u1ec1u UTEN V9.1 M\u00e0u V\u00e0ng C\u1ee1 S PGK11-SS<\/span><\/h1>\n<div data-sfc-cp=\"\" data-sfc-root=\"c\" data-sfc-cb=\"\" data-hveid=\"CAEIARAA\" data-processed=\"true\" data-complete=\"true\"><span style=\"font-family: 'times new roman', times, serif; font-size: 14pt; color: #000000;\">H\u1ea1t c\u00f4ng t\u1eafc 1 chi\u1ec1u c\u1ee1 S thu\u1ed9c d\u00f2ng\u00a0UTEN V9.1\u00a0(m\u00e3 s\u1ea3n ph\u1ea9m\u00a0PGK11-SS) c\u00f3\u00a0m\u00e0u v\u00e0ng Gold\u00a0(v\u00e0ng \u00e1nh kim) \u0111\u1eb7c tr\u01b0ng.<\/span><\/div>\n<div data-sfc-cp=\"\" data-sfc-root=\"c\" data-sfc-cb=\"\" data-hveid=\"CAEIARAA\" data-processed=\"true\" data-complete=\"true\">\n<div id=\"attachment_14581\" style=\"width: 610px\" class=\"wp-caption aligncenter\"><img fetchpriority=\"high\" decoding=\"async\" aria-describedby=\"caption-attachment-14581\" class=\"wp-image-14581 size-full\" src=\"http:\/\/thietbidienlama.com\/wp-content\/uploads\/2026\/04\/Hat-Cong-Tac-1-Chieu-UTEN-V9.1-Mau-Vang-Co-S-PGK11-SS.jpg\" alt=\"H\u1ea1t C\u00f4ng T\u1eafc 1 Chi\u1ec1u UTEN V9.1 M\u00e0u V\u00e0ng C\u1ee1 S PGK11 SS\" width=\"600\" height=\"600\" srcset=\"https:\/\/thietbidienlama.com\/wp-content\/uploads\/2026\/04\/Hat-Cong-Tac-1-Chieu-UTEN-V9.1-Mau-Vang-Co-S-PGK11-SS.jpg 600w, https:\/\/thietbidienlama.com\/wp-content\/uploads\/2026\/04\/Hat-Cong-Tac-1-Chieu-UTEN-V9.1-Mau-Vang-Co-S-PGK11-SS-300x300.jpg 300w, https:\/\/thietbidienlama.com\/wp-content\/uploads\/2026\/04\/Hat-Cong-Tac-1-Chieu-UTEN-V9.1-Mau-Vang-Co-S-PGK11-SS-150x150.jpg 150w, https:\/\/thietbidienlama.com\/wp-content\/uploads\/2026\/04\/Hat-Cong-Tac-1-Chieu-UTEN-V9.1-Mau-Vang-Co-S-PGK11-SS-12x12.jpg 12w\" sizes=\"(max-width: 600px) 100vw, 600px\" \/><p id=\"caption-attachment-14581\" class=\"wp-caption-text\">\u00a0 \u00a0 \u00a0 \u00a0 \u00a0 \u00a0 \u00a0 \u00a0 \u00a0 \u00a0 \u00a0 H\u1ea1t C\u00f4ng T\u1eafc 1 Chi\u1ec1u UTEN V9.1 M\u00e0u V\u00e0ng C\u1ee1 S PGK11 SS<\/p><\/div>\n<\/div>\n<h2 data-sfc-root=\"c\" data-hveid=\"CAEIAhAA\" data-complete=\"true\" data-processed=\"true\"><span style=\"font-family: 'times new roman', times, serif; font-size: 18pt; color: #ff6600;\">D\u01b0\u1edbi \u0111\u00e2y l\u00e0 th\u00f4ng tin chi ti\u1ebft v\u1ec1 s\u1ea3n ph\u1ea9m n\u00e0y:<\/span><\/h2>\n<ul data-sfc-root=\"c\" data-sfc-cb=\"\" data-complete=\"true\" data-processed=\"true\">\n<li data-sfc-cp=\"\" data-sfc-root=\"c\" data-sfc-cb=\"\" data-hveid=\"CAEIAxAA\" data-complete=\"true\" data-sae=\"\"><span style=\"font-family: 'times new roman', times, serif; font-size: 14pt; color: #000000;\">M\u00e0u s\u1eafc:\u00a0M\u00e0u v\u00e0ng sang tr\u1ecdng, \u0111\u1ed3ng nh\u1ea5t v\u1edbi thi\u1ebft k\u1ebf t\u1ed5ng th\u1ec3 c\u1ee7a d\u00f2ng V9.1, th\u01b0\u1eddng \u0111\u01b0\u1ee3c l\u1eafp c\u00f9ng m\u1eb7t vi\u1ec1n m\u00e0u v\u00e0ng ho\u1eb7c nh\u00f4m titan \u0111\u1ec3 t\u1ea1o v\u1ebb qu\u00fd ph\u00e1i.<\/span><\/li>\n<li data-sfc-cp=\"\" data-sfc-root=\"c\" data-sfc-cb=\"\" data-hveid=\"CAEIAxAB\" data-complete=\"true\" data-sae=\"\"><span style=\"font-family: 'times new roman', times, serif; font-size: 14pt; color: #000000;\">K\u00edch th\u01b0\u1edbc:\u00a0C\u1ee1 S (Size nh\u1ecf), cho ph\u00e9p b\u1ea1n l\u1eafp t\u1ed1i \u0111a 3 h\u1ea1t tr\u00ean m\u1ed9t m\u1eb7t ch\u1eef nh\u1eadt ti\u00eau chu\u1ea9n.<\/span><\/li>\n<\/ul>\n<h2><span style=\"font-family: 'times new roman', times, serif; font-size: 18pt; color: #ff6600;\">Th\u00f4ng s\u1ed1 k\u1ef9 thu\u1eadt:<\/span><\/h2>\n<ul data-sfc-root=\"c\" data-sfc-cb=\"\" data-complete=\"true\" data-processed=\"true\">\n<li style=\"list-style-type: none;\">\n<ul data-sfc-root=\"c\" data-sfc-cb=\"\" data-complete=\"true\">\n<li data-sfc-cp=\"\" data-sfc-root=\"c\" data-sfc-cb=\"\" data-hveid=\"CAEIAxAD\" data-complete=\"true\" data-sae=\"\"><span style=\"font-family: 'times new roman', times, serif; font-size: 14pt; color: #000000;\">M\u00e3 s\u1ea3n ph\u1ea9m:\u00a0V9.1-PGK11-SS.<\/span><\/li>\n<li data-sfc-cp=\"\" data-sfc-root=\"c\" data-sfc-cb=\"\" data-hveid=\"CAEIAxAE\" data-complete=\"true\" data-sae=\"\"><span style=\"font-family: 'times new roman', times, serif; font-size: 14pt; color: #000000;\">D\u00f2ng \u0111i\u1ec7n\/\u0110i\u1ec7n \u00e1p:\u00a016A \/ 250V.<\/span><\/li>\n<li data-sfc-cp=\"\" data-sfc-root=\"c\" data-sfc-cb=\"\" data-hveid=\"CAEIAxAF\" data-complete=\"true\" data-sae=\"\"><span style=\"font-family: 'times new roman', times, serif; font-size: 14pt; color: #000000;\">Ch\u1ea5t li\u1ec7u:\u00a0V\u1ecf nh\u1ef1a PC cao c\u1ea5p ch\u1ecbu nhi\u1ec7t; ti\u1ebfp \u0111i\u1ec3m b\u1eb1ng \u0111\u1ed3ng t\u00edm m\u1ea1 b\u1ea1c gi\u00fap ti\u1ebfp x\u00fac t\u1ed1t v\u00e0 b\u1ec1n b\u1ec9.<\/span><\/li>\n<\/ul>\n<\/li>\n<li data-sfc-cp=\"\" data-sfc-root=\"c\" data-sfc-cb=\"\" data-hveid=\"CAEIAxAG\" data-complete=\"true\" data-sae=\"\"><span style=\"font-family: 'times new roman', times, serif; font-size: 14pt; color: #000000;\">\u0110\u1eb7c \u0111i\u1ec3m thi\u1ebft k\u1ebf:\u00a0Ph\u00edm nh\u1ea5n \u0111\u01b0\u1ee3c thi\u1ebft k\u1ebf tinh x\u1ea3o, \u0111\u1ed9 n\u1ea3y t\u1ed1t, mang l\u1ea1i c\u1ea3m gi\u00e1c nh\u1eb9 nh\u00e0ng khi s\u1eed d\u1ee5ng.<\/span><\/li>\n<li data-sfc-cp=\"\" data-sfc-root=\"c\" data-sfc-cb=\"\" data-hveid=\"CAEIAxAH\" data-complete=\"true\" data-sae=\"\"><span style=\"font-family: 'times new roman', times, serif; font-size: 14pt; color: #000000;\">B\u1ea3o h\u00e0nh:\u00a0Ch\u00ednh h\u00e3ng l\u00ean \u0111\u1ebfn\u00a012 n\u0103m.<\/span><\/li>\n<\/ul>\n<div id=\"attachment_14584\" style=\"width: 610px\" class=\"wp-caption aligncenter\"><img decoding=\"async\" aria-describedby=\"caption-attachment-14584\" class=\"wp-image-14584 size-full\" src=\"http:\/\/thietbidienlama.com\/wp-content\/uploads\/2026\/04\/tron-bo-3-Cong-Tac-1-Chieu-UTEN-V9.1-Mau-Vang-Co-S.jpg\" alt=\"Tr\u1ecdn B\u1ed9 3 C\u00f4ng T\u1eafc 1 Chi\u1ec1u UTEN V9.1 M\u00e0u V\u00e0ng C\u1ee1 S\" width=\"600\" height=\"409\" srcset=\"https:\/\/thietbidienlama.com\/wp-content\/uploads\/2026\/04\/tron-bo-3-Cong-Tac-1-Chieu-UTEN-V9.1-Mau-Vang-Co-S.jpg 600w, https:\/\/thietbidienlama.com\/wp-content\/uploads\/2026\/04\/tron-bo-3-Cong-Tac-1-Chieu-UTEN-V9.1-Mau-Vang-Co-S-300x205.jpg 300w, https:\/\/thietbidienlama.com\/wp-content\/uploads\/2026\/04\/tron-bo-3-Cong-Tac-1-Chieu-UTEN-V9.1-Mau-Vang-Co-S-18x12.jpg 18w, https:\/\/thietbidienlama.com\/wp-content\/uploads\/2026\/04\/tron-bo-3-Cong-Tac-1-Chieu-UTEN-V9.1-Mau-Vang-Co-S-150x102.jpg 150w\" sizes=\"(max-width: 600px) 100vw, 600px\" \/><p id=\"caption-attachment-14584\" class=\"wp-caption-text\">\u00a0 \u00a0 \u00a0 \u00a0 \u00a0 \u00a0 \u00a0 \u00a0 \u00a0 \u00a0 \u00a0 \u00a0 Tr\u1ecdn B\u1ed9 3 C\u00f4ng T\u1eafc 1 Chi\u1ec1u UTEN V9.1 M\u00e0u V\u00e0ng C\u1ee1 S<\/p><\/div>\n<div data-sfc-cp=\"\" data-sfc-root=\"c\" data-sfc-cb=\"\" data-hveid=\"CAEIBBAA\" data-processed=\"true\" data-complete=\"true\" aria-owns=\"action-menu-parent-container\"><span style=\"font-family: 'times new roman', times, serif; font-size: 14pt; color: #000000;\">D\u00f2ng V9.1 m\u00e0u v\u00e0ng n\u00e0y l\u00e0 l\u1ef1a ch\u1ecdn h\u00e0ng \u0111\u1ea7u cho c\u00e1c c\u0103n h\u1ed9 cao c\u1ea5p ho\u1eb7c bi\u1ec7t th\u1ef1 c\u00f3 phong c\u00e1ch n\u1ed9i th\u1ea5t\u00a0T\u00e2n c\u1ed5 \u0111i\u1ec3n\u00a0ho\u1eb7c\u00a0Luxury.<\/span><\/div>\n<div data-sfc-cp=\"\" data-sfc-root=\"c\" data-sfc-cb=\"\" data-hveid=\"CAEIBBAA\" data-processed=\"true\" data-complete=\"true\" aria-owns=\"action-menu-parent-container\">\n<p><span style=\"font-size: 12pt; color: #000000;\"><strong>Facebook:\u00a0<span style=\"color: #ff6600;\"><a style=\"color: #ff6600;\" href=\"https:\/\/www.facebook.com\/thietbidienlama\" target=\"_blank\" rel=\"noopener\">THI\u1ebeT\u00a0B\u1eca \u0110I\u1ec6N LAMA<\/a><\/span><\/strong><\/span><\/p>\n<p><span style=\"font-size: 12pt; color: #000000;\"><strong>Tiktok:\u00a0<span style=\"color: #ff6600;\"><a style=\"color: #ff6600;\" href=\"https:\/\/www.tiktok.com\/@thietbidienlama\" target=\"_blank\" rel=\"noopener\">THI\u1ebeT\u00a0B\u1eca \u0110I\u1ec6N LAMA<\/a><\/span><\/strong><\/span><\/p>\n<p><span style=\"font-size: 12pt; color: #000000;\"><strong>Youtube: <span style=\"color: #ff6600;\"><a style=\"color: #ff6600;\" href=\"https:\/\/www.youtube.com\/@thietbidienlama\" target=\"_blank\" rel=\"noopener\">THI\u1ebeT\u00a0B\u1eca \u0110I\u1ec6N LAMA<\/a><\/span><\/strong><\/span><\/p>\n<\/div>","protected":false},"excerpt":{"rendered":"<p>H\u1ea1t C\u00f4ng T\u1eafc 1 Chi\u1ec1u UTEN V9.1 M\u00e0u V\u00e0ng C\u1ee1 S PGK11-SS H\u1ea1t c\u00f4ng t\u1eafc 1 chi\u1ec1u c\u1ee1 S thu\u1ed9c<\/p>","protected":false},"featured_media":14581,"comment_status":"closed","ping_status":"closed","template":"","meta":[],"product_brand":[],"product_cat":[1082,979],"product_tag":[1084,1083],"class_list":{"0":"post-14580","1":"product","2":"type-product","3":"status-publish","4":"has-post-thumbnail","6":"product_cat-cong-tac-uten-v9-1","7":"product_cat-cong-tac-uten","8":"product_tag-cong-tac-1-chieu-uten-v9-1","9":"product_tag-cong-tac-1-chieu-uten-v9-1-mau-vang","11":"first","12":"instock","13":"sale","14":"shipping-taxable","15":"purchasable","16":"product-type-simple"},"_links":{"self":[{"href":"https:\/\/thietbidienlama.com\/en\/wp-json\/wp\/v2\/product\/14580","targetHints":{"allow":["GET"]}}],"collection":[{"href":"https:\/\/thietbidienlama.com\/en\/wp-json\/wp\/v2\/product"}],"about":[{"href":"https:\/\/thietbidienlama.com\/en\/wp-json\/wp\/v2\/types\/product"}],"replies":[{"embeddable":true,"href":"https:\/\/thietbidienlama.com\/en\/wp-json\/wp\/v2\/comments?post=14580"}],"version-history":[{"count":4,"href":"https:\/\/thietbidienlama.com\/en\/wp-json\/wp\/v2\/product\/14580\/revisions"}],"predecessor-version":[{"id":14586,"href":"https:\/\/thietbidienlama.com\/en\/wp-json\/wp\/v2\/product\/14580\/revisions\/14586"}],"wp:featuredmedia":[{"embeddable":true,"href":"https:\/\/thietbidienlama.com\/en\/wp-json\/wp\/v2\/media\/14581"}],"wp:attachment":[{"href":"https:\/\/thietbidienlama.com\/en\/wp-json\/wp\/v2\/media?parent=14580"}],"wp:term":[{"taxonomy":"product_brand","embeddable":true,"href":"https:\/\/thietbidienlama.com\/en\/wp-json\/wp\/v2\/product_brand?post=14580"},{"taxonomy":"product_cat","embeddable":true,"href":"https:\/\/thietbidienlama.com\/en\/wp-json\/wp\/v2\/product_cat?post=14580"},{"taxonomy":"product_tag","embeddable":true,"href":"https:\/\/thietbidienlama.com\/en\/wp-json\/wp\/v2\/product_tag?post=14580"}],"curies":[{"name":"wp","href":"https:\/\/api.w.org\/{rel}","templated":true}]}}