{"id":14587,"date":"2026-04-25T16:05:10","date_gmt":"2026-04-25T09:05:10","guid":{"rendered":"https:\/\/thietbidienlama.com\/?post_type=product&#038;p=14587"},"modified":"2026-04-25T16:05:10","modified_gmt":"2026-04-25T09:05:10","slug":"hat-cong-tac-2-chieu-uten-v9-1-mau-vang-co-s","status":"publish","type":"product","link":"https:\/\/thietbidienlama.com\/en\/hat-cong-tac-2-chieu-uten-v9-1-mau-vang-co-s\/","title":{"rendered":"H\u1ea1t C\u00f4ng T\u1eafc 2 Chi\u1ec1u UTEN V9.1 M\u00e0u V\u00e0ng C\u1ee1 S PGK12-SS"},"content":{"rendered":"<h1 style=\"text-align: center;\"><span style=\"font-family: 'times new roman', times, serif; font-size: 18pt; color: #000000;\">H\u1ea1t C\u00f4ng T\u1eafc 2 Chi\u1ec1u UTEN V9.1 M\u00e0u V\u00e0ng C\u1ee1 S PGK12-SS<\/span><\/h1>\n<div data-sfc-cp=\"\" data-sfc-root=\"c\" data-sfc-cb=\"\" data-hveid=\"CAEIARAA\" data-processed=\"true\" data-complete=\"true\"><span style=\"font-family: 'times new roman', times, serif; font-size: 14pt; color: #000000;\">H\u1ea1t c\u00f4ng t\u1eafc 2 chi\u1ec1u c\u1ee1 S thu\u1ed9c d\u00f2ng\u00a0UTEN V9.1\u00a0(m\u00e3 s\u1ea3n ph\u1ea9m\u00a0PGK12-SS) c\u0169ng\u00a0mang t\u00f4ng\u00a0m\u00e0u v\u00e0ng Gold\u00a0(v\u00e0ng \u00e1nh kim) sang tr\u1ecdng, \u0111\u1ed3ng nh\u1ea5t v\u1edbi phi\u00ean b\u1ea3n 1 chi\u1ec1u c\u1ee7a c\u00f9ng series.<\/span><\/div>\n<div data-sfc-cp=\"\" data-sfc-root=\"c\" data-sfc-cb=\"\" data-hveid=\"CAEIARAA\" data-processed=\"true\" data-complete=\"true\">\n<div id=\"attachment_14589\" style=\"width: 610px\" class=\"wp-caption aligncenter\"><img fetchpriority=\"high\" decoding=\"async\" aria-describedby=\"caption-attachment-14589\" class=\"wp-image-14589 size-full\" src=\"http:\/\/thietbidienlama.com\/wp-content\/uploads\/2026\/04\/Hat-Cong-Tac-2-Chieu-UTEN-V9.1-Mau-Vang-Co-S-PGK12-SS.jpg\" alt=\"H\u1ea1t C\u00f4ng T\u1eafc 2 Chi\u1ec1u UTEN V9.1 M\u00e0u V\u00e0ng C\u1ee1 S PGK12 SS\" width=\"600\" height=\"600\" srcset=\"https:\/\/thietbidienlama.com\/wp-content\/uploads\/2026\/04\/Hat-Cong-Tac-2-Chieu-UTEN-V9.1-Mau-Vang-Co-S-PGK12-SS.jpg 600w, https:\/\/thietbidienlama.com\/wp-content\/uploads\/2026\/04\/Hat-Cong-Tac-2-Chieu-UTEN-V9.1-Mau-Vang-Co-S-PGK12-SS-300x300.jpg 300w, https:\/\/thietbidienlama.com\/wp-content\/uploads\/2026\/04\/Hat-Cong-Tac-2-Chieu-UTEN-V9.1-Mau-Vang-Co-S-PGK12-SS-150x150.jpg 150w, https:\/\/thietbidienlama.com\/wp-content\/uploads\/2026\/04\/Hat-Cong-Tac-2-Chieu-UTEN-V9.1-Mau-Vang-Co-S-PGK12-SS-12x12.jpg 12w\" sizes=\"(max-width: 600px) 100vw, 600px\" \/><p id=\"caption-attachment-14589\" class=\"wp-caption-text\">\u00a0 \u00a0 \u00a0 \u00a0 \u00a0 \u00a0 \u00a0 \u00a0 \u00a0 \u00a0 \u00a0H\u1ea1t C\u00f4ng T\u1eafc 2 Chi\u1ec1u UTEN V9.1 M\u00e0u V\u00e0ng C\u1ee1 S PGK12 SS<\/p><\/div>\n<\/div>\n<h2 data-sfc-root=\"c\" data-hveid=\"CAEIAhAA\" data-processed=\"true\" data-complete=\"true\"><span style=\"font-family: 'times new roman', times, serif; font-size: 18pt; color: #ff6600;\">D\u01b0\u1edbi \u0111\u00e2y l\u00e0 c\u00e1c chi ti\u1ebft v\u1ec1 s\u1ea3n ph\u1ea9m:<\/span><\/h2>\n<ul data-sfc-root=\"c\" data-sfc-cb=\"\" data-complete=\"true\" data-processed=\"true\">\n<li data-sfc-cp=\"\" data-sfc-root=\"c\" data-sfc-cb=\"\" data-hveid=\"CAEIAxAA\" data-complete=\"true\" data-sae=\"\"><span style=\"font-family: 'times new roman', times, serif; font-size: 14pt; color: #000000;\">Ch\u1ee9c n\u0103ng:\u00a0C\u00f4ng t\u1eafc 2 chi\u1ec1u, chuy\u00ean d\u00f9ng cho m\u1ea1ch \u0111i\u1ec7n c\u1ea7u thang ho\u1eb7c \u0111i\u1ec1u khi\u1ec3n \u0111\u00e8n t\u1eeb hai v\u1ecb tr\u00ed kh\u00e1c nhau (v\u00ed d\u1ee5: c\u1eeda ph\u00f2ng v\u00e0 \u0111\u1ea7u gi\u01b0\u1eddng).<\/span><\/li>\n<li data-sfc-cp=\"\" data-sfc-root=\"c\" data-sfc-cb=\"\" data-hveid=\"CAEIAxAB\" data-complete=\"true\" data-sae=\"\"><span style=\"font-family: 'times new roman', times, serif; font-size: 14pt; color: #000000;\">M\u00e0u s\u1eafc:\u00a0V\u00e0ng Gold r\u1ef1c r\u1ee1, b\u1ec1 m\u1eb7t m\u1ecbn, ch\u1ed1ng b\u00e1m v\u00e2n tay t\u1ed1t.<\/span><\/li>\n<li data-sfc-cp=\"\" data-sfc-root=\"c\" data-sfc-cb=\"\" data-hveid=\"CAEIAxAC\" data-complete=\"true\" data-sae=\"\"><span style=\"font-family: 'times new roman', times, serif; font-size: 14pt; color: #000000;\">K\u00edch th\u01b0\u1edbc:\u00a0C\u1ee1 S (Size nh\u1ecf), thi\u1ebft k\u1ebf g\u1ecdn g\u00e0ng \u0111\u1ec3 c\u00f3 th\u1ec3 l\u1eafp 1, 2 ho\u1eb7c 3 h\u1ea1t tr\u00ean c\u00f9ng m\u1ed9t m\u1eb7t vi\u1ec1n ch\u1eef nh\u1eadt.<\/span><\/li>\n<li data-sfc-cp=\"\" data-sfc-root=\"c\" data-sfc-cb=\"\" data-hveid=\"CAEIAxAD\" data-complete=\"true\" data-sae=\"\"><span style=\"font-family: 'times new roman', times, serif; font-size: 14pt; color: #000000;\">Th\u00f4ng s\u1ed1 k\u1ef9 thu\u1eadt:<\/span>\n<ul data-sfc-root=\"c\" data-sfc-cb=\"\" data-complete=\"true\">\n<li data-sfc-cp=\"\" data-sfc-root=\"c\" data-sfc-cb=\"\" data-hveid=\"CAEIAxAE\" data-complete=\"true\" data-sae=\"\"><span style=\"font-family: 'times new roman', times, serif; font-size: 14pt; color: #000000;\">M\u00e3 s\u1ea3n ph\u1ea9m:\u00a0V9.1-PGK12-SS.<\/span><\/li>\n<li data-sfc-cp=\"\" data-sfc-root=\"c\" data-sfc-cb=\"\" data-hveid=\"CAEIAxAF\" data-complete=\"true\" data-sae=\"\"><span style=\"font-family: 'times new roman', times, serif; font-size: 14pt; color: #000000;\">D\u00f2ng \u0111i\u1ec7n\/\u0110i\u1ec7n \u00e1p:\u00a016A \/ 250V.<\/span><\/li>\n<li data-sfc-cp=\"\" data-sfc-root=\"c\" data-sfc-cb=\"\" data-hveid=\"CAEIAxAG\" data-complete=\"true\" data-sae=\"\"><span style=\"font-family: 'times new roman', times, serif; font-size: 14pt; color: #000000;\">Ch\u1ea5t li\u1ec7u:\u00a0V\u1ecf nh\u1ef1a PC cao c\u1ea5p; h\u1ec7 th\u1ed1ng c\u01a1 c\u1ea5u b\u1eadp b\u00eanh v\u1edbi ti\u1ebfp \u0111i\u1ec3m \u0111\u1ed3ng m\u1ea1 b\u1ea1c t\u0103ng \u0111\u1ed9 d\u1eabn \u0111i\u1ec7n v\u00e0 tu\u1ed5i th\u1ecd.<\/span><\/li>\n<\/ul>\n<\/li>\n<li data-sfc-cp=\"\" data-sfc-root=\"c\" data-sfc-cb=\"\" data-hveid=\"CAEIAxAH\" data-complete=\"true\" data-sae=\"\"><span style=\"font-family: 'times new roman', times, serif; font-size: 14pt; color: #000000;\" data-sfc-cp=\"\" data-sfc-root=\"c\" data-sfc-cb=\"\" data-complete=\"true\" aria-owns=\"action-menu-parent-container\">\u1ee8ng d\u1ee5ng:\u00a0Th\u01b0\u1eddng \u0111\u01b0\u1ee3c l\u1eafp \u0111\u1eb7t trong c\u00e1c kh\u00f4ng gian y\u00eau c\u1ea7u t\u00ednh th\u1ea9m m\u1ef9 cao nh\u01b0 bi\u1ec7t th\u1ef1, kh\u00e1ch s\u1ea1n ho\u1eb7c c\u0103n h\u1ed9 cao c\u1ea5p.<\/span><\/li>\n<\/ul>\n<div id=\"attachment_14588\" style=\"width: 610px\" class=\"wp-caption aligncenter\"><img decoding=\"async\" aria-describedby=\"caption-attachment-14588\" class=\"wp-image-14588 size-full\" src=\"http:\/\/thietbidienlama.com\/wp-content\/uploads\/2026\/04\/tron-bo-3-Cong-Tac-2-Chieu-UTEN-V9.1-Mau-Vang-Co-S.jpg\" alt=\"Tr\u1ecdn B\u1ed9 3 C\u00f4ng T\u1eafc 2 Chi\u1ec1u UTEN V9.1 M\u00e0u V\u00e0ng C\u1ee1 S\" width=\"600\" height=\"409\" srcset=\"https:\/\/thietbidienlama.com\/wp-content\/uploads\/2026\/04\/tron-bo-3-Cong-Tac-2-Chieu-UTEN-V9.1-Mau-Vang-Co-S.jpg 600w, https:\/\/thietbidienlama.com\/wp-content\/uploads\/2026\/04\/tron-bo-3-Cong-Tac-2-Chieu-UTEN-V9.1-Mau-Vang-Co-S-300x205.jpg 300w, https:\/\/thietbidienlama.com\/wp-content\/uploads\/2026\/04\/tron-bo-3-Cong-Tac-2-Chieu-UTEN-V9.1-Mau-Vang-Co-S-18x12.jpg 18w, https:\/\/thietbidienlama.com\/wp-content\/uploads\/2026\/04\/tron-bo-3-Cong-Tac-2-Chieu-UTEN-V9.1-Mau-Vang-Co-S-150x102.jpg 150w\" sizes=\"(max-width: 600px) 100vw, 600px\" \/><p id=\"caption-attachment-14588\" class=\"wp-caption-text\">\u00a0 \u00a0 \u00a0 \u00a0 \u00a0 \u00a0 \u00a0 \u00a0 \u00a0 \u00a0 \u00a0 \u00a0 \u00a0 Tr\u1ecdn B\u1ed9 3 C\u00f4ng T\u1eafc 2 Chi\u1ec1u UTEN V9.1 M\u00e0u V\u00e0ng C\u1ee1 S<\/p><\/div>\n<p><span style=\"font-size: 12pt; color: #000000;\"><strong>Facebook:\u00a0<span style=\"color: #ff6600;\"><a style=\"color: #ff6600;\" href=\"https:\/\/www.facebook.com\/thietbidienlama\" target=\"_blank\" rel=\"noopener\">THI\u1ebeT\u00a0B\u1eca \u0110I\u1ec6N LAMA<\/a><\/span><\/strong><\/span><\/p>\n<p><span style=\"font-size: 12pt; color: #000000;\"><strong>Tiktok:\u00a0<span style=\"color: #ff6600;\"><a style=\"color: #ff6600;\" href=\"https:\/\/www.tiktok.com\/@thietbidienlama\" target=\"_blank\" rel=\"noopener\">THI\u1ebeT\u00a0B\u1eca \u0110I\u1ec6N LAMA<\/a><\/span><\/strong><\/span><\/p>\n<p><span style=\"font-size: 12pt; color: #000000;\"><strong>Youtube: <span style=\"color: #ff6600;\"><a style=\"color: #ff6600;\" href=\"https:\/\/www.youtube.com\/@thietbidienlama\" target=\"_blank\" rel=\"noopener\">THI\u1ebeT\u00a0B\u1eca \u0110I\u1ec6N LAMA<\/a><\/span><\/strong><\/span><\/p>","protected":false},"excerpt":{"rendered":"<p>H\u1ea1t C\u00f4ng T\u1eafc 2 Chi\u1ec1u UTEN V9.1 M\u00e0u V\u00e0ng C\u1ee1 S PGK12-SS H\u1ea1t c\u00f4ng t\u1eafc 2 chi\u1ec1u c\u1ee1 S thu\u1ed9c<\/p>","protected":false},"featured_media":14589,"comment_status":"closed","ping_status":"closed","template":"","meta":[],"product_brand":[],"product_cat":[1082,979],"product_tag":[691,1086,1085],"class_list":{"0":"post-14587","1":"product","2":"type-product","3":"status-publish","4":"has-post-thumbnail","6":"product_cat-cong-tac-uten-v9-1","7":"product_cat-cong-tac-uten","8":"product_tag-cong-tac-2-chieu","9":"product_tag-cong-tac-2-chieu-uten-v9-1","10":"product_tag-cong-tac-2-chieu-uten-v9-1-mau-vang","12":"first","13":"instock","14":"sale","15":"shipping-taxable","16":"purchasable","17":"product-type-simple"},"_links":{"self":[{"href":"https:\/\/thietbidienlama.com\/en\/wp-json\/wp\/v2\/product\/14587","targetHints":{"allow":["GET"]}}],"collection":[{"href":"https:\/\/thietbidienlama.com\/en\/wp-json\/wp\/v2\/product"}],"about":[{"href":"https:\/\/thietbidienlama.com\/en\/wp-json\/wp\/v2\/types\/product"}],"replies":[{"embeddable":true,"href":"https:\/\/thietbidienlama.com\/en\/wp-json\/wp\/v2\/comments?post=14587"}],"version-history":[{"count":1,"href":"https:\/\/thietbidienlama.com\/en\/wp-json\/wp\/v2\/product\/14587\/revisions"}],"predecessor-version":[{"id":14590,"href":"https:\/\/thietbidienlama.com\/en\/wp-json\/wp\/v2\/product\/14587\/revisions\/14590"}],"wp:featuredmedia":[{"embeddable":true,"href":"https:\/\/thietbidienlama.com\/en\/wp-json\/wp\/v2\/media\/14589"}],"wp:attachment":[{"href":"https:\/\/thietbidienlama.com\/en\/wp-json\/wp\/v2\/media?parent=14587"}],"wp:term":[{"taxonomy":"product_brand","embeddable":true,"href":"https:\/\/thietbidienlama.com\/en\/wp-json\/wp\/v2\/product_brand?post=14587"},{"taxonomy":"product_cat","embeddable":true,"href":"https:\/\/thietbidienlama.com\/en\/wp-json\/wp\/v2\/product_cat?post=14587"},{"taxonomy":"product_tag","embeddable":true,"href":"https:\/\/thietbidienlama.com\/en\/wp-json\/wp\/v2\/product_tag?post=14587"}],"curies":[{"name":"wp","href":"https:\/\/api.w.org\/{rel}","templated":true}]}}