{"id":14598,"date":"2026-04-27T08:12:58","date_gmt":"2026-04-27T01:12:58","guid":{"rendered":"https:\/\/thietbidienlama.com\/?post_type=product&#038;p=14598"},"modified":"2026-04-27T11:24:25","modified_gmt":"2026-04-27T04:24:25","slug":"hat-cong-tac-2-chieu-uten-a8-mau-den-co-s","status":"publish","type":"product","link":"https:\/\/thietbidienlama.com\/en\/hat-cong-tac-2-chieu-uten-a8-mau-den-co-s\/","title":{"rendered":"H\u1ea1t C\u00f4ng T\u1eafc 2 Chi\u1ec1u UTEN A8 M\u00e0u \u0110en C\u1ee1 S PGK12-SS"},"content":{"rendered":"<h1 style=\"text-align: center;\"><span style=\"font-family: 'times new roman', times, serif; font-size: 18pt; color: #000000;\">H\u1ea1t C\u00f4ng T\u1eafc 2 Chi\u1ec1u UTEN A8 M\u00e0u \u0110en C\u1ee1 S PGK12-SS<\/span><\/h1>\n<div data-sfc-cp=\"\" data-sfc-root=\"c\" data-sfc-cb=\"\" data-hveid=\"CAEIAhAA\" data-processed=\"true\" data-complete=\"true\"><span style=\"font-family: 'times new roman', times, serif; font-size: 14pt; color: #000000;\">H\u1ea1t c\u00f4ng t\u1eafc 2 chi\u1ec1u Uten A8 M\u00e0u \u0110en C\u1ee1 S PGK12-SS (c\u00f2n g\u1ecdi l\u00e0 <span style=\"color: #ff6600;\"><strong><a style=\"color: #ff6600;\" href=\"https:\/\/thietbidienlama.com\/cong-tac-uten\/\">c\u00f4ng t\u1eafc uten<\/a><\/strong><\/span> \u0111\u1ea3o chi\u1ec1u) l\u00e0 thi\u1ebft b\u1ecb cao c\u1ea5p chuy\u00ean d\u00f9ng \u0111\u1ec3 \u0111i\u1ec1u khi\u1ec3n m\u1ed9t b\u00f3ng \u0111\u00e8n t\u1eeb hai v\u1ecb tr\u00ed kh\u00e1c nhau, ph\u1ed5 bi\u1ebfn trong l\u1eafp \u0111\u1eb7t m\u1ea1ch \u0111i\u1ec7n c\u1ea7u thang ho\u1eb7c \u0111\u00e8n ph\u00f2ng ng\u1ee7.<\/span><\/div>\n<div data-sfc-cp=\"\" data-sfc-root=\"c\" data-sfc-cb=\"\" data-hveid=\"CAEIAhAA\" data-processed=\"true\" data-complete=\"true\">\n<div id=\"attachment_14599\" style=\"width: 610px\" class=\"wp-caption aligncenter\"><img fetchpriority=\"high\" decoding=\"async\" aria-describedby=\"caption-attachment-14599\" class=\"wp-image-14599 size-full\" src=\"http:\/\/thietbidienlama.com\/wp-content\/uploads\/2026\/04\/Hat-Cong-Tac-2-Chieu-UTEN-A8-Mau-Den-Co-S-PGK12-SS.jpg\" alt=\"H\u1ea1t C\u00f4ng T\u1eafc 2 Chi\u1ec1u UTEN A8 M\u00e0u \u0110en C\u1ee1 S PGK12 SS\" width=\"600\" height=\"600\" srcset=\"https:\/\/thietbidienlama.com\/wp-content\/uploads\/2026\/04\/Hat-Cong-Tac-2-Chieu-UTEN-A8-Mau-Den-Co-S-PGK12-SS.jpg 600w, https:\/\/thietbidienlama.com\/wp-content\/uploads\/2026\/04\/Hat-Cong-Tac-2-Chieu-UTEN-A8-Mau-Den-Co-S-PGK12-SS-300x300.jpg 300w, https:\/\/thietbidienlama.com\/wp-content\/uploads\/2026\/04\/Hat-Cong-Tac-2-Chieu-UTEN-A8-Mau-Den-Co-S-PGK12-SS-150x150.jpg 150w, https:\/\/thietbidienlama.com\/wp-content\/uploads\/2026\/04\/Hat-Cong-Tac-2-Chieu-UTEN-A8-Mau-Den-Co-S-PGK12-SS-12x12.jpg 12w\" sizes=\"(max-width: 600px) 100vw, 600px\" \/><p id=\"caption-attachment-14599\" class=\"wp-caption-text\">H\u1ea1t C\u00f4ng T\u1eafc 2 Chi\u1ec1u UTEN A8 M\u00e0u \u0110en C\u1ee1 S PGK12 SS<\/p><\/div>\n<\/div>\n<div data-sfc-cp=\"\" data-sfc-root=\"c\" data-sfc-cb=\"\" data-complete=\"true\" data-processed=\"true\"><\/div>\n<h2 role=\"heading\" aria-level=\"3\" data-sfc-root=\"c\" data-complete=\"true\" data-processed=\"true\"><span style=\"font-family: 'times new roman', times, serif; font-size: 18pt; color: #ff6600;\">Th\u00f4ng s\u1ed1 k\u1ef9 thu\u1eadt<\/span><\/h2>\n<ul data-sfc-root=\"c\" data-sfc-cb=\"\" data-complete=\"true\" data-processed=\"true\">\n<li data-sfc-cp=\"\" data-sfc-root=\"c\" data-sfc-cb=\"\" data-hveid=\"CAEIBBAA\" data-complete=\"true\" data-sae=\"\"><span style=\"font-family: 'times new roman', times, serif; font-size: 14pt; color: #000000;\">M\u00e3 s\u1ea3n ph\u1ea9m: A8-PGK12-SS.<\/span><\/li>\n<li data-sfc-cp=\"\" data-sfc-root=\"c\" data-sfc-cb=\"\" data-hveid=\"CAEIBBAB\" data-complete=\"true\" data-sae=\"\"><span style=\"font-family: 'times new roman', times, serif; font-size: 14pt; color: #000000;\">D\u00f2ng \u0111i\u1ec7n\/\u0110i\u1ec7n \u00e1p: 16A \/ 250V ~ 50\/60Hz.<\/span><\/li>\n<li data-sfc-cp=\"\" data-sfc-root=\"c\" data-sfc-cb=\"\" data-hveid=\"CAEIBBAC\" data-complete=\"true\" data-sae=\"\"><span style=\"font-family: 'times new roman', times, serif; font-size: 14pt; color: #000000;\">K\u00edch th\u01b0\u1edbc: C\u1ee1 S (Size S), thi\u1ebft k\u1ebf nh\u1ecf g\u1ecdn cho ph\u00e9p l\u1eafp \u0111\u1eb7t linh ho\u1ea1t (t\u1ed1i \u0111a 3 h\u1ea1t tr\u00ean m\u1ed9t m\u1eb7t \u0111\u01a1n chu\u1ea9n ch\u1eef nh\u1eadt).<\/span><\/li>\n<li data-sfc-cp=\"\" data-sfc-root=\"c\" data-sfc-cb=\"\" data-hveid=\"CAEIBBAD\" data-complete=\"true\" data-sae=\"\"><span style=\"font-family: 'times new roman', times, serif; font-size: 14pt; color: #000000;\" data-sfc-cp=\"\" data-sfc-root=\"c\" data-sfc-cb=\"\" data-complete=\"true\" aria-owns=\"action-menu-parent-container\">C\u1ea5u t\u1ea1o: Th\u00e2n v\u1ecf b\u1eb1ng nh\u1ef1a PC ch\u1ed1ng ch\u00e1y; h\u1ec7 th\u1ed1ng c\u01a1 c\u1ea5u b\u1eadp b\u00eanh v\u1edbi ti\u1ebfp \u0111i\u1ec3m \u0111\u1ed3ng m\u1ea1 b\u1ea1c d\u00e0y 0.35mm gi\u00fap t\u0103ng \u0111\u1ed9 b\u1ec1n v\u00e0 \u0111\u1ed9 d\u1eabn \u0111i\u1ec7n.<\/span><\/li>\n<\/ul>\n<div id=\"attachment_14595\" style=\"width: 610px\" class=\"wp-caption aligncenter\"><img decoding=\"async\" aria-describedby=\"caption-attachment-14595\" class=\"wp-image-14595 size-full\" src=\"http:\/\/thietbidienlama.com\/wp-content\/uploads\/2026\/04\/cong-tac-uten-A8-Ket-Hop-Mat-Uten-VPRO-Mau-Den.png\" alt=\"C\u00f4ng T\u1eafc Uten A8 K\u1ebft H\u1ee3p M\u1eb7t Uten VPRO M\u00e0u \u0110en\" width=\"600\" height=\"387\" srcset=\"https:\/\/thietbidienlama.com\/wp-content\/uploads\/2026\/04\/cong-tac-uten-A8-Ket-Hop-Mat-Uten-VPRO-Mau-Den.png 600w, https:\/\/thietbidienlama.com\/wp-content\/uploads\/2026\/04\/cong-tac-uten-A8-Ket-Hop-Mat-Uten-VPRO-Mau-Den-300x194.png 300w, https:\/\/thietbidienlama.com\/wp-content\/uploads\/2026\/04\/cong-tac-uten-A8-Ket-Hop-Mat-Uten-VPRO-Mau-Den-18x12.png 18w, https:\/\/thietbidienlama.com\/wp-content\/uploads\/2026\/04\/cong-tac-uten-A8-Ket-Hop-Mat-Uten-VPRO-Mau-Den-150x97.png 150w\" sizes=\"(max-width: 600px) 100vw, 600px\" \/><p id=\"caption-attachment-14595\" class=\"wp-caption-text\">C\u00f4ng T\u1eafc Uten A8 K\u1ebft H\u1ee3p M\u1eb7t Uten VPRO M\u00e0u \u0110en<\/p><\/div>\n<div id=\"attachment_14594\" style=\"width: 610px\" class=\"wp-caption aligncenter\"><img decoding=\"async\" aria-describedby=\"caption-attachment-14594\" class=\"wp-image-14594 size-full\" src=\"http:\/\/thietbidienlama.com\/wp-content\/uploads\/2026\/04\/cong-tac-uten-A8-Ket-Hop-Mat-Uten-A8.1.png\" alt=\"C\u00f4ng T\u1eafc Uten A8 K\u1ebft H\u1ee3p M\u1eb7t Uten A8.1\" width=\"600\" height=\"399\" srcset=\"https:\/\/thietbidienlama.com\/wp-content\/uploads\/2026\/04\/cong-tac-uten-A8-Ket-Hop-Mat-Uten-A8.1.png 600w, https:\/\/thietbidienlama.com\/wp-content\/uploads\/2026\/04\/cong-tac-uten-A8-Ket-Hop-Mat-Uten-A8.1-300x200.png 300w, https:\/\/thietbidienlama.com\/wp-content\/uploads\/2026\/04\/cong-tac-uten-A8-Ket-Hop-Mat-Uten-A8.1-18x12.png 18w, https:\/\/thietbidienlama.com\/wp-content\/uploads\/2026\/04\/cong-tac-uten-A8-Ket-Hop-Mat-Uten-A8.1-150x100.png 150w\" sizes=\"(max-width: 600px) 100vw, 600px\" \/><p id=\"caption-attachment-14594\" class=\"wp-caption-text\">C\u00f4ng T\u1eafc Uten A8 K\u1ebft H\u1ee3p M\u1eb7t Uten A8.1<\/p><\/div>\n<h2 role=\"heading\" aria-level=\"3\" data-sfc-root=\"c\" data-complete=\"true\" data-processed=\"true\"><span style=\"font-family: 'times new roman', times, serif; font-size: 18pt; color: #ff6600;\">\u01afu \u0111i\u1ec3m n\u1ed5i b\u1eadt<\/span><\/h2>\n<ul data-sfc-root=\"c\" data-sfc-cb=\"\" data-complete=\"true\" data-processed=\"true\">\n<li data-sfc-cp=\"\" data-sfc-root=\"c\" data-sfc-cb=\"\" data-hveid=\"CAEICBAA\" data-complete=\"true\" data-sae=\"\"><span style=\"font-family: 'times new roman', times, serif; font-size: 14pt; color: #000000;\">Th\u1ea9m m\u1ef9 cao: M\u00e0u \u0111en m\u1edd (Black Matte) sang tr\u1ecdng, ch\u1ed1ng b\u00e1m v\u00e2n tay, ph\u00f9 h\u1ee3p v\u1edbi c\u00e1c kh\u00f4ng gian n\u1ed9i th\u1ea5t hi\u1ec7n \u0111\u1ea1i v\u00e0 cao c\u1ea5p.<\/span><\/li>\n<li data-sfc-cp=\"\" data-sfc-root=\"c\" data-sfc-cb=\"\" data-hveid=\"CAEICBAB\" data-complete=\"true\" data-sae=\"\"><span style=\"font-family: 'times new roman', times, serif; font-size: 14pt; color: #000000;\">V\u1eadn h\u00e0nh \u00eam \u00e1i: C\u01a1 ch\u1ebf nh\u1ea5n b\u1eadp b\u00eanh nh\u1ea1y, kh\u00f4ng g\u00e2y ti\u1ebfng \u1ed3n l\u1edbn, \u0111\u1ed9 b\u1ec1n c\u01a1 h\u1ecdc cao tr\u00ean 40.000 l\u1ea7n b\u1eadt\/t\u1eaft.<\/span><\/li>\n<li data-sfc-cp=\"\" data-sfc-root=\"c\" data-sfc-cb=\"\" data-hveid=\"CAEICBAC\" data-complete=\"true\" data-sae=\"\"><span style=\"font-family: 'times new roman', times, serif; font-size: 14pt; color: #000000;\" data-sfc-cp=\"\" data-sfc-root=\"c\" data-sfc-cb=\"\" data-complete=\"true\" aria-owns=\"action-menu-parent-container\">T\u00ednh \u0111\u1ed3ng b\u1ed9: D\u1ec5 d\u00e0ng k\u1ebft h\u1ee3p v\u1edbi c\u00e1c lo\u1ea1i m\u1eb7t che d\u00f2ng A8 (m\u1eb7t nh\u00f4m x\u01b0\u1edbc, m\u1eb7t k\u00ednh) \u0111\u1ec3 t\u1ea1o n\u00ean b\u1ed9 c\u00f4ng t\u1eafc ho\u00e0n ch\u1ec9nh.<\/span><\/li>\n<\/ul>\n<p><span style=\"font-size: 12pt; color: #000000;\"><strong>Facebook:\u00a0<span style=\"color: #ff6600;\"><a style=\"color: #ff6600;\" href=\"https:\/\/www.facebook.com\/thietbidienlama\" target=\"_blank\" rel=\"noopener\">THI\u1ebeT\u00a0B\u1eca \u0110I\u1ec6N LAMA<\/a><\/span><\/strong><\/span><\/p>\n<p><span style=\"font-size: 12pt; color: #000000;\"><strong>Tiktok:\u00a0<span style=\"color: #ff6600;\"><a style=\"color: #ff6600;\" href=\"https:\/\/www.tiktok.com\/@thietbidienlama\" target=\"_blank\" rel=\"noopener\">THI\u1ebeT\u00a0B\u1eca \u0110I\u1ec6N LAMA<\/a><\/span><\/strong><\/span><\/p>\n<p><span style=\"font-size: 12pt; color: #000000;\"><strong>Youtube: <span style=\"color: #ff6600;\"><a style=\"color: #ff6600;\" href=\"https:\/\/www.youtube.com\/@thietbidienlama\" target=\"_blank\" rel=\"noopener\">THI\u1ebeT\u00a0B\u1eca \u0110I\u1ec6N LAMA<\/a><\/span><\/strong><\/span><\/p>","protected":false},"excerpt":{"rendered":"<p>H\u1ea1t C\u00f4ng T\u1eafc 2 Chi\u1ec1u UTEN A8 M\u00e0u \u0110en C\u1ee1 S PGK12-SS H\u1ea1t c\u00f4ng t\u1eafc 2 chi\u1ec1u Uten A8 M\u00e0u<\/p>","protected":false},"featured_media":14599,"comment_status":"closed","ping_status":"closed","template":"","meta":[],"product_brand":[],"product_cat":[1087,979],"product_tag":[1089],"class_list":{"0":"post-14598","1":"product","2":"type-product","3":"status-publish","4":"has-post-thumbnail","6":"product_cat-cong-tac-uten-a8","7":"product_cat-cong-tac-uten","8":"product_tag-cong-tac-2-chieu-uten-a8","10":"first","11":"instock","12":"sale","13":"shipping-taxable","14":"purchasable","15":"product-type-simple"},"_links":{"self":[{"href":"https:\/\/thietbidienlama.com\/en\/wp-json\/wp\/v2\/product\/14598","targetHints":{"allow":["GET"]}}],"collection":[{"href":"https:\/\/thietbidienlama.com\/en\/wp-json\/wp\/v2\/product"}],"about":[{"href":"https:\/\/thietbidienlama.com\/en\/wp-json\/wp\/v2\/types\/product"}],"replies":[{"embeddable":true,"href":"https:\/\/thietbidienlama.com\/en\/wp-json\/wp\/v2\/comments?post=14598"}],"version-history":[{"count":5,"href":"https:\/\/thietbidienlama.com\/en\/wp-json\/wp\/v2\/product\/14598\/revisions"}],"predecessor-version":[{"id":14604,"href":"https:\/\/thietbidienlama.com\/en\/wp-json\/wp\/v2\/product\/14598\/revisions\/14604"}],"wp:featuredmedia":[{"embeddable":true,"href":"https:\/\/thietbidienlama.com\/en\/wp-json\/wp\/v2\/media\/14599"}],"wp:attachment":[{"href":"https:\/\/thietbidienlama.com\/en\/wp-json\/wp\/v2\/media?parent=14598"}],"wp:term":[{"taxonomy":"product_brand","embeddable":true,"href":"https:\/\/thietbidienlama.com\/en\/wp-json\/wp\/v2\/product_brand?post=14598"},{"taxonomy":"product_cat","embeddable":true,"href":"https:\/\/thietbidienlama.com\/en\/wp-json\/wp\/v2\/product_cat?post=14598"},{"taxonomy":"product_tag","embeddable":true,"href":"https:\/\/thietbidienlama.com\/en\/wp-json\/wp\/v2\/product_tag?post=14598"}],"curies":[{"name":"wp","href":"https:\/\/api.w.org\/{rel}","templated":true}]}}