{"id":14623,"date":"2026-04-27T15:09:30","date_gmt":"2026-04-27T08:09:30","guid":{"rendered":"https:\/\/thietbidienlama.com\/?post_type=product&#038;p=14623"},"modified":"2026-04-27T15:09:31","modified_gmt":"2026-04-27T08:09:31","slug":"mat-cong-tac-uten-3-thiet-bi-mau-den-a8-1-pm3","status":"publish","type":"product","link":"https:\/\/thietbidienlama.com\/en\/mat-cong-tac-uten-3-thiet-bi-mau-den-a8-1-pm3\/","title":{"rendered":"M\u1eb7t C\u00f4ng T\u1eafc UTEN 3 Thi\u1ebft B\u1ecb M\u00e0u \u0110en A8.1 PM3"},"content":{"rendered":"<h1 style=\"text-align: center;\"><span style=\"font-family: 'times new roman', times, serif; font-size: 18pt; color: #000000;\">M\u1eb7t C\u00f4ng T\u1eafc UTEN 3 Thi\u1ebft B\u1ecb M\u00e0u \u0110en A8.1 PM3<\/span><\/h1>\n<div data-sfc-cp=\"\" data-sfc-root=\"c\" data-sfc-cb=\"\" data-hveid=\"CAEIARAA\" data-processed=\"true\" data-complete=\"true\"><span style=\"font-family: 'times new roman', times, serif; font-size: 14pt; color: #000000;\"><strong><span style=\"color: #ff6600;\"><a style=\"color: #ff6600;\" href=\"https:\/\/thietbidienlama.com\/mat-cong-tac-uten\/\">M\u1eb7t c\u00f4ng t\u1eafc\u00a0UTEN<\/a><\/span><\/strong> 3 Thi\u1ebft B\u1ecb\u00a0 M\u00e0u \u0110en A8.1 PM3\u00a0l\u00e0 d\u00f2ng m\u1eb7t che l\u1edbn nh\u1ea5t cho c\u00e1c h\u1ea1t c\u1ee1 S, cho ph\u00e9p b\u1ea1n l\u1eafp \u0111\u1eb7t t\u1ed1i \u0111a\u00a03 thi\u1ebft b\u1ecb\u00a0tr\u00ean c\u00f9ng m\u1ed9t b\u1ea3ng \u0111i\u1ec7n.<\/span><\/div>\n<div data-sfc-cp=\"\" data-sfc-root=\"c\" data-sfc-cb=\"\" data-complete=\"true\" data-processed=\"true\">\n<div id=\"attachment_14626\" style=\"width: 610px\" class=\"wp-caption aligncenter\"><img fetchpriority=\"high\" decoding=\"async\" aria-describedby=\"caption-attachment-14626\" class=\"wp-image-14626 size-full\" src=\"http:\/\/thietbidienlama.com\/wp-content\/uploads\/2026\/04\/Mat-Cong-Tac-UTEN-3-Thiet-Bi-Mau-Den-A8.1-PM3.jpg\" alt=\"M\u1eb7t C\u00f4ng T\u1eafc UTEN 3 Thi\u1ebft B\u1ecb M\u00e0u \u0110en A8.1 PM3\" width=\"600\" height=\"600\" srcset=\"https:\/\/thietbidienlama.com\/wp-content\/uploads\/2026\/04\/Mat-Cong-Tac-UTEN-3-Thiet-Bi-Mau-Den-A8.1-PM3.jpg 600w, https:\/\/thietbidienlama.com\/wp-content\/uploads\/2026\/04\/Mat-Cong-Tac-UTEN-3-Thiet-Bi-Mau-Den-A8.1-PM3-300x300.jpg 300w, https:\/\/thietbidienlama.com\/wp-content\/uploads\/2026\/04\/Mat-Cong-Tac-UTEN-3-Thiet-Bi-Mau-Den-A8.1-PM3-150x150.jpg 150w, https:\/\/thietbidienlama.com\/wp-content\/uploads\/2026\/04\/Mat-Cong-Tac-UTEN-3-Thiet-Bi-Mau-Den-A8.1-PM3-12x12.jpg 12w\" sizes=\"(max-width: 600px) 100vw, 600px\" \/><p id=\"caption-attachment-14626\" class=\"wp-caption-text\">\u00a0 \u00a0 \u00a0 \u00a0 \u00a0 \u00a0 \u00a0 \u00a0 \u00a0 \u00a0 \u00a0 \u00a0 \u00a0 \u00a0 \u00a0 \u00a0 \u00a0 \u00a0 M\u1eb7t C\u00f4ng T\u1eafc UTEN 3 Thi\u1ebft B\u1ecb M\u00e0u \u0110en A8.1 PM3<\/p><\/div>\n<\/div>\n<h2 role=\"heading\" aria-level=\"3\" data-sfc-root=\"c\" data-complete=\"true\" data-processed=\"true\"><span style=\"font-family: 'times new roman', times, serif; font-size: 18pt; color: #ff6600;\">Th\u00f4ng s\u1ed1 k\u1ef9 thu\u1eadt<\/span><\/h2>\n<ul data-sfc-root=\"c\" data-sfc-cb=\"\" data-complete=\"true\" data-processed=\"true\">\n<li data-sfc-cp=\"\" data-sfc-root=\"c\" data-sfc-cb=\"\" data-hveid=\"CAEIAxAA\" data-complete=\"true\" data-sae=\"\"><span style=\"font-family: 'times new roman', times, serif; font-size: 14pt; color: #000000;\">M\u00e3 s\u1ea3n ph\u1ea9m: A8.1 PM3.<\/span><\/li>\n<li data-sfc-cp=\"\" data-sfc-root=\"c\" data-sfc-cb=\"\" data-hveid=\"CAEIAxAB\" data-complete=\"true\" data-sae=\"\"><span style=\"font-family: 'times new roman', times, serif; font-size: 14pt; color: #000000;\">S\u1ed1 l\u01b0\u1ee3ng thi\u1ebft b\u1ecb: L\u1eafp v\u1eeba kh\u00edt\u00a03 h\u1ea1t c\u1ee1 S\u00a0(nh\u01b0 PGK11-SS ho\u1eb7c PGK12-SS).<\/span><\/li>\n<li data-sfc-cp=\"\" data-sfc-root=\"c\" data-sfc-cb=\"\" data-hveid=\"CAEIAxAC\" data-complete=\"true\" data-sae=\"\"><span style=\"font-family: 'times new roman', times, serif; font-size: 14pt; color: #000000;\">Ch\u1ea5t li\u1ec7u: H\u1ee3p kim nh\u00f4m x\u01b0\u1edbc m\u00e0u \u0111en cao c\u1ea5p, ch\u1ed1ng v\u00e2n tay v\u00e0 ch\u1ed1ng tr\u1ea7y x\u01b0\u1edbc.<\/span><\/li>\n<li data-sfc-cp=\"\" data-sfc-root=\"c\" data-sfc-cb=\"\" data-hveid=\"CAEIAxAD\" data-complete=\"true\" data-sae=\"\"><span style=\"font-family: 'times new roman', times, serif; font-size: 14pt; color: #000000;\">C\u1ea5u t\u1ea1o: Khung th\u00e9p \u0111\u1ecbnh h\u00ecnh b\u00ean trong d\u00e0y d\u1eb7n, gi\u00fap c\u1ed1 \u0111\u1ecbnh 3 h\u1ea1t c\u00f4ng t\u1eafc th\u1eb3ng h\u00e0ng, kh\u00f4ng b\u1ecb x\u00f4 l\u1ec7ch khi s\u1eed d\u1ee5ng c\u01b0\u1eddng \u0111\u1ed9 cao.<\/span><\/li>\n<\/ul>\n<div data-sfc-cp=\"\" data-sfc-root=\"c\" data-sfc-cb=\"\" data-complete=\"true\" data-processed=\"true\">\n<div id=\"attachment_14625\" style=\"width: 610px\" class=\"wp-caption aligncenter\"><img decoding=\"async\" aria-describedby=\"caption-attachment-14625\" class=\"wp-image-14625 size-full\" src=\"http:\/\/thietbidienlama.com\/wp-content\/uploads\/2026\/04\/Mat-3-cong-tac-UTEN-Mau-Den.jpg\" alt=\"M\u1eb7t 3 C\u00f4ng T\u1eafc UTEN M\u00e0u \u0110en\" width=\"600\" height=\"390\" srcset=\"https:\/\/thietbidienlama.com\/wp-content\/uploads\/2026\/04\/Mat-3-cong-tac-UTEN-Mau-Den.jpg 600w, https:\/\/thietbidienlama.com\/wp-content\/uploads\/2026\/04\/Mat-3-cong-tac-UTEN-Mau-Den-300x195.jpg 300w, https:\/\/thietbidienlama.com\/wp-content\/uploads\/2026\/04\/Mat-3-cong-tac-UTEN-Mau-Den-18x12.jpg 18w, https:\/\/thietbidienlama.com\/wp-content\/uploads\/2026\/04\/Mat-3-cong-tac-UTEN-Mau-Den-150x98.jpg 150w\" sizes=\"(max-width: 600px) 100vw, 600px\" \/><p id=\"caption-attachment-14625\" class=\"wp-caption-text\">\u00a0 \u00a0 \u00a0 \u00a0 \u00a0 \u00a0 \u00a0 \u00a0 \u00a0 \u00a0 \u00a0 \u00a0 \u00a0 \u00a0 \u00a0 \u00a0 \u00a0 \u00a0 \u00a0 \u00a0M\u1eb7t 3 C\u00f4ng T\u1eafc UTEN M\u00e0u \u0110en<\/p><\/div>\n<\/div>\n<div role=\"heading\" aria-level=\"3\" data-animation-nesting=\"\" data-sfc-cp=\"\" data-sfc-root=\"c\" data-sfc-cb=\"\" data-complete=\"true\" data-processed=\"true\" data-sae=\"\"><span style=\"font-family: 'times new roman', times, serif; font-size: 14pt; color: #000000;\">G\u1ee3i \u00fd ph\u1ed1i h\u1ee3p b\u1ed9 3 ho\u00e0n ch\u1ec9nh<\/span><\/div>\n<div data-sfc-cp=\"\" data-sfc-root=\"c\" data-sfc-cb=\"\" data-hveid=\"CAEIBxAA\" data-complete=\"true\" data-processed=\"true\"><span style=\"font-family: 'times new roman', times, serif; font-size: 14pt; color: #000000;\">V\u1edbi m\u1eb7t\u00a0A8.1 PM3, b\u1ea1n c\u00f3 th\u1ec3 t\u1ea1o th\u00e0nh c\u00e1c b\u1ed9 ch\u1ee9c n\u0103ng r\u1ea5t ti\u1ec7n l\u1ee3i:<\/span><\/div>\n<ul data-sfc-root=\"c\" data-sfc-cb=\"\" data-complete=\"true\" data-processed=\"true\">\n<li data-sfc-cp=\"\" data-sfc-root=\"c\" data-sfc-cb=\"\" data-hveid=\"CAEICBAA\" data-complete=\"true\" data-sae=\"\"><span style=\"font-family: 'times new roman', times, serif; font-size: 14pt; color: #000000;\">B\u1ed9 3 c\u00f4ng t\u1eafc \u0111\u01a1n: \u0110i\u1ec1u khi\u1ec3n 3 khu v\u1ef1c \u0111\u00e8n ri\u00eang bi\u1ec7t (v\u00ed d\u1ee5: \u0111\u00e8n tr\u1ea7n, \u0111\u00e8n h\u1eaft, \u0111\u00e8n trang tr\u00ed).<\/span><\/li>\n<li data-sfc-cp=\"\" data-sfc-root=\"c\" data-sfc-cb=\"\" data-hveid=\"CAEICBAB\" data-complete=\"true\" data-sae=\"\"><span style=\"font-family: 'times new roman', times, serif; font-size: 14pt; color: #000000;\">B\u1ed9 k\u1ebft h\u1ee3p: L\u1eafp 2 c\u00f4ng t\u1eafc \u0111\u00e8n + 1 h\u1ea1t \u1ed5 c\u1eafm (c\u1ee1 S) \u0111\u1ec3 v\u1eeba b\u1eadt \u0111\u00e8n v\u1eeba c\u00f3 ch\u1ed7 c\u1eafm \u0111i\u1ec7n t\u1ea1i c\u00e1c v\u1ecb tr\u00ed nh\u01b0 b\u00e0n l\u00e0m vi\u1ec7c ho\u1eb7c k\u1ec7 tivi.<\/span><\/li>\n<\/ul>\n<div class=\"n6owBd awi2gc\" data-sfc-cp=\"\" data-sfc-root=\"c\" data-sfc-cb=\"\" data-hveid=\"CAEICRAA\" data-complete=\"true\" data-processed=\"true\"><span style=\"font-family: 'times new roman', times, serif; font-size: 14pt; color: #000000;\"><span style=\"font-family: 'times new roman', times, serif; font-size: 14pt; color: #000000;\">L\u01b0u \u00fd l\u1eafp \u0111\u1eb7t: V\u00ec m\u1eb7t n\u00e0y l\u1eafp 3 h\u1ea1t c\u1ee1 S n\u00ean kho\u1ea3ng c\u00e1ch gi\u1eefa c\u00e1c ph\u00edm nh\u1ea5n s\u1ebd<\/span><\/span><span style=\"font-family: 'times new roman', times, serif; font-size: 14pt; color: #000000;\"><span style=\"font-family: 'times new roman', times, serif; font-size: 14pt; color: #000000;\">s\u00e1t nhau. V\u1edbi m\u00e0u \u0111en to\u00e0n b\u1ed9, b\u1ed9 3 ph\u00edm n\u00e0y tr\u00f4ng r\u1ea5t tinh t\u1ebf nh\u01b0ng b\u1ea1n c\u1ea7n l\u01b0u \u00fd v\u1ecb tr\u00ed l\u1eafp \u0111\u1eb7t \u0111\u1ec3 tr\u00e1nh nh\u1ea7m l\u1eabn khi thao t\u00e1c trong b\u00f3ng t\u1ed1i.<\/span><\/span><\/p>\n<div id=\"attachment_14627\" style=\"width: 610px\" class=\"wp-caption aligncenter\"><img decoding=\"async\" aria-describedby=\"caption-attachment-14627\" class=\"wp-image-14627 size-full\" src=\"http:\/\/thietbidienlama.com\/wp-content\/uploads\/2026\/04\/Mat-2-O-Cam-Don-3-Chau-UTEN-Mau-Den.jpg\" alt=\"M\u1eb7t 2 \u1ed4 C\u1eafm \u0110\u01a1n 3 Ch\u1ea5u UTEN M\u00e0u \u0110en\" width=\"600\" height=\"379\" srcset=\"https:\/\/thietbidienlama.com\/wp-content\/uploads\/2026\/04\/Mat-2-O-Cam-Don-3-Chau-UTEN-Mau-Den.jpg 600w, https:\/\/thietbidienlama.com\/wp-content\/uploads\/2026\/04\/Mat-2-O-Cam-Don-3-Chau-UTEN-Mau-Den-300x190.jpg 300w, https:\/\/thietbidienlama.com\/wp-content\/uploads\/2026\/04\/Mat-2-O-Cam-Don-3-Chau-UTEN-Mau-Den-18x12.jpg 18w, https:\/\/thietbidienlama.com\/wp-content\/uploads\/2026\/04\/Mat-2-O-Cam-Don-3-Chau-UTEN-Mau-Den-150x95.jpg 150w\" sizes=\"(max-width: 600px) 100vw, 600px\" \/><p id=\"caption-attachment-14627\" class=\"wp-caption-text\">\u00a0 \u00a0 \u00a0 \u00a0 \u00a0 \u00a0 \u00a0 \u00a0 \u00a0 \u00a0 \u00a0 \u00a0 \u00a0 \u00a0 \u00a0 \u00a0 \u00a0 \u00a0 \u00a0M\u1eb7t 2 \u1ed4 C\u1eafm \u0110\u01a1n 3 Ch\u1ea5u UTEN M\u00e0u \u0110en<\/p><\/div>\n<\/div>\n<div data-sfc-cp=\"\" data-sfc-root=\"c\" data-sfc-cb=\"\" data-hveid=\"CAEICRAA\" data-complete=\"true\" data-processed=\"true\">\n<p><span style=\"font-size: 14pt; color: #000000; font-family: 'times new roman', times, serif;\"><strong>Facebook:\u00a0<span style=\"color: #ff6600;\"><a style=\"color: #ff6600;\" href=\"https:\/\/www.facebook.com\/thietbidienlama\" target=\"_blank\" rel=\"noopener\">THI\u1ebeT\u00a0B\u1eca \u0110I\u1ec6N LAMA<\/a><\/span><\/strong><\/span><\/p>\n<p><span style=\"font-size: 14pt; color: #000000; font-family: 'times new roman', times, serif;\"><strong>Tiktok:\u00a0<span style=\"color: #ff6600;\"><a style=\"color: #ff6600;\" href=\"https:\/\/www.tiktok.com\/@thietbidienlama\" target=\"_blank\" rel=\"noopener\">THI\u1ebeT\u00a0B\u1eca \u0110I\u1ec6N LAMA<\/a><\/span><\/strong><\/span><\/p>\n<p><span style=\"font-size: 14pt; color: #000000; font-family: 'times new roman', times, serif;\"><strong>Youtube: <span style=\"color: #ff6600;\"><a style=\"color: #ff6600;\" href=\"https:\/\/www.youtube.com\/@thietbidienlama\" target=\"_blank\" rel=\"noopener\">THI\u1ebeT\u00a0B\u1eca \u0110I\u1ec6N LAMA<\/a><\/span><\/strong><\/span><\/p>\n<\/div>","protected":false},"excerpt":{"rendered":"<p>M\u1eb7t C\u00f4ng T\u1eafc UTEN 3 Thi\u1ebft B\u1ecb M\u00e0u \u0110en A8.1 PM3 M\u1eb7t c\u00f4ng t\u1eafc\u00a0UTEN 3 Thi\u1ebft B\u1ecb\u00a0 M\u00e0u \u0110en A8.1<\/p>","protected":false},"featured_media":14626,"comment_status":"closed","ping_status":"closed","template":"","meta":[],"product_brand":[],"product_cat":[991,1090],"product_tag":[1093],"class_list":{"0":"post-14623","1":"product","2":"type-product","3":"status-publish","4":"has-post-thumbnail","6":"product_cat-mat-cong-tac-uten","7":"product_cat-mat-cong-tac-uten-a8-1","8":"product_tag-mat-cong-tac-uten-3-thiet-bi-mau-den","10":"first","11":"instock","12":"sale","13":"shipping-taxable","14":"purchasable","15":"product-type-simple"},"_links":{"self":[{"href":"https:\/\/thietbidienlama.com\/en\/wp-json\/wp\/v2\/product\/14623","targetHints":{"allow":["GET"]}}],"collection":[{"href":"https:\/\/thietbidienlama.com\/en\/wp-json\/wp\/v2\/product"}],"about":[{"href":"https:\/\/thietbidienlama.com\/en\/wp-json\/wp\/v2\/types\/product"}],"replies":[{"embeddable":true,"href":"https:\/\/thietbidienlama.com\/en\/wp-json\/wp\/v2\/comments?post=14623"}],"version-history":[{"count":1,"href":"https:\/\/thietbidienlama.com\/en\/wp-json\/wp\/v2\/product\/14623\/revisions"}],"predecessor-version":[{"id":14628,"href":"https:\/\/thietbidienlama.com\/en\/wp-json\/wp\/v2\/product\/14623\/revisions\/14628"}],"wp:featuredmedia":[{"embeddable":true,"href":"https:\/\/thietbidienlama.com\/en\/wp-json\/wp\/v2\/media\/14626"}],"wp:attachment":[{"href":"https:\/\/thietbidienlama.com\/en\/wp-json\/wp\/v2\/media?parent=14623"}],"wp:term":[{"taxonomy":"product_brand","embeddable":true,"href":"https:\/\/thietbidienlama.com\/en\/wp-json\/wp\/v2\/product_brand?post=14623"},{"taxonomy":"product_cat","embeddable":true,"href":"https:\/\/thietbidienlama.com\/en\/wp-json\/wp\/v2\/product_cat?post=14623"},{"taxonomy":"product_tag","embeddable":true,"href":"https:\/\/thietbidienlama.com\/en\/wp-json\/wp\/v2\/product_tag?post=14623"}],"curies":[{"name":"wp","href":"https:\/\/api.w.org\/{rel}","templated":true}]}}